{"id":3636,"date":"2025-12-03T08:39:01","date_gmt":"2025-12-03T08:39:01","guid":{"rendered":"https:\/\/kateteco.com\/?post_type=product&#038;p=3636"},"modified":"2025-12-03T08:39:02","modified_gmt":"2025-12-03T08:39:02","slug":"fisher-gasket-kit-hp-series-fisher-valves","status":"publish","type":"product","link":"https:\/\/kateteco.com\/de\/produkt\/fisher-gasket-kit-hp-series-fisher-valves\/","title":{"rendered":"12B7100X012; 12B7100X032 Fisher Dichtungssatz, HP-Serie, Fisher Ventile"},"content":{"rendered":"<p><span style=\"color: #000000;\">Bei Fragen zu technischen Spezifikationen, Kompatibilit\u00e4t oder Preisen der Fisher\u2122 Inline-Diffusoren wenden Sie sich bitte an das Kateteco-Vertriebsteam. Wir helfen Ihnen gerne, die optimale Durchflussregelungsl\u00f6sung f\u00fcr Ihre Anwendung zu finden.<\/span><\/p>","protected":false},"excerpt":{"rendered":"<p>Dieser Dichtungssatz ist f\u00fcr die Geh\u00e4useabdichtung von Fisher-Hochdruckregelventilen der HP-Serie (einschlie\u00dflich Modelle wie HPS, HPT, HPD) vorgesehen. Er besteht aus zwei spiralgewickelten Metalldichtungen und dient zur Abdichtung der Verbindung zwischen Ventildeckel und Ventilsitz.<\/p>","protected":false},"featured_media":3637,"comment_status":"open","ping_status":"closed","template":"","meta":[],"product_brand":[51,32],"product_cat":[15],"product_tag":[198,199],"class_list":{"0":"post-3636","1":"product","2":"type-product","3":"status-publish","4":"has-post-thumbnail","6":"product_brand-parts-series-fisher","7":"product_brand-fisher","8":"product_cat-uncategorized","9":"product_tag-fisher-gasket-kit","10":"product_tag-hp-series","12":"first","13":"instock","14":"shipping-taxable","15":"product-type-simple"},"_links":{"self":[{"href":"https:\/\/kateteco.com\/de\/wp-json\/wp\/v2\/product\/3636","targetHints":{"allow":["GET"]}}],"collection":[{"href":"https:\/\/kateteco.com\/de\/wp-json\/wp\/v2\/product"}],"about":[{"href":"https:\/\/kateteco.com\/de\/wp-json\/wp\/v2\/types\/product"}],"replies":[{"embeddable":true,"href":"https:\/\/kateteco.com\/de\/wp-json\/wp\/v2\/comments?post=3636"}],"version-history":[{"count":1,"href":"https:\/\/kateteco.com\/de\/wp-json\/wp\/v2\/product\/3636\/revisions"}],"predecessor-version":[{"id":3639,"href":"https:\/\/kateteco.com\/de\/wp-json\/wp\/v2\/product\/3636\/revisions\/3639"}],"wp:featuredmedia":[{"embeddable":true,"href":"https:\/\/kateteco.com\/de\/wp-json\/wp\/v2\/media\/3637"}],"wp:attachment":[{"href":"https:\/\/kateteco.com\/de\/wp-json\/wp\/v2\/media?parent=3636"}],"wp:term":[{"taxonomy":"product_brand","embeddable":true,"href":"https:\/\/kateteco.com\/de\/wp-json\/wp\/v2\/product_brand?post=3636"},{"taxonomy":"product_cat","embeddable":true,"href":"https:\/\/kateteco.com\/de\/wp-json\/wp\/v2\/product_cat?post=3636"},{"taxonomy":"product_tag","embeddable":true,"href":"https:\/\/kateteco.com\/de\/wp-json\/wp\/v2\/product_tag?post=3636"}],"curies":[{"name":"wp","href":"https:\/\/api.w.org\/{rel}","templated":true}]}}