{"id":3642,"date":"2025-12-03T08:47:19","date_gmt":"2025-12-03T08:47:19","guid":{"rendered":"https:\/\/kateteco.com\/?post_type=product&#038;p=3642"},"modified":"2025-12-03T08:47:19","modified_gmt":"2025-12-03T08:47:19","slug":"fisher-control-valve-packing-assembly","status":"publish","type":"product","link":"https:\/\/kateteco.com\/de\/produkt\/fisher-control-valve-packing-assembly\/","title":{"rendered":"RPACKX00112; RPACKX00122 Einfache Graphit-Fisher-Regelventil-Dichtungsbaugruppe"},"content":{"rendered":"<p class=\"ds-markdown-paragraph\"><strong>Graphitpackung<\/strong><\/p>\n<p class=\"ds-markdown-paragraph\"><strong>Verpackungsmerkmale<\/strong><\/p>\n<ul>\n<li>\n<p class=\"ds-markdown-paragraph\">Graphitpackungen eignen sich f\u00fcr Hochtemperaturanwendungen oder Anwendungen mit niedrigem Chlorgehalt.<\/p>\n<\/li>\n<li>\n<p class=\"ds-markdown-paragraph\">Gew\u00e4hrleistet leckagefreien Betrieb, hohe W\u00e4rmeleitf\u00e4higkeit und lange Lebensdauer.<\/p>\n<\/li>\n<li>\n<p class=\"ds-markdown-paragraph\">Kann mit den meisten schwer zu handhabenden Fl\u00fcssigkeiten verwendet werden und ist best\u00e4ndig gegen hohe Strahlung.<\/p>\n<\/li>\n<li>\n<p class=\"ds-markdown-paragraph\">Schmierung ist nicht erforderlich. Bei einer Stopfbuchsentemperatur \u00fcber 427 \u00b0C ist jedoch der Einsatz einer verl\u00e4ngerten Haube oder einer Stahlst\u00fctzkonstruktion notwendig. Diese Original-Einfachgraphit-Packung wurde speziell f\u00fcr Fisher-Regelventile entwickelt und bietet eine optimale Dichtungsl\u00f6sung f\u00fcr anspruchsvolle Betriebsbedingungen. Sie ist hochtemperaturbest\u00e4ndig, verf\u00fcgt \u00fcber eine ausgezeichnete W\u00e4rmeleitf\u00e4higkeit und gew\u00e4hrleistet eine zuverl\u00e4ssige, leckagefreie Abdichtung in chlorarmen Umgebungen. Besonders geeignet f\u00fcr den Umgang mit Hochtemperaturfl\u00fcssigkeiten, korrosiven Medien und Anwendungen mit Strahlung, sichert sie einen dauerhaft stabilen Ventilbetrieb.<\/p>\n<\/li>\n<\/ul>\n<p><span style=\"color: #000000;\">Bei Fragen zu technischen Spezifikationen, Kompatibilit\u00e4t oder Preisen der Fisher\u2122 Inline-Diffusoren wenden Sie sich bitte an das Kateteco-Vertriebsteam. Wir helfen Ihnen gerne, die optimale Durchflussregelungsl\u00f6sung f\u00fcr Ihre Anwendung zu finden.<\/span><\/p>","protected":false},"excerpt":{"rendered":"<div class=\"ds-message _63c77b1\">\n<div class=\"ds-markdown\">\n<p class=\"ds-markdown-paragraph\">Diese Original-Einfachgraphit-Dichtungssatzbaugruppe wurde speziell f\u00fcr Fisher-Regelventile entwickelt und bietet eine optimale Dichtungsl\u00f6sung f\u00fcr anspruchsvolle Betriebsbedingungen. Sie ist hochtemperaturbest\u00e4ndig und zeichnet sich durch hervorragende W\u00e4rmeleitf\u00e4higkeit aus, wodurch eine zuverl\u00e4ssige, leckagefreie Abdichtung auch in chlorarmen Umgebungen gew\u00e4hrleistet wird. Besonders geeignet f\u00fcr den Umgang mit Hochtemperaturfl\u00fcssigkeiten, korrosiven Medien und Anwendungen mit Strahlung, sichert sie einen dauerhaft stabilen Ventilbetrieb.<\/p>\n<\/div>\n<\/div>\n<div class=\"ds-theme\"><\/div>\n<div class=\"ds-flex _0a3d93b\">\n<div class=\"ds-flex _965abe9 _54866f7\">\n<div class=\"db183363 ds-icon-button ds-icon-button--m ds-icon-button--sizing-container\" tabindex=\"0\" role=\"button\" aria-disabled=\"false\">\n<div class=\"ds-icon-button__hover-bg\"><\/div>\n<div class=\"ds-icon\"><\/div>\n<div class=\"ds-focus-ring\"><\/div>\n<\/div>\n<div class=\"db183363 ds-icon-button ds-icon-button--m ds-icon-button--sizing-container\" tabindex=\"0\" role=\"button\" aria-disabled=\"false\">\n<div class=\"ds-icon-button__hover-bg\"><\/div>\n<div class=\"ds-icon\"><\/div>\n<div class=\"ds-focus-ring\"><\/div>\n<\/div>\n<div class=\"db183363 ds-icon-button ds-icon-button--m ds-icon-button--sizing-container\" tabindex=\"0\" role=\"button\" aria-disabled=\"false\">\n<div class=\"ds-icon-button__hover-bg\"><\/div>\n<div class=\"ds-icon\"><\/div>\n<div class=\"ds-focus-ring\"><\/div>\n<\/div>\n<div class=\"db183363 ds-icon-button ds-icon-button--m ds-icon-button--sizing-container\" tabindex=\"0\" role=\"button\" aria-disabled=\"false\">\n<div class=\"ds-icon-button__hover-bg\"><\/div>\n<div class=\"ds-icon\"><\/div>\n<div class=\"ds-focus-ring\"><\/div>\n<\/div>\n<div class=\"db183363 ds-icon-button ds-icon-button--m ds-icon-button--sizing-container\" tabindex=\"0\" role=\"button\" aria-disabled=\"false\">\n<div class=\"ds-icon-button__hover-bg\"><\/div>\n<div class=\"ds-icon\"><\/div>\n<\/div>\n<\/div>\n<\/div>","protected":false},"featured_media":3643,"comment_status":"open","ping_status":"closed","template":"","meta":[],"product_brand":[51,32],"product_cat":[15],"product_tag":[200],"class_list":{"0":"post-3642","1":"product","2":"type-product","3":"status-publish","4":"has-post-thumbnail","6":"product_brand-parts-series-fisher","7":"product_brand-fisher","8":"product_cat-uncategorized","9":"product_tag-fisher-control-valve-packing-assembly","11":"first","12":"instock","13":"shipping-taxable","14":"product-type-simple"},"_links":{"self":[{"href":"https:\/\/kateteco.com\/de\/wp-json\/wp\/v2\/product\/3642","targetHints":{"allow":["GET"]}}],"collection":[{"href":"https:\/\/kateteco.com\/de\/wp-json\/wp\/v2\/product"}],"about":[{"href":"https:\/\/kateteco.com\/de\/wp-json\/wp\/v2\/types\/product"}],"replies":[{"embeddable":true,"href":"https:\/\/kateteco.com\/de\/wp-json\/wp\/v2\/comments?post=3642"}],"version-history":[{"count":1,"href":"https:\/\/kateteco.com\/de\/wp-json\/wp\/v2\/product\/3642\/revisions"}],"predecessor-version":[{"id":3644,"href":"https:\/\/kateteco.com\/de\/wp-json\/wp\/v2\/product\/3642\/revisions\/3644"}],"wp:featuredmedia":[{"embeddable":true,"href":"https:\/\/kateteco.com\/de\/wp-json\/wp\/v2\/media\/3643"}],"wp:attachment":[{"href":"https:\/\/kateteco.com\/de\/wp-json\/wp\/v2\/media?parent=3642"}],"wp:term":[{"taxonomy":"product_brand","embeddable":true,"href":"https:\/\/kateteco.com\/de\/wp-json\/wp\/v2\/product_brand?post=3642"},{"taxonomy":"product_cat","embeddable":true,"href":"https:\/\/kateteco.com\/de\/wp-json\/wp\/v2\/product_cat?post=3642"},{"taxonomy":"product_tag","embeddable":true,"href":"https:\/\/kateteco.com\/de\/wp-json\/wp\/v2\/product_tag?post=3642"}],"curies":[{"name":"wp","href":"https:\/\/api.w.org\/{rel}","templated":true}]}}