{"id":4311,"date":"2025-12-12T04:10:34","date_gmt":"2025-12-12T04:10:34","guid":{"rendered":"https:\/\/kateteco.com\/?post_type=product&#038;p=4311"},"modified":"2025-12-12T04:20:08","modified_gmt":"2025-12-12T04:20:08","slug":"3v2-series-solenoid-valve-3-2-way","status":"publish","type":"product","link":"https:\/\/kateteco.com\/de\/produkt\/3v2-series-solenoid-valve-3-2-way\/","title":{"rendered":"AirTAC Magnetventil \u2013 Magnetventil der Serie 3V2 (3\/2-Wege) | Langlebiges pneumatisches Steuerventil"},"content":{"rendered":"<p><span style=\"color: #000000;\"><strong>AirTAC-Magnetventil<\/strong><\/span><\/p>\n<div><span style=\"color: #000000;\"><strong>Modell:<\/strong>3V206,3V208<\/span><\/div>\n<div>\n<div><span style=\"color: #000000;\"><strong>Hersteller:<\/strong> AirTAC <\/span><\/div>\n<div><span style=\"color: #000000;\"><strong>Zustand:<\/strong>\u00a0Neu und originalverpackt<\/span><\/div>\n<div><span style=\"color: #000000;\"><strong>Werksgarantie:<\/strong>\u00a012 Monate<\/span><\/div>\n<\/div>\n<p class=\"ds-markdown-paragraph\"><span style=\"color: #000000;\"><strong>Typische Anwendungen<\/strong><\/span><br \/>\n<span style=\"color: #000000;\">AirTAC-Magnetventile eignen sich perfekt zur Steuerung pneumatischer Aktuatoren in:<\/span><\/p>\n<ul>\n<li>\n<p class=\"ds-markdown-paragraph\"><span style=\"color: #000000;\">Anlagen zur Fabrikautomatisierung und Montagelinien<\/span><\/p>\n<\/li>\n<li>\n<p class=\"ds-markdown-paragraph\"><span style=\"color: #000000;\">Verpackungsmaschinen und Materialhandhabungssysteme<\/span><\/p>\n<\/li>\n<li>\n<p class=\"ds-markdown-paragraph\"><span style=\"color: #000000;\">Maschinen zur Kunststoff- und Gummiverarbeitung<\/span><\/p>\n<\/li>\n<li>\n<p class=\"ds-markdown-paragraph\"><span style=\"color: #000000;\">Ausr\u00fcstung zur Herstellung medizinischer Ger\u00e4te<\/span><\/p>\n<\/li>\n<li>\n<p class=\"ds-markdown-paragraph\"><span style=\"color: #000000;\">Automobil- und Maschinenbau<\/span><\/p>\n<\/li>\n<\/ul>\n<p class=\"ds-markdown-paragraph\"><span style=\"color: #000000;\"><strong>Anpassung &amp; Support<\/strong><\/span><br \/>\n<span style=\"color: #000000;\">AirTAC bietet spezialisierte Anpassungen und entwickelt ma\u00dfgeschneiderte Produkte oder integrierte Systeml\u00f6sungen f\u00fcr individuelle Anwendungsanforderungen. Bei Fragen zu Ihrem Projekt kontaktieren Sie uns gerne.<\/span><\/p>\n<hr \/>\n<p class=\"ds-markdown-paragraph\"><span style=\"color: #000000;\">Wenn Sie Fragen haben oder sich bez\u00fcglich des richtigen Ventilmodells f\u00fcr Ihre Anwendung unsicher sind, wenden Sie sich bitte an unser Vertriebsteam unter\u00a0<strong>Kateteco Company<\/strong>\u00a0f\u00fcr kompetente technische Unterst\u00fctzung und Beratung.<\/span><\/p>","protected":false},"excerpt":{"rendered":"<p>1. Direktwirkender Typ und normalerweise geschlossener Modus, flexibel in der Richtungs\u00e4nderung<\/p>\n<p>2. Normalerweise geschlossene und normalerweise offene Typen sind optional.<\/p>\n<p>3. Struktur im Koaxial-Ausblendmodus: leckagefrei und f\u00fcr hohen Luftdurchsatz geeignet.<\/p>\n<p>4. \u00d6l zur Schmierung ist nicht erforderlich.<\/p>\n<p>5. Zugeh\u00f6rige manuelle Ger\u00e4te sind mit Ausstattungen versehen, die die Installation und Fehlersuche erleichtern.<\/p>\n<p>6. Mehrere Standardspannungsstufen sind optional erh\u00e4ltlich.<\/p>","protected":false},"featured_media":4312,"comment_status":"open","ping_status":"closed","template":"","meta":[],"product_brand":[47,366,367],"product_cat":[15],"product_tag":[373,374],"class_list":{"0":"post-4311","1":"product","2":"type-product","3":"status-publish","4":"has-post-thumbnail","6":"product_brand-airtac","7":"product_brand-control-components","8":"product_brand-solenoid-valve","9":"product_cat-uncategorized","10":"product_tag-3v206","11":"product_tag-3v208","13":"first","14":"instock","15":"shipping-taxable","16":"product-type-simple"},"_links":{"self":[{"href":"https:\/\/kateteco.com\/de\/wp-json\/wp\/v2\/product\/4311","targetHints":{"allow":["GET"]}}],"collection":[{"href":"https:\/\/kateteco.com\/de\/wp-json\/wp\/v2\/product"}],"about":[{"href":"https:\/\/kateteco.com\/de\/wp-json\/wp\/v2\/types\/product"}],"replies":[{"embeddable":true,"href":"https:\/\/kateteco.com\/de\/wp-json\/wp\/v2\/comments?post=4311"}],"version-history":[{"count":2,"href":"https:\/\/kateteco.com\/de\/wp-json\/wp\/v2\/product\/4311\/revisions"}],"predecessor-version":[{"id":4315,"href":"https:\/\/kateteco.com\/de\/wp-json\/wp\/v2\/product\/4311\/revisions\/4315"}],"wp:featuredmedia":[{"embeddable":true,"href":"https:\/\/kateteco.com\/de\/wp-json\/wp\/v2\/media\/4312"}],"wp:attachment":[{"href":"https:\/\/kateteco.com\/de\/wp-json\/wp\/v2\/media?parent=4311"}],"wp:term":[{"taxonomy":"product_brand","embeddable":true,"href":"https:\/\/kateteco.com\/de\/wp-json\/wp\/v2\/product_brand?post=4311"},{"taxonomy":"product_cat","embeddable":true,"href":"https:\/\/kateteco.com\/de\/wp-json\/wp\/v2\/product_cat?post=4311"},{"taxonomy":"product_tag","embeddable":true,"href":"https:\/\/kateteco.com\/de\/wp-json\/wp\/v2\/product_tag?post=4311"}],"curies":[{"name":"wp","href":"https:\/\/api.w.org\/{rel}","templated":true}]}}