{"id":4359,"date":"2025-12-12T06:58:17","date_gmt":"2025-12-12T06:58:17","guid":{"rendered":"https:\/\/kateteco.com\/?post_type=product&#038;p=4359"},"modified":"2025-12-12T07:04:45","modified_gmt":"2025-12-12T07:04:45","slug":"4m-namur-series-solenoid-valve-5-2-way","status":"publish","type":"product","link":"https:\/\/kateteco.com\/de\/produkt\/4m-namur-series-solenoid-valve-5-2-way\/","title":{"rendered":"AirTAC Magnetventil \u2013 Magnetventil der Serie 4M (NAMUR) (5\/2-Wege) | Langlebiges pneumatisches Steuerventil"},"content":{"rendered":"<p><span style=\"color: #000000;\"><strong>AirTAC-Magnetventil<\/strong><\/span><\/p>\n<div><span style=\"color: #000000;\"><strong>Modell: 4M110-M5, 4M120-M5, 4M110-06, 4M120-06, 4M210-06, 4M220-06, 4M210-08, 4M220-08, 4M310-08, 4M320-08, 4M310-10, 4M320-10 Serie<\/strong><\/span><\/div>\n<div>\n<div><span style=\"color: #000000;\"><strong>Hersteller:<\/strong> AirTAC <\/span><\/div>\n<div><span style=\"color: #000000;\"><strong>Zustand:<\/strong>\u00a0Neu und originalverpackt<\/span><\/div>\n<div><span style=\"color: #000000;\"><strong>Werksgarantie:<\/strong>\u00a012 Monate<\/span><\/div>\n<\/div>\n<p class=\"ds-markdown-paragraph\"><span style=\"color: #000000;\"><strong>Typische Anwendungen<\/strong><\/span><br \/>\n<span style=\"color: #000000;\">AirTAC-Magnetventile eignen sich perfekt zur Steuerung pneumatischer Aktuatoren in:<\/span><\/p>\n<ul>\n<li>\n<p class=\"ds-markdown-paragraph\"><span style=\"color: #000000;\">Anlagen zur Fabrikautomatisierung und Montagelinien<\/span><\/p>\n<\/li>\n<li>\n<p class=\"ds-markdown-paragraph\"><span style=\"color: #000000;\">Verpackungsmaschinen und Materialhandhabungssysteme<\/span><\/p>\n<\/li>\n<li>\n<p class=\"ds-markdown-paragraph\"><span style=\"color: #000000;\">Maschinen zur Kunststoff- und Gummiverarbeitung<\/span><\/p>\n<\/li>\n<li>\n<p class=\"ds-markdown-paragraph\"><span style=\"color: #000000;\">Ausr\u00fcstung zur Herstellung medizinischer Ger\u00e4te<\/span><\/p>\n<\/li>\n<li>\n<p class=\"ds-markdown-paragraph\"><span style=\"color: #000000;\">Automobil- und Maschinenbau<\/span><\/p>\n<\/li>\n<\/ul>\n<p class=\"ds-markdown-paragraph\"><span style=\"color: #000000;\"><strong>Anpassung &amp; Support<\/strong><\/span><br \/>\n<span style=\"color: #000000;\">AirTAC bietet spezialisierte Anpassungen und entwickelt ma\u00dfgeschneiderte Produkte oder integrierte Systeml\u00f6sungen f\u00fcr individuelle Anwendungsanforderungen. Bei Fragen zu Ihrem Projekt kontaktieren Sie uns gerne.<\/span><\/p>\n<hr \/>\n<p class=\"ds-markdown-paragraph\"><span style=\"color: #000000;\">Wenn Sie Fragen haben oder sich bez\u00fcglich des richtigen Ventilmodells f\u00fcr Ihre Anwendung unsicher sind, wenden Sie sich bitte an unser Vertriebsteam unter\u00a0<strong>Kateteco Company<\/strong>\u00a0f\u00fcr kompetente technische Unterst\u00fctzung und Beratung.<\/span><\/p>","protected":false},"excerpt":{"rendered":"<p>Mit AirTAC-Magnetventilen gew\u00e4hrleisten Sie eine pr\u00e4zise und zuverl\u00e4ssige Richtungssteuerung der Druckluft in Ihren Automatisierungs- und Maschinenanlagen. Diese Ventile sind auf hohe Leistung ausgelegt und zeichnen sich durch eine robuste Konstruktion mit Schieberbauweise f\u00fcr minimale Reibung und eine Lebensdauer von \u00fcber 10 Millionen Schaltzyklen aus. F\u00fcr die Auswahl des optimalen Ventilmodells (genaue Baureihe, Anschlussgr\u00f6\u00dfe, Spannung) f\u00fcr Ihre spezifischen Anforderungen wenden Sie sich bitte an das Vertriebsteam der Kateteco Company. Wir bieten Ihnen kompetente technische Unterst\u00fctzung und Produktberatung.<\/p>","protected":false},"featured_media":4360,"comment_status":"open","ping_status":"closed","template":"","meta":[],"product_brand":[47,366,367],"product_cat":[15],"product_tag":[444,442,445,443,446,448,447,449,450,452,451,453],"class_list":{"0":"post-4359","1":"product","2":"type-product","3":"status-publish","4":"has-post-thumbnail","6":"product_brand-airtac","7":"product_brand-control-components","8":"product_brand-solenoid-valve","9":"product_cat-uncategorized","10":"product_tag-4m110-06","11":"product_tag-4m110-m5","12":"product_tag-4m120-06","13":"product_tag-4m120-m5","14":"product_tag-4m210-06","15":"product_tag-4m210-08","16":"product_tag-4m220-06","17":"product_tag-4m220-08","18":"product_tag-4m310-08","19":"product_tag-4m310-10","20":"product_tag-4m320-08","21":"product_tag-4m320-10","23":"first","24":"instock","25":"shipping-taxable","26":"product-type-simple"},"_links":{"self":[{"href":"https:\/\/kateteco.com\/de\/wp-json\/wp\/v2\/product\/4359","targetHints":{"allow":["GET"]}}],"collection":[{"href":"https:\/\/kateteco.com\/de\/wp-json\/wp\/v2\/product"}],"about":[{"href":"https:\/\/kateteco.com\/de\/wp-json\/wp\/v2\/types\/product"}],"replies":[{"embeddable":true,"href":"https:\/\/kateteco.com\/de\/wp-json\/wp\/v2\/comments?post=4359"}],"version-history":[{"count":1,"href":"https:\/\/kateteco.com\/de\/wp-json\/wp\/v2\/product\/4359\/revisions"}],"predecessor-version":[{"id":4361,"href":"https:\/\/kateteco.com\/de\/wp-json\/wp\/v2\/product\/4359\/revisions\/4361"}],"wp:featuredmedia":[{"embeddable":true,"href":"https:\/\/kateteco.com\/de\/wp-json\/wp\/v2\/media\/4360"}],"wp:attachment":[{"href":"https:\/\/kateteco.com\/de\/wp-json\/wp\/v2\/media?parent=4359"}],"wp:term":[{"taxonomy":"product_brand","embeddable":true,"href":"https:\/\/kateteco.com\/de\/wp-json\/wp\/v2\/product_brand?post=4359"},{"taxonomy":"product_cat","embeddable":true,"href":"https:\/\/kateteco.com\/de\/wp-json\/wp\/v2\/product_cat?post=4359"},{"taxonomy":"product_tag","embeddable":true,"href":"https:\/\/kateteco.com\/de\/wp-json\/wp\/v2\/product_tag?post=4359"}],"curies":[{"name":"wp","href":"https:\/\/api.w.org\/{rel}","templated":true}]}}