{"id":4865,"date":"2025-12-22T03:23:03","date_gmt":"2025-12-22T03:23:03","guid":{"rendered":"https:\/\/kateteco.com\/?post_type=product&#038;p=4865"},"modified":"2025-12-22T03:37:38","modified_gmt":"2025-12-22T03:37:38","slug":"flowserve-logix-3200md-digital-hart-positioner","status":"publish","type":"product","link":"https:\/\/kateteco.com\/de\/produkt\/flowserve-logix-3200md-digital-hart-positioner\/","title":{"rendered":"Flowserve Logix 3200MD Digitaler HART-Stellungsregler"},"content":{"rendered":"<p><span dir=\"ltr\" style=\"color: #000000;\" role=\"presentation\">SPEZIFIKATIONEN<\/span><br role=\"presentation\" \/><span style=\"color: #000000;\"><span dir=\"ltr\" role=\"presentation\">Luftdruck: 20,4 Nm<\/span><span dir=\"ltr\" role=\"presentation\">3<\/span><span dir=\"ltr\" role=\"presentation\">\/h @ 4 bar<\/span><\/span><br role=\"presentation\" \/><span dir=\"ltr\" style=\"color: #000000;\" role=\"presentation\">(12 SCFM bei 60 psi)<\/span><br role=\"presentation\" \/><span style=\"color: #000000;\"><span dir=\"ltr\" role=\"presentation\">Klimaanlage: 0,5 Nm<\/span><span dir=\"ltr\" role=\"presentation\">3<\/span><span dir=\"ltr\" role=\"presentation\">\/h @ 4 bar<\/span><\/span><br role=\"presentation\" \/><span dir=\"ltr\" style=\"color: #000000;\" role=\"presentation\">(&lt;0,3 SCFM bei 60 psi)<\/span><br role=\"presentation\" \/><span dir=\"ltr\" style=\"color: #000000;\" role=\"presentation\">Wiederholbarkeit: &lt;0,05%<\/span><br role=\"presentation\" \/><span dir=\"ltr\" style=\"color: #000000;\" role=\"presentation\">Temperatur: -40 \u00b0C bis 80 \u00b0C (-40 \u00b0F bis 176 \u00b0F)<\/span><br role=\"presentation\" \/><span style=\"color: #000000;\"><span dir=\"ltr\" role=\"presentation\">Siehe<\/span> <span dir=\"ltr\" role=\"presentation\">LGENBR3000 oder LGENIM0059<\/span><\/span><br role=\"presentation\" \/><span dir=\"ltr\" style=\"color: #000000;\" role=\"presentation\">auf flowserve.com\/library.<\/span><\/p>\n<p>&nbsp;<\/p>\n<p><span dir=\"ltr\" style=\"color: #000000;\" role=\"presentation\">\u2022 Einfache Installation durch automatische Kalibrierung und Abstimmung gew\u00e4hrleistet<\/span><br role=\"presentation\" \/><span dir=\"ltr\" style=\"color: #000000;\" role=\"presentation\">\u2022 Schnelleres Diagnosefeedback und Zusammenfassungen dank Burst-Modus<\/span><br role=\"presentation\" \/><span dir=\"ltr\" style=\"color: #000000;\" role=\"presentation\">\u2022 Verbesserte Prozesskontrolle mit optionaler 4-20 mA Positionsr\u00fcckmeldekarte<\/span><\/p>\n<p>&nbsp;<\/p>\n<p><span style=\"color: #000000;\">Der digitale Stellungsregler Flowserve Logix 3200MD ist ein Zweidraht-Ventilstellungsregler mit 4\u201320 mA Eingangsspannung. Er l\u00e4sst sich \u00fcber die lokale Benutzeroberfl\u00e4che konfigurieren. Der Logix 3200MD nutzt das HART-Protokoll und erm\u00f6glicht so die bidirektionale Fernkommunikation. Er kann an linearen oder rotatorischen, doppelt- und einfachwirkenden Stellantrieben installiert werden. Die Stromversorgung erfolgt ausschlie\u00dflich \u00fcber das 4\u201320 mA Eingangssignal. Der Anlaufstrom muss mindestens 3,6 mA (ohne Analogausgangskarte) bzw. 3,85 mA (mit Analogausgangskarte) betragen.<\/span><\/p>","protected":false},"excerpt":{"rendered":"<p><span dir=\"ltr\" role=\"presentation\">Ein digitaler HART-Positionierer mit modernster Piezotechnologie f\u00fcr \u00fcberragende Leistung und Zuverl\u00e4ssigkeit. Einfach <\/span><span dir=\"ltr\" role=\"presentation\">Die Konfiguration erfolgt \u00fcber lokale Tasten, ein HART-Handger\u00e4t oder die ValveSight-Software.<\/span><\/p>","protected":false},"featured_media":4866,"comment_status":"open","ping_status":"closed","template":"","meta":[],"product_brand":[37,592],"product_cat":[15],"product_tag":[591],"class_list":{"0":"post-4865","1":"product","2":"type-product","3":"status-publish","4":"has-post-thumbnail","6":"product_brand-flowserve","7":"product_brand-valve-positioners-flowserve","8":"product_cat-uncategorized","9":"product_tag-flowserve-logix-3200md","11":"first","12":"instock","13":"shipping-taxable","14":"product-type-simple"},"_links":{"self":[{"href":"https:\/\/kateteco.com\/de\/wp-json\/wp\/v2\/product\/4865","targetHints":{"allow":["GET"]}}],"collection":[{"href":"https:\/\/kateteco.com\/de\/wp-json\/wp\/v2\/product"}],"about":[{"href":"https:\/\/kateteco.com\/de\/wp-json\/wp\/v2\/types\/product"}],"replies":[{"embeddable":true,"href":"https:\/\/kateteco.com\/de\/wp-json\/wp\/v2\/comments?post=4865"}],"version-history":[{"count":3,"href":"https:\/\/kateteco.com\/de\/wp-json\/wp\/v2\/product\/4865\/revisions"}],"predecessor-version":[{"id":4875,"href":"https:\/\/kateteco.com\/de\/wp-json\/wp\/v2\/product\/4865\/revisions\/4875"}],"wp:featuredmedia":[{"embeddable":true,"href":"https:\/\/kateteco.com\/de\/wp-json\/wp\/v2\/media\/4866"}],"wp:attachment":[{"href":"https:\/\/kateteco.com\/de\/wp-json\/wp\/v2\/media?parent=4865"}],"wp:term":[{"taxonomy":"product_brand","embeddable":true,"href":"https:\/\/kateteco.com\/de\/wp-json\/wp\/v2\/product_brand?post=4865"},{"taxonomy":"product_cat","embeddable":true,"href":"https:\/\/kateteco.com\/de\/wp-json\/wp\/v2\/product_cat?post=4865"},{"taxonomy":"product_tag","embeddable":true,"href":"https:\/\/kateteco.com\/de\/wp-json\/wp\/v2\/product_tag?post=4865"}],"curies":[{"name":"wp","href":"https:\/\/api.w.org\/{rel}","templated":true}]}}