{"id":4869,"date":"2025-12-22T03:27:28","date_gmt":"2025-12-22T03:27:28","guid":{"rendered":"https:\/\/kateteco.com\/?post_type=product&#038;p=4869"},"modified":"2025-12-22T03:35:42","modified_gmt":"2025-12-22T03:35:42","slug":"flowserve-logix-3400md","status":"publish","type":"product","link":"https:\/\/kateteco.com\/de\/produkt\/flowserve-logix-3400md\/","title":{"rendered":"Flowserve Logix 3400MD Digitaler FF-Positionierer mit Piezo-Technologie und IP65"},"content":{"rendered":"<p><span dir=\"ltr\" style=\"color: #000000;\" role=\"presentation\">SPEZIFIKATIONEN<\/span><br role=\"presentation\" \/><span style=\"color: #000000;\"><span dir=\"ltr\" role=\"presentation\">Luftdruck: 20,4 Nm<\/span><span dir=\"ltr\" role=\"presentation\">3<\/span><span dir=\"ltr\" role=\"presentation\">\/h @ 4 bar<\/span><\/span><br role=\"presentation\" \/><span dir=\"ltr\" style=\"color: #000000;\" role=\"presentation\">(12 SCFM bei 60 psi)<\/span><br role=\"presentation\" \/><span style=\"color: #000000;\"><span dir=\"ltr\" role=\"presentation\">Klimaanlage: 0,5 Nm<\/span><span dir=\"ltr\" role=\"presentation\">3<\/span><span dir=\"ltr\" role=\"presentation\">\/h @ 4 bar<\/span><\/span><br role=\"presentation\" \/><span dir=\"ltr\" style=\"color: #000000;\" role=\"presentation\">(&lt;0,3 SCFM bei 60 psi)<\/span><br role=\"presentation\" \/><span dir=\"ltr\" style=\"color: #000000;\" role=\"presentation\">Wiederholbarkeit: &lt;0,05%<\/span><br role=\"presentation\" \/><span dir=\"ltr\" style=\"color: #000000;\" role=\"presentation\">Temperatur: -40 \u00b0C bis 80 \u00b0C (-40 \u00b0F bis 176 \u00b0F)<\/span><br role=\"presentation\" \/><span style=\"color: #000000;\"><span dir=\"ltr\" role=\"presentation\">Siehe<\/span> <span dir=\"ltr\" role=\"presentation\">LGENBR3404 oder LGENBR3405<\/span><\/span><br role=\"presentation\" \/><span dir=\"ltr\" style=\"color: #000000;\" role=\"presentation\">unter https:\/\/kateteco.com<\/span><\/p>\n<p>&nbsp;<\/p>\n<p><span dir=\"ltr\" style=\"color: #000000;\" role=\"presentation\">\u2022 Einfache Installation durch automatische Kalibrierung und Abstimmung gew\u00e4hrleistet<\/span><br role=\"presentation\" \/><span dir=\"ltr\" style=\"color: #000000;\" role=\"presentation\">\u2022 Schnelleres Diagnosefeedback und Zusammenfassungen dank Burst-Modus<\/span><br role=\"presentation\" \/><span dir=\"ltr\" style=\"color: #000000;\" role=\"presentation\">\u2022 Einfache Konfiguration \u00fcber lokale Tasten, FF-Handheld oder ValveSight-Software<\/span><br role=\"presentation\" \/><span dir=\"ltr\" style=\"color: #000000;\" role=\"presentation\">\u2022 Funktionsbausteine f\u00fcr AO, PID, DI, DO, Eingangsw\u00e4hler und Ausgangsteiler<\/span><\/p>\n<p>&nbsp;<\/p>\n<p class=\"ds-markdown-paragraph\"><span style=\"color: #000000;\">Der Flowserve Logix 3400MD ist ein leistungsstarker digitaler Ventilstellungsregler, der f\u00fcr die pr\u00e4zise und zuverl\u00e4ssige Prozesssteuerung in anspruchsvollen Industrieumgebungen entwickelt wurde. Er nutzt fortschrittliche Technologien.\u00a0<strong>Piezotechnologie<\/strong>\u00a0und einem 32-Bit-Mikroprozessor bietet es \u00fcberlegene Reaktionsf\u00e4higkeit und Stabilit\u00e4t. Der Positionierer unterst\u00fctzt die\u00a0<strong>Foundation Fieldbus (FF)<\/strong>\u00a0Protokoll f\u00fcr nahtlose bidirektionale Kommunikation und Integration in moderne digitale Steuerungssysteme.<\/span><\/p>\n<p class=\"ds-markdown-paragraph\"><span style=\"color: #000000;\">Sein herausragendes Merkmal ist die Benutzerfreundlichkeit.,\u00a0<strong>werkzeuglose Einrichtung<\/strong>. Mit dem Bord\u00a0<strong>QUICK-CAL\u2122-Taste<\/strong>,\u00a0<strong>DIP-Schalter<\/strong>, Und\u00a0<strong>LED-Statusanzeigen<\/strong>, Techniker k\u00f6nnen die Ventilkalibrierung und -konfiguration innerhalb weniger Minuten ohne Handger\u00e4te durchf\u00fchren. Erg\u00e4nzt wird dies durch leistungsstarke, vorausschauende Diagnosefunktionen, die \u00fcber [Plattformname] verf\u00fcgbar sind.\u00a0<strong>ValveSight\u2122-Software<\/strong>, das proaktiv auf potenzielle Ventilprobleme \u00fcberwacht.<\/span><\/p>\n<p class=\"ds-markdown-paragraph\"><span style=\"color: #000000;\">Die f\u00fcr raue Bedingungen konzipierte Logix 3400MD ist in einem Geh\u00e4use untergebracht.\u00a0<strong>robustes IP65-Geh\u00e4use<\/strong>\u00a0(staubdicht und gegen Wasserstrahlen gesch\u00fctzt) und verf\u00fcgt \u00fcber mehrere Explosionsschutzzertifizierungen (z. B. Ex d, Ex ia), wodurch es f\u00fcr den Einsatz geeignet ist in\u00a0<strong>Gefahrenbereiche<\/strong>. Es arbeitet nach einem Standard\u00a0<strong>4-20 mA<\/strong>\u00a0Signal innerhalb eines weiten Temperaturbereichs und steuert beides\u00a0<strong>einfachwirkende und doppeltwirkende Aktuatoren<\/strong>\u00a0f\u00fcr Linear- oder Drehventile, die eine au\u00dfergew\u00f6hnliche Vielseitigkeit in verschiedenen Branchen bieten, wie z. B.\u00a0<strong>\u00d6l und Gas, Petrochemie und Energie<\/strong>.<\/span><\/p>","protected":false},"excerpt":{"rendered":"<div class=\"page\" role=\"region\" data-page-number=\"122\" aria-label=\"Seite 122 Seiten\" data-loaded=\"true\">\n<div class=\"textLayer\"><span dir=\"ltr\" role=\"presentation\">Ein digitaler Foundation Fieldbus-Positionierer mit modernster Piezotechnologie f\u00fcr \u00fcberragende Leistung und <\/span><span dir=\"ltr\" role=\"presentation\">Zuverl\u00e4ssigkeit. ITK 6.1-zertifiziert.<\/span><\/div>\n<\/div>","protected":false},"featured_media":4870,"comment_status":"open","ping_status":"closed","template":"","meta":[],"product_brand":[37,592],"product_cat":[15],"product_tag":[594],"class_list":{"0":"post-4869","1":"product","2":"type-product","3":"status-publish","4":"has-post-thumbnail","6":"product_brand-flowserve","7":"product_brand-valve-positioners-flowserve","8":"product_cat-uncategorized","9":"product_tag-flowserve-logix-3400md","11":"first","12":"instock","13":"shipping-taxable","14":"product-type-simple"},"_links":{"self":[{"href":"https:\/\/kateteco.com\/de\/wp-json\/wp\/v2\/product\/4869","targetHints":{"allow":["GET"]}}],"collection":[{"href":"https:\/\/kateteco.com\/de\/wp-json\/wp\/v2\/product"}],"about":[{"href":"https:\/\/kateteco.com\/de\/wp-json\/wp\/v2\/types\/product"}],"replies":[{"embeddable":true,"href":"https:\/\/kateteco.com\/de\/wp-json\/wp\/v2\/comments?post=4869"}],"version-history":[{"count":3,"href":"https:\/\/kateteco.com\/de\/wp-json\/wp\/v2\/product\/4869\/revisions"}],"predecessor-version":[{"id":4873,"href":"https:\/\/kateteco.com\/de\/wp-json\/wp\/v2\/product\/4869\/revisions\/4873"}],"wp:featuredmedia":[{"embeddable":true,"href":"https:\/\/kateteco.com\/de\/wp-json\/wp\/v2\/media\/4870"}],"wp:attachment":[{"href":"https:\/\/kateteco.com\/de\/wp-json\/wp\/v2\/media?parent=4869"}],"wp:term":[{"taxonomy":"product_brand","embeddable":true,"href":"https:\/\/kateteco.com\/de\/wp-json\/wp\/v2\/product_brand?post=4869"},{"taxonomy":"product_cat","embeddable":true,"href":"https:\/\/kateteco.com\/de\/wp-json\/wp\/v2\/product_cat?post=4869"},{"taxonomy":"product_tag","embeddable":true,"href":"https:\/\/kateteco.com\/de\/wp-json\/wp\/v2\/product_tag?post=4869"}],"curies":[{"name":"wp","href":"https:\/\/api.w.org\/{rel}","templated":true}]}}