{"id":5867,"date":"2025-12-30T04:36:58","date_gmt":"2025-12-30T04:36:58","guid":{"rendered":"https:\/\/kateteco.com\/?post_type=product&#038;p=5867"},"modified":"2025-12-30T04:37:56","modified_gmt":"2025-12-30T04:37:56","slug":"trexlhpklws3","status":"publish","type":"product","link":"https:\/\/kateteco.com\/de\/produkt\/trexlhpklws3\/","title":{"rendered":"TREXLHPKLWS3 | Emerson AMS Trex\/Trex 2 Ger\u00e4tekommunikator"},"content":{"rendered":"<p><span style=\"color: #000000;\">Teilenummer: TREXLHPKLWS3<\/span><\/p>\n<div><span style=\"color: #000000;\">Modell: AMS Trex Ger\u00e4tekommunikator<\/span><\/div>\n<div><span style=\"color: #000000;\">Hersteller: Emerson<\/span><\/div>\n<div>\n<div><span style=\"color: #000000;\">Zustand: Neu und originalverpackt<\/span><\/div>\n<div><span style=\"color: #000000;\">Herstellergarantie: 12 Monate<\/span><\/div>\n<\/div>\n<div><\/div>\n<div><\/div>\n<div>\n<p class=\"ds-markdown-paragraph\"><span style=\"color: #000000;\"><strong>Produktbeschreibung: Tragbare Einheit von Trex<\/strong><\/span><\/p>\n<p class=\"ds-markdown-paragraph\"><span style=\"color: #000000;\">Das tragbare Trex-Ger\u00e4t wird komplett mit allem notwendigen Zubeh\u00f6r und fortschrittlichen Anschlussm\u00f6glichkeiten f\u00fcr einen reibungslosen Betrieb geliefert.<\/span><\/p>\n<p class=\"ds-markdown-paragraph\"><span style=\"color: #000000;\"><strong>Im Lieferumfang enthalten:<\/strong><\/span><\/p>\n<ul>\n<li>\n<p class=\"ds-markdown-paragraph\"><span style=\"color: #000000;\">Netzteil<\/span><\/p>\n<\/li>\n<li>\n<p class=\"ds-markdown-paragraph\"><span style=\"color: #000000;\">USB-Kabel<\/span><\/p>\n<\/li>\n<li>\n<p class=\"ds-markdown-paragraph\"><span style=\"color: #000000;\">Kabelsatz mit Steckverbindern<\/span><\/p>\n<\/li>\n<li>\n<p class=\"ds-markdown-paragraph\"><span style=\"color: #000000;\">Handschlaufe<\/span><\/p>\n<\/li>\n<li>\n<p class=\"ds-markdown-paragraph\"><span style=\"color: #000000;\">Schnellstartanleitung<\/span><\/p>\n<\/li>\n<li>\n<p class=\"ds-markdown-paragraph\"><span style=\"color: #000000;\">Ressourcen-DVD<\/span><\/p>\n<\/li>\n<\/ul>\n<p class=\"ds-markdown-paragraph\"><span style=\"color: #000000;\"><strong>Hauptmerkmale &amp; Support:<\/strong><\/span><\/p>\n<ul>\n<li>\n<p class=\"ds-markdown-paragraph\"><span style=\"color: #000000;\"><strong>ValveLink Mobile-Anwendung<\/strong>\u00a0Nach Aktivierung des Ger\u00e4ts steht es zum kostenlosen Download bereit.<\/span><\/p>\n<\/li>\n<li>\n<p class=\"ds-markdown-paragraph\"><span style=\"color: #000000;\">Ausgestattet mit integrierten\u00a0<strong>Bluetooth-, WLAN- und NFC-Funkmodule<\/strong>\u00a0(nur in L\u00e4ndern verf\u00fcgbar, in denen die Spektrumgenehmigung erteilt wurde).<\/span><\/p>\n<\/li>\n<li>\n<p class=\"ds-markdown-paragraph\"><span style=\"color: #000000;\">Unterst\u00fctzt von einem\u00a0<strong>1 Jahr Garantie<\/strong>\u00a0gegen Herstellungsfehler (sofern nicht anders angegeben).<\/span><\/p>\n<\/li>\n<li>\n<p class=\"ds-markdown-paragraph\"><span style=\"color: #000000;\">Beinhaltet den Zugang zu technischem Support und Software-Updates w\u00e4hrend des Garantiezeitraums.<\/span><\/p>\n<\/li>\n<\/ul>\n<p class=\"ds-markdown-paragraph\"><span style=\"color: #000000;\"><strong>Optionales Zubeh\u00f6r:<\/strong><\/span><\/p>\n<ul>\n<li>\n<p class=\"ds-markdown-paragraph\"><span style=\"color: #000000;\">Tragetasche separat erh\u00e4ltlich.<\/span><\/p>\n<\/li>\n<\/ul>\n<p class=\"ds-markdown-paragraph\"><span style=\"color: #000000;\"><strong>Verf\u00fcgbarkeit &amp; Versand:<\/strong><\/span><\/p>\n<ul>\n<li>\n<p class=\"ds-markdown-paragraph\"><span style=\"color: #000000;\"><strong>Verf\u00fcgbarkeit:<\/strong>\u00a0Auf Lager<\/span><\/p>\n<\/li>\n<li>\n<p class=\"ds-markdown-paragraph\"><span style=\"color: #000000;\"><strong>Voraussichtliche Lieferzeit:<\/strong> Versand erfolgt \u00fcblicherweise innerhalb von 7-10 Werktagen.<\/span><\/p>\n<\/li>\n<li>\n<p class=\"ds-markdown-paragraph\"><span style=\"color: #000000;\"><strong>Versandgewicht:<\/strong>\u00a05 kg<\/span><\/p>\n<\/li>\n<\/ul>\n<p class=\"ds-markdown-paragraph\"><span style=\"color: #000000;\"><strong>Sollten Sie Fragen zu den Spezifikationen oder zur Eignung dieses AMS Trex Ger\u00e4tekommunikators f\u00fcr Ihre Anwendung haben, wenden Sie sich bitte an das Kateteco-Vertriebsteam, um fachkundige Unterst\u00fctzung zu erhalten.<\/strong><\/span><\/p>\n<\/div>","protected":false},"excerpt":{"rendered":"<p class=\"product-name\" role=\"heading\" aria-level=\"1\"><strong>Teilenummer:<\/strong>TREXLHPKLWS3, Device Communicator Plus Kommunikationsmodul, HART, (Li-Ion), IS, Drahtlos, Standardunterst\u00fctzung (3 Jahre)<\/p>","protected":false},"featured_media":5847,"comment_status":"open","ping_status":"closed","template":"","meta":[],"product_brand":[53,33],"product_cat":[15],"product_tag":[772],"class_list":{"0":"post-5867","1":"product","2":"type-product","3":"status-publish","4":"has-post-thumbnail","6":"product_brand-handheld-controller","7":"product_brand-emerson","8":"product_cat-uncategorized","9":"product_tag-trexlhpklws3","11":"first","12":"instock","13":"shipping-taxable","14":"product-type-simple"},"_links":{"self":[{"href":"https:\/\/kateteco.com\/de\/wp-json\/wp\/v2\/product\/5867","targetHints":{"allow":["GET"]}}],"collection":[{"href":"https:\/\/kateteco.com\/de\/wp-json\/wp\/v2\/product"}],"about":[{"href":"https:\/\/kateteco.com\/de\/wp-json\/wp\/v2\/types\/product"}],"replies":[{"embeddable":true,"href":"https:\/\/kateteco.com\/de\/wp-json\/wp\/v2\/comments?post=5867"}],"version-history":[{"count":2,"href":"https:\/\/kateteco.com\/de\/wp-json\/wp\/v2\/product\/5867\/revisions"}],"predecessor-version":[{"id":5869,"href":"https:\/\/kateteco.com\/de\/wp-json\/wp\/v2\/product\/5867\/revisions\/5869"}],"wp:featuredmedia":[{"embeddable":true,"href":"https:\/\/kateteco.com\/de\/wp-json\/wp\/v2\/media\/5847"}],"wp:attachment":[{"href":"https:\/\/kateteco.com\/de\/wp-json\/wp\/v2\/media?parent=5867"}],"wp:term":[{"taxonomy":"product_brand","embeddable":true,"href":"https:\/\/kateteco.com\/de\/wp-json\/wp\/v2\/product_brand?post=5867"},{"taxonomy":"product_cat","embeddable":true,"href":"https:\/\/kateteco.com\/de\/wp-json\/wp\/v2\/product_cat?post=5867"},{"taxonomy":"product_tag","embeddable":true,"href":"https:\/\/kateteco.com\/de\/wp-json\/wp\/v2\/product_tag?post=5867"}],"curies":[{"name":"wp","href":"https:\/\/api.w.org\/{rel}","templated":true}]}}