{"id":5883,"date":"2025-12-30T04:55:51","date_gmt":"2025-12-30T04:55:51","guid":{"rendered":"https:\/\/kateteco.com\/?post_type=product&#038;p=5883"},"modified":"2025-12-30T05:10:21","modified_gmt":"2025-12-30T05:10:21","slug":"emerson-475-hart-field-communicator","status":"publish","type":"product","link":"https:\/\/kateteco.com\/de\/produkt\/emerson-475-hart-field-communicator\/","title":{"rendered":"Emerson 475 HART Feldkommunikator | Handger\u00e4t f\u00fcr Konfiguration und Diagnose"},"content":{"rendered":"<p class=\"ds-markdown-paragraph\"><span style=\"color: #000000;\">Es bietet Technikern eine leistungsstarke und mobile L\u00f6sung f\u00fcr effizientes Ger\u00e4temanagement direkt vor Ort und unterst\u00fctzt eine umfangreiche Bibliothek von \u00fcber 2000 Ger\u00e4ten verschiedener Hersteller.<\/span><\/p>\n<p class=\"ds-markdown-paragraph\"><span style=\"color: #000000;\">Das Ger\u00e4t wurde f\u00fcr industrielle Umgebungen entwickelt und verf\u00fcgt \u00fcber ein robustes Geh\u00e4use mit Schutzart IP54 gegen Staub und Wasser sowie einen langlebigen Akku, der \u00fcber 8 Stunden Dauerbetrieb erm\u00f6glicht. Die intuitive, men\u00fcgef\u00fchrte Benutzeroberfl\u00e4che auf dem gro\u00dfen, hintergrundbeleuchteten LCD-Bildschirm sorgt f\u00fcr einfache Navigation und Bedienung. Durch den Anschluss an den 4-20-mA-Loop erm\u00f6glicht es die nahtlose Kommunikation mit HART-Ger\u00e4ten und somit wichtige Aufgaben wie die \u00dcberwachung von Prozessvariablen, die Durchf\u00fchrung von Loop-Tests und die Fehlersuche ohne Unterbrechung des Steuersignals.<\/span><\/p>\n<p>&nbsp;<\/p>\n<table>\n<thead>\n<tr>\n<th><span style=\"color: #000000;\">Kategorie<\/span><\/th>\n<th><span style=\"color: #000000;\">Attribut<\/span><\/th>\n<th><span style=\"color: #000000;\">Spezifikationen<\/span><\/th>\n<\/tr>\n<\/thead>\n<tbody>\n<tr>\n<td><span style=\"color: #000000;\"><strong>Prozessor und Arbeitsspeicher<\/strong><\/span><\/td>\n<td><span style=\"color: #000000;\">Mikroprozessor<\/span><\/td>\n<td><span style=\"color: #000000;\">80 MHz Hitachi\u00ae SH3<\/span><\/td>\n<\/tr>\n<tr>\n<td><\/td>\n<td><span style=\"color: #000000;\">Interner Flash-Speicher<\/span><\/td>\n<td><span style=\"color: #000000;\">32 MB<\/span><\/td>\n<\/tr>\n<tr>\n<td><\/td>\n<td><span style=\"color: #000000;\">Systemkarte<\/span><\/td>\n<td><span style=\"color: #000000;\">1 GB sichere digitale Karte<\/span><\/td>\n<\/tr>\n<tr>\n<td><\/td>\n<td><span style=\"color: #000000;\">RAM<\/span><\/td>\n<td><span style=\"color: #000000;\">32 MB<\/span><\/td>\n<\/tr>\n<tr>\n<td><span style=\"color: #000000;\"><strong>Physisch<\/strong><\/span><\/td>\n<td><span style=\"color: #000000;\">Gewicht (mit Batterie)<\/span><\/td>\n<td><span style=\"color: #000000;\">Ungef\u00e4hr 1,65 lb (0,75 kg)<\/span><\/td>\n<\/tr>\n<tr>\n<td><\/td>\n<td><span style=\"color: #000000;\">Anzeige<\/span><\/td>\n<td><span style=\"color: #000000;\">1\/4 VGA (240 x 320 Pixel) Farbdisplay, 8,9 cm (3,5 Zoll) transflektives Display mit Touchscreen, entspiegelt<\/span><\/td>\n<\/tr>\n<tr>\n<td><\/td>\n<td><span style=\"color: #000000;\">Tastenfeld<\/span><\/td>\n<td><span style=\"color: #000000;\">25 Tasten, darunter 4 Aktionstasten, 12 alphanumerische Tasten, Tabulatortaste, Funktionstaste, Hintergrundbeleuchtungstaste, Ein-\/Ausschalter und 4 Cursorsteuerungstasten; Membrandesign mit haptischem Feedback<\/span><\/td>\n<\/tr>\n<tr>\n<td><span style=\"color: #000000;\"><strong>Netzteil \/ Ladeger\u00e4t<\/strong><\/span><\/td>\n<td><span style=\"color: #000000;\">Batterie<\/span><\/td>\n<td><span style=\"color: #000000;\">Wiederaufladbares Lithium-Ionen-Leistungsmodul<\/span><\/td>\n<\/tr>\n<tr>\n<td><\/td>\n<td><span style=\"color: #000000;\">Batteriebetriebszeit<\/span><\/td>\n<td><span style=\"color: #000000;\">20 Stunden \u2013 Dauerbetrieb; 40 Stunden \u2013 typischer Betrieb; 80 Stunden \u2013 Standby-Modus<\/span><\/td>\n<\/tr>\n<tr>\n<td><\/td>\n<td><span style=\"color: #000000;\">Optionen f\u00fcr Akkuladeger\u00e4te<\/span><\/td>\n<td><span style=\"color: #000000;\">Eingangsspannung 100-240 V AC, 50-60 Hz; Kabel mit US-, Europa- und UK-Steckern im Lieferumfang enthalten<\/span><\/td>\n<\/tr>\n<tr>\n<td><span style=\"color: #000000;\"><strong>Verbindung<\/strong><\/span><\/td>\n<td><span style=\"color: #000000;\">Ladeger\u00e4t<\/span><\/td>\n<td><span style=\"color: #000000;\">Mini-DIN-6-polige Buchse<\/span><\/td>\n<\/tr>\n<tr>\n<td><\/td>\n<td><span style=\"color: #000000;\">HART und Feldbus<\/span><\/td>\n<td><span style=\"color: #000000;\">Drei 4-mm-Bananenbuchsen (eine davon gemeinsam f\u00fcr HART und Foundation Fieldbus)<\/span><\/td>\n<\/tr>\n<tr>\n<td><\/td>\n<td><span style=\"color: #000000;\">IrDA-Port<\/span><\/td>\n<td><span style=\"color: #000000;\">IrDA-Anschluss mit Unterst\u00fctzung f\u00fcr bis zu 115 kbit\/s; empfohlener maximaler Winkel von der Mittellinie: \u00b115 Grad; empfohlener maximaler Abstand: ca. 45,7 cm (18 Zoll).<\/span><\/td>\n<\/tr>\n<tr>\n<td><\/td>\n<td><span style=\"color: #000000;\">Bluetooth<\/span><\/td>\n<td><span style=\"color: #000000;\">Kommunikationsreichweite bis zu 10 m; verwendet Standard-Windows-Treiber; FCC-, IC- und CE-Zulassungen; zertifiziert f\u00fcr die Verwendung in \u00fcber 60 L\u00e4ndern<\/span><\/td>\n<\/tr>\n<tr>\n<td><span style=\"color: #000000;\"><strong>Umwelt<\/strong><\/span><\/td>\n<td><span style=\"color: #000000;\">Anwendungstemperatur<\/span><\/td>\n<td><span style=\"color: #000000;\">-10 \u00b0C (14 \u00b0F) bis +50 \u00b0C (122 \u00b0F)<\/span><\/td>\n<\/tr>\n<tr>\n<td><\/td>\n<td><span style=\"color: #000000;\">Batterie (Luftfeuchtigkeit)<\/span><\/td>\n<td><span style=\"color: #000000;\">0% bis 95% RH (nicht kondensierend) f\u00fcr 0\u00b0C (32\u00b0F) bis +50\u00b0C (122\u00b0F)<\/span><\/td>\n<\/tr>\n<tr>\n<td><\/td>\n<td><span style=\"color: #000000;\">Ladetemperatur<\/span><\/td>\n<td><span style=\"color: #000000;\">10 \u00b0C (50 \u00b0F) bis +40 \u00b0C (104 \u00b0F)<\/span><\/td>\n<\/tr>\n<tr>\n<td><\/td>\n<td><span style=\"color: #000000;\">Speicherung mit Batterien<\/span><\/td>\n<td><span style=\"color: #000000;\">-20 \u00b0C (-4 \u00b0F) bis +55 \u00b0C (131 \u00b0F)<\/span><\/td>\n<\/tr>\n<tr>\n<td><\/td>\n<td><span style=\"color: #000000;\">Speicherung ohne Batterien<\/span><\/td>\n<td><span style=\"color: #000000;\">-20 \u00b0C (-4 \u00b0F) bis +60 \u00b0C (140 \u00b0F)<\/span><\/td>\n<\/tr>\n<tr>\n<td><\/td>\n<td><span style=\"color: #000000;\"><strong>Geh\u00e4usebewertung<\/strong><\/span><\/td>\n<td><span style=\"color: #000000;\"><strong>IP51 (von vorne)<\/strong><\/span><\/td>\n<\/tr>\n<tr>\n<td><\/td>\n<td><span style=\"color: #000000;\"><strong>Schock<\/strong><\/span><\/td>\n<td><span style=\"color: #000000;\"><strong>Getestet, um einen Falltest aus 1 Metern H\u00f6he auf Beton zu \u00fcberstehen.<\/strong><\/span><\/td>\n<\/tr>\n<tr>\n<td><span style=\"color: #000000;\"><strong>Bestellinformationen<\/strong><\/span><\/td>\n<td><span style=\"color: #000000;\"><strong>Hauptcode<\/strong><\/span><\/td>\n<td><span style=\"color: #000000;\"><strong>475<\/strong>\u00a0\u2013 Feldkommunikator<\/span><\/td>\n<\/tr>\n<tr>\n<td><\/td>\n<td><span style=\"color: #000000;\"><strong>Kommunikationsprotokoll<\/strong><\/span><\/td>\n<td><span style=\"color: #000000;\">H \u2013 HART; F \u2013 HART und Foundation Fieldbus<\/span><\/td>\n<\/tr>\n<tr>\n<td><\/td>\n<td><span style=\"color: #000000;\"><strong>Akku-Typ<\/strong><\/span><\/td>\n<td><span style=\"color: #000000;\">P \u2013 Wiederaufladbares Lithium-Ionen-Leistungsmodul<\/span><\/td>\n<\/tr>\n<tr>\n<td><\/td>\n<td><span style=\"color: #000000;\"><strong>Netzteil\/Ladeger\u00e4t<\/strong><\/span><\/td>\n<td><span style=\"color: #000000;\">1 \u2013 Netzteil und Ladeger\u00e4t im Lieferumfang enthalten (NiMH\/Li-Ion mit US-\/UK-\/EU-Stecker); 9 \u2013 Nicht im Lieferumfang enthalten<\/span><\/td>\n<\/tr>\n<tr>\n<td><\/td>\n<td><span style=\"color: #000000;\"><strong>Sprache<\/strong><\/span><\/td>\n<td><span style=\"color: #000000;\">E \u2013 Englisch; C \u2013 Chinesisch; D \u2013 Deutsch; J \u2013 Japanisch; R \u2013 Russisch; F \u2013 Franz\u00f6sisch; P \u2013 Portugiesisch<\/span><\/td>\n<\/tr>\n<tr>\n<td><\/td>\n<td><span style=\"color: #000000;\"><strong>Produktzertifizierungen<\/strong><\/span><\/td>\n<td><span style=\"color: #000000;\">KL \u2013 ATEX-, FM-, CSA- und IECEx-Eigensicherheit (einschlie\u00dflich FISCO, sofern zutreffend); NA \u2013 Keine Zulassung<\/span><\/td>\n<\/tr>\n<tr>\n<td><\/td>\n<td><span style=\"color: #000000;\"><strong>Einfaches Upgrade<\/strong><\/span><\/td>\n<td><span style=\"color: #000000;\">U \u2013 Option f\u00fcr einfaches Upgrade (3 Jahre); 9 \u2013 Nicht enthalten<\/span><\/td>\n<\/tr>\n<tr>\n<td><\/td>\n<td><span style=\"color: #000000;\"><strong>Bluetooth<\/strong><\/span><\/td>\n<td><span style=\"color: #000000;\">T \u2013 Bluetooth-Kommunikation; 9 \u2013 Keine Bluetooth-Kommunikation<\/span><\/td>\n<\/tr>\n<tr>\n<td><\/td>\n<td><span style=\"color: #000000;\"><strong>Standardoptionen<\/strong><\/span><\/td>\n<td><span style=\"color: #000000;\">GM \u2013 Grafik- und Ger\u00e4tekonfigurationsmanagement (kostenlos enthalten)<\/span><\/td>\n<\/tr>\n<tr>\n<td><\/td>\n<td><span style=\"color: #000000;\"><strong>Optionen<\/strong><\/span><\/td>\n<td><span style=\"color: #000000;\">A \u2013 Ersatz-Lithium-Ionen-Akkumodul; S \u2013 Schutzh\u00fclle aus Gummi mit St\u00e4nder<\/span><\/td>\n<\/tr>\n<\/tbody>\n<\/table>\n<div>\n<p class=\"ds-markdown-paragraph\"><span style=\"color: #000000;\"><strong>Sollten Sie Fragen zu den Spezifikationen oder zur Eignung dieses AMS Trex Ger\u00e4tekommunikators f\u00fcr Ihre Anwendung haben, wenden Sie sich bitte an das Kateteco-Vertriebsteam, um fachkundige Unterst\u00fctzung zu erhalten.<\/strong><\/span><\/p>\n<\/div>","protected":false},"excerpt":{"rendered":"<p class=\"product-name\" role=\"heading\" aria-level=\"1\">Der Emerson 475 HART Field Communicator ist ein unverzichtbares, robustes Handger\u00e4t, das f\u00fcr die Konfiguration, Kalibrierung und Diagnose von HART-f\u00e4higen intelligenten Feldinstrumenten entwickelt wurde.<\/p>","protected":false},"featured_media":5885,"comment_status":"open","ping_status":"closed","template":"","meta":[],"product_brand":[53,33],"product_cat":[15],"product_tag":[778],"class_list":{"0":"post-5883","1":"product","2":"type-product","3":"status-publish","4":"has-post-thumbnail","6":"product_brand-handheld-controller","7":"product_brand-emerson","8":"product_cat-uncategorized","9":"product_tag-hart-475-field-communicator","11":"first","12":"instock","13":"shipping-taxable","14":"product-type-simple"},"_links":{"self":[{"href":"https:\/\/kateteco.com\/de\/wp-json\/wp\/v2\/product\/5883","targetHints":{"allow":["GET"]}}],"collection":[{"href":"https:\/\/kateteco.com\/de\/wp-json\/wp\/v2\/product"}],"about":[{"href":"https:\/\/kateteco.com\/de\/wp-json\/wp\/v2\/types\/product"}],"replies":[{"embeddable":true,"href":"https:\/\/kateteco.com\/de\/wp-json\/wp\/v2\/comments?post=5883"}],"version-history":[{"count":2,"href":"https:\/\/kateteco.com\/de\/wp-json\/wp\/v2\/product\/5883\/revisions"}],"predecessor-version":[{"id":5887,"href":"https:\/\/kateteco.com\/de\/wp-json\/wp\/v2\/product\/5883\/revisions\/5887"}],"wp:featuredmedia":[{"embeddable":true,"href":"https:\/\/kateteco.com\/de\/wp-json\/wp\/v2\/media\/5885"}],"wp:attachment":[{"href":"https:\/\/kateteco.com\/de\/wp-json\/wp\/v2\/media?parent=5883"}],"wp:term":[{"taxonomy":"product_brand","embeddable":true,"href":"https:\/\/kateteco.com\/de\/wp-json\/wp\/v2\/product_brand?post=5883"},{"taxonomy":"product_cat","embeddable":true,"href":"https:\/\/kateteco.com\/de\/wp-json\/wp\/v2\/product_cat?post=5883"},{"taxonomy":"product_tag","embeddable":true,"href":"https:\/\/kateteco.com\/de\/wp-json\/wp\/v2\/product_tag?post=5883"}],"curies":[{"name":"wp","href":"https:\/\/api.w.org\/{rel}","templated":true}]}}