{"id":5980,"date":"2026-01-05T05:45:01","date_gmt":"2026-01-05T05:45:01","guid":{"rendered":"https:\/\/kateteco.com\/?post_type=product&#038;p=5980"},"modified":"2026-01-05T05:45:01","modified_gmt":"2026-01-05T05:45:01","slug":"tissin-ts900","status":"publish","type":"product","link":"https:\/\/kateteco.com\/de\/produkt\/tissin-ts900\/","title":{"rendered":"TISSIN TS900 Intelligenter Ventilstellungsregler mit ATEX-Zertifizierung"},"content":{"rendered":"<p class=\"ds-markdown-paragraph\"><span style=\"color: #000000;\"><strong>Hauptmerkmale und Vorteile:<\/strong><\/span><\/p>\n<ul>\n<li>\n<p class=\"ds-markdown-paragraph\"><span style=\"color: #000000;\"><strong>Hochentwickelte Intelligenz<\/strong>Ausgestattet mit einem \u00fcbersichtlichen LCD-Display und HART-Kommunikation f\u00fcr einfache Konfiguration, automatische Kalibrierung und vorausschauende Diagnose (Teilschlagpr\u00fcfung).<\/span><\/p>\n<\/li>\n<li>\n<p class=\"ds-markdown-paragraph\"><span style=\"color: #000000;\"><strong>Robuste und zertifizierte Sicherheit<\/strong>: Konzipiert f\u00fcr anspruchsvolle Umgebungen mit sto\u00dffester Konstruktion.\u00a0<strong>ATEX\/IECEx-zertifiziert<\/strong>\u00a0Zur Verwendung in explosionsgef\u00e4hrdeten Bereichen (Zone 1\/21, Zone 2\/22) unter Gew\u00e4hrleistung maximaler Sicherheitsstandards.<\/span><\/p>\n<\/li>\n<li>\n<p class=\"ds-markdown-paragraph\"><span style=\"color: #000000;\"><strong>\u00dcberragende Leistung<\/strong>Das Hochleistungs-Pilotventil gew\u00e4hrleistet ein schnelles Ansprechverhalten und eine pr\u00e4zise Positionierung und verbessert so die Gesamteffizienz der Prozesssteuerung.<\/span><\/p>\n<\/li>\n<\/ul>\n<p class=\"ds-markdown-paragraph\"><span style=\"color: #000000;\"><strong>Technische Parameter:<\/strong><\/span><\/p>\n<ul>\n<li>\n<p class=\"ds-markdown-paragraph\"><span style=\"color: #000000;\"><strong>Eingangssignal<\/strong>: 4-20 mA, HART-Protokoll<\/span><\/p>\n<\/li>\n<li>\n<p class=\"ds-markdown-paragraph\"><span style=\"color: #000000;\"><strong>Versorgungsdruck<\/strong>1,4 \u2013 7 bar<\/span><\/p>\n<\/li>\n<li>\n<p class=\"ds-markdown-paragraph\"><span style=\"color: #000000;\"><strong>Luftanschl\u00fcsse<\/strong>: 1\/4\u2033 NPT oder G1\/4<\/span><\/p>\n<\/li>\n<li>\n<p class=\"ds-markdown-paragraph\"><span style=\"color: #000000;\"><strong>Umgebungstemperatur<\/strong>-30 \u00b0C bis +80 \u00b0C (Standard)<\/span><\/p>\n<\/li>\n<li>\n<p class=\"ds-markdown-paragraph\"><span style=\"color: #000000;\"><strong>Geh\u00e4usebewertung<\/strong>Schutzart IP66 \/ NEMA 4X<\/span><\/p>\n<\/li>\n<li>\n<p class=\"ds-markdown-paragraph\"><span style=\"color: #000000;\"><strong>Montage<\/strong>: Direkte Montage auf linearen (10-150 mm Hub) und Drehantrieben (ISO 5211-Norm).<\/span><\/p>\n<\/li>\n<li>\n<p class=\"ds-markdown-paragraph\"><span style=\"color: #000000;\"><strong>Aktorkompatibilit\u00e4t<\/strong>Geeignet f\u00fcr einfachwirkende (federbet\u00e4tigte) und doppeltwirkende Aktuatoren.<\/span><\/p>\n<\/li>\n<\/ul>\n<p class=\"ds-markdown-paragraph\"><span style=\"color: #000000;\"><strong>Markenversprechen &amp; Unterst\u00fctzung:<\/strong><\/span><br \/>\n<span style=\"color: #000000;\">Der TISSIN TS900 verk\u00f6rpert unser Engagement f\u00fcr\u00a0<strong>Koreanische Pr\u00e4zisionstechnik<\/strong>, Wir bieten au\u00dfergew\u00f6hnliche Zuverl\u00e4ssigkeit f\u00fcr kritische industrielle Automatisierungsl\u00f6sungen. Umfassender technischer Support und unser Engagement f\u00fcr langfristige Leistungsf\u00e4higkeit sind die Basis.<\/span><\/p>\n<p class=\"ds-markdown-paragraph\"><span style=\"color: #000000;\">Bei Fragen wenden Sie sich bitte an die\u00a0<strong>Kateteco<\/strong>\u00a0Team.<\/span><\/p>","protected":false},"excerpt":{"rendered":"<p>Erleben Sie pr\u00e4zise Ventilsteuerung mit dem TISSIN TS900. Ausgestattet mit einem intuitiven LCD-Display, automatischer Kalibrierung, robustem IP66-Design und ATEX\/IECEx-Zertifizierung f\u00fcr explosionsgef\u00e4hrdete Bereiche. Entwickelt f\u00fcr h\u00f6chste Zuverl\u00e4ssigkeit.<\/p>","protected":false},"featured_media":5981,"comment_status":"open","ping_status":"closed","template":"","meta":[],"product_brand":[43],"product_cat":[15],"product_tag":[793],"class_list":{"0":"post-5980","1":"product","2":"type-product","3":"status-publish","4":"has-post-thumbnail","6":"product_brand-tissin","7":"product_cat-uncategorized","8":"product_tag-tissin-ts900","10":"first","11":"instock","12":"shipping-taxable","13":"product-type-simple"},"_links":{"self":[{"href":"https:\/\/kateteco.com\/de\/wp-json\/wp\/v2\/product\/5980","targetHints":{"allow":["GET"]}}],"collection":[{"href":"https:\/\/kateteco.com\/de\/wp-json\/wp\/v2\/product"}],"about":[{"href":"https:\/\/kateteco.com\/de\/wp-json\/wp\/v2\/types\/product"}],"replies":[{"embeddable":true,"href":"https:\/\/kateteco.com\/de\/wp-json\/wp\/v2\/comments?post=5980"}],"version-history":[{"count":1,"href":"https:\/\/kateteco.com\/de\/wp-json\/wp\/v2\/product\/5980\/revisions"}],"predecessor-version":[{"id":5982,"href":"https:\/\/kateteco.com\/de\/wp-json\/wp\/v2\/product\/5980\/revisions\/5982"}],"wp:featuredmedia":[{"embeddable":true,"href":"https:\/\/kateteco.com\/de\/wp-json\/wp\/v2\/media\/5981"}],"wp:attachment":[{"href":"https:\/\/kateteco.com\/de\/wp-json\/wp\/v2\/media?parent=5980"}],"wp:term":[{"taxonomy":"product_brand","embeddable":true,"href":"https:\/\/kateteco.com\/de\/wp-json\/wp\/v2\/product_brand?post=5980"},{"taxonomy":"product_cat","embeddable":true,"href":"https:\/\/kateteco.com\/de\/wp-json\/wp\/v2\/product_cat?post=5980"},{"taxonomy":"product_tag","embeddable":true,"href":"https:\/\/kateteco.com\/de\/wp-json\/wp\/v2\/product_tag?post=5980"}],"curies":[{"name":"wp","href":"https:\/\/api.w.org\/{rel}","templated":true}]}}