{"id":5984,"date":"2026-01-05T05:48:29","date_gmt":"2026-01-05T05:48:29","guid":{"rendered":"https:\/\/kateteco.com\/?post_type=product&#038;p=5984"},"modified":"2026-01-05T05:48:29","modified_gmt":"2026-01-05T05:48:29","slug":"tissin-ts700","status":"publish","type":"product","link":"https:\/\/kateteco.com\/de\/produkt\/tissin-ts700\/","title":{"rendered":"TISSIN TS700 Intelligenter Ventilstellungsregler \u2013 Zuverl\u00e4ssige und robuste Steuerung"},"content":{"rendered":"<h3><span style=\"color: #000000;\"><strong>Produktdetails und Spezifikationen<\/strong><\/span><\/h3>\n<p class=\"ds-markdown-paragraph\"><span style=\"color: #000000;\"><strong>Kernmerkmale und Vorteile:<\/strong><\/span><\/p>\n<ul>\n<li>\n<p class=\"ds-markdown-paragraph\"><span style=\"color: #000000;\"><strong>Robuste und zuverl\u00e4ssige Einfachheit<\/strong>Entwickelt f\u00fcr den Dauerbetrieb in anspruchsvollen Industrieumgebungen. Seine robuste Bauweise und der hohe Schutz gegen Eindringen von Fremdk\u00f6rpern (IP66) gew\u00e4hrleisten langfristige Zuverl\u00e4ssigkeit bei minimalem Wartungsaufwand.<\/span><\/p>\n<\/li>\n<li>\n<p class=\"ds-markdown-paragraph\"><span style=\"color: #000000;\"><strong>Benutzerfreundliche Bedienung<\/strong>: Verf\u00fcgt \u00fcber eine intuitive Benutzeroberfl\u00e4che f\u00fcr unkomplizierte Einrichtung und Kalibrierung, wodurch Inbetriebnahmezeit und -aufwand reduziert werden.<\/span><\/p>\n<\/li>\n<li>\n<p class=\"ds-markdown-paragraph\"><span style=\"color: #000000;\"><strong>Sicherheitszertifiziert<\/strong>Entspricht den\u00a0<strong>ATEX \/ IECEx<\/strong>\u00a0Zertifizierungen f\u00fcr den Einsatz in explosionsgef\u00e4hrdeten Bereichen sorgen f\u00fcr Sicherheit bei kritischen Anwendungen.<\/span><\/p>\n<\/li>\n<li>\n<p class=\"ds-markdown-paragraph\"><span style=\"color: #000000;\"><strong>Kosteneffiziente Leistung<\/strong>Bietet die wesentlichen Funktionen eines intelligenten Positionierers \u2013 pr\u00e4zise Steuerung, Diagnose und stabile Leistung \u2013 und stellt somit ein hervorragendes Preis-Leistungs-Verh\u00e4ltnis dar.<\/span><\/p>\n<\/li>\n<\/ul>\n<p class=\"ds-markdown-paragraph\"><span style=\"color: #000000;\"><strong>Technische Parameter:<\/strong><\/span><\/p>\n<ul>\n<li>\n<p class=\"ds-markdown-paragraph\"><span style=\"color: #000000;\"><strong>Eingangssignal<\/strong>: 4-20 mA DC (Standard), optional sind digitale Kommunikationsprotokolle (z. B. HART) verf\u00fcgbar.<\/span><\/p>\n<\/li>\n<li>\n<p class=\"ds-markdown-paragraph\"><span style=\"color: #000000;\"><strong>Versorgungsdruckbereich<\/strong>: 1,4 \u2013 7 bar (20 \u2013 100 psi)<\/span><\/p>\n<\/li>\n<li>\n<p class=\"ds-markdown-paragraph\"><span style=\"color: #000000;\"><strong>Luftanschl\u00fcsse<\/strong>: 1\/4\u2033 NPT (Standard)<\/span><\/p>\n<\/li>\n<li>\n<p class=\"ds-markdown-paragraph\"><span style=\"color: #000000;\"><strong>Umgebungstemperaturbereich<\/strong>-20 \u00b0C bis +80 \u00b0C<\/span><\/p>\n<\/li>\n<li>\n<p class=\"ds-markdown-paragraph\"><span style=\"color: #000000;\"><strong>Geh\u00e4usebewertung<\/strong>Schutzart IP66 \/ NEMA 4X (staubdicht und gegen starke Wasserstrahlen gesch\u00fctzt)<\/span><\/p>\n<\/li>\n<li>\n<p class=\"ds-markdown-paragraph\"><span style=\"color: #000000;\"><strong>Montage<\/strong>Direkte Montage auf ISO 5211-Pads, kompatibel mit einer breiten Palette von Linear- und Drehantrieben.<\/span><\/p>\n<\/li>\n<\/ul>\n<p class=\"ds-markdown-paragraph\"><span style=\"color: #000000;\"><strong>Markenversprechen &amp; Unterst\u00fctzung:<\/strong><\/span><br \/>\n<span style=\"color: #000000;\">Die TS700-Serie spiegelt wider\u00a0<strong>TISSINs Engagement f\u00fcr praxisorientierte Innovation und herausragende Fertigungsqualit\u00e4t<\/strong>, Wir bieten robuste Automatisierungsl\u00f6sungen genau dort, wo sie am dringendsten ben\u00f6tigt werden. Unsere L\u00f6sung ist als zuverl\u00e4ssige Komponente in Ihrem System konzipiert und wird durch unser globales Supportnetzwerk unterst\u00fctzt.<\/span><\/p>\n<p class=\"ds-markdown-paragraph\"><span style=\"color: #000000;\">Bei Fragen wenden Sie sich bitte an die\u00a0<strong>Kateteco<\/strong>\u00a0Team.<\/span><\/p>","protected":false},"excerpt":{"rendered":"<p>Der intelligente Ventilstellungsregler TISSIN TS700 bietet eine zuverl\u00e4ssige und pr\u00e4zise Ventilsteuerung. Dank seiner robusten Bauweise mit Schutzart IP66 und wichtigen Sicherheitszertifizierungen bildet er das Herzst\u00fcck Ihres Prozesses.<\/p>","protected":false},"featured_media":5985,"comment_status":"open","ping_status":"closed","template":"","meta":[],"product_brand":[43],"product_cat":[15],"product_tag":[794],"class_list":{"0":"post-5984","1":"product","2":"type-product","3":"status-publish","4":"has-post-thumbnail","6":"product_brand-tissin","7":"product_cat-uncategorized","8":"product_tag-tissin-ts700","10":"first","11":"instock","12":"shipping-taxable","13":"product-type-simple"},"_links":{"self":[{"href":"https:\/\/kateteco.com\/de\/wp-json\/wp\/v2\/product\/5984","targetHints":{"allow":["GET"]}}],"collection":[{"href":"https:\/\/kateteco.com\/de\/wp-json\/wp\/v2\/product"}],"about":[{"href":"https:\/\/kateteco.com\/de\/wp-json\/wp\/v2\/types\/product"}],"replies":[{"embeddable":true,"href":"https:\/\/kateteco.com\/de\/wp-json\/wp\/v2\/comments?post=5984"}],"version-history":[{"count":1,"href":"https:\/\/kateteco.com\/de\/wp-json\/wp\/v2\/product\/5984\/revisions"}],"predecessor-version":[{"id":5986,"href":"https:\/\/kateteco.com\/de\/wp-json\/wp\/v2\/product\/5984\/revisions\/5986"}],"wp:featuredmedia":[{"embeddable":true,"href":"https:\/\/kateteco.com\/de\/wp-json\/wp\/v2\/media\/5985"}],"wp:attachment":[{"href":"https:\/\/kateteco.com\/de\/wp-json\/wp\/v2\/media?parent=5984"}],"wp:term":[{"taxonomy":"product_brand","embeddable":true,"href":"https:\/\/kateteco.com\/de\/wp-json\/wp\/v2\/product_brand?post=5984"},{"taxonomy":"product_cat","embeddable":true,"href":"https:\/\/kateteco.com\/de\/wp-json\/wp\/v2\/product_cat?post=5984"},{"taxonomy":"product_tag","embeddable":true,"href":"https:\/\/kateteco.com\/de\/wp-json\/wp\/v2\/product_tag?post=5984"}],"curies":[{"name":"wp","href":"https:\/\/api.w.org\/{rel}","templated":true}]}}