{"id":5990,"date":"2026-01-05T06:01:16","date_gmt":"2026-01-05T06:01:16","guid":{"rendered":"https:\/\/kateteco.com\/?post_type=product&#038;p=5990"},"modified":"2026-01-05T06:01:16","modified_gmt":"2026-01-05T06:01:16","slug":"tissin-ts905","status":"publish","type":"product","link":"https:\/\/kateteco.com\/de\/produkt\/tissin-ts905\/","title":{"rendered":"TISSIN TS905 Intelligenter Ventilpositionierer mit Dual-Protokollen"},"content":{"rendered":"<h3><span style=\"color: #000000;\"><strong>Produktdetails und Spezifikationen<\/strong><\/span><\/h3>\n<p class=\"ds-markdown-paragraph\"><span style=\"color: #000000;\"><strong>Kernmerkmale und Vorteile:<\/strong><\/span><\/p>\n<ul>\n<li>\n<p class=\"ds-markdown-paragraph\"><span style=\"color: #000000;\"><strong>Fortschrittliche Konnektivit\u00e4t und Intelligenz<\/strong>: Unterst\u00fctzt\u00a0<strong>bidirektionale digitale Kommunikation<\/strong>\u00a0\u00fcber\u00a0<strong>HART- und Foundation Fieldbus- (oder PROFIBUS PA-) Protokolle<\/strong>, Dies erm\u00f6glicht die nahtlose Integration in anspruchsvolle Steuerungssysteme f\u00fcr einen verbesserten Datenaustausch und eine optimierte Fernverwaltung.<\/span><\/p>\n<\/li>\n<li>\n<p class=\"ds-markdown-paragraph\"><span style=\"color: #000000;\"><strong>\u00dcberlegene Diagnostik und vorausschauende Wartung<\/strong>: Merkmale\u00a0<strong>fortschrittliche Diagnostik<\/strong>,\u00a0<strong>Vollst\u00e4ndige und partielle Schlaganfallpr\u00fcfung (PST)<\/strong>, und Echtzeit-Gesundheits\u00fcberwachung, um den Wartungsbedarf vorherzusagen, die Ventilverf\u00fcgbarkeit zu maximieren und ungeplante Ausfallzeiten zu vermeiden.<\/span><\/p>\n<\/li>\n<li>\n<p class=\"ds-markdown-paragraph\"><span style=\"color: #000000;\"><strong>Extreme Langlebigkeit &amp; Zertifizierung<\/strong>Untergebracht in einem robusten,\u00a0<strong>korrosionsbest\u00e4ndiges Geh\u00e4use<\/strong>\u00a0mit\u00a0<strong>Schutzart IP66\/67<\/strong>. Entspricht den\u00a0<strong>ATEX, IECEx, SIL 2\/3 (funktionale Sicherheit)<\/strong>, sowie weitere globale Zertifizierungen f\u00fcr den Einsatz in den anspruchsvollsten und gef\u00e4hrlichsten Umgebungen.<\/span><\/p>\n<\/li>\n<li>\n<p class=\"ds-markdown-paragraph\"><span style=\"color: #000000;\"><strong>Hochleistungspr\u00e4zision<\/strong>: Nutzt ein durchflussstarkes, reibungsarmes Pilotventil und eine hochaufl\u00f6sende R\u00fcckmeldung f\u00fcr eine au\u00dfergew\u00f6hnlich schnelle, genaue und stabile Ventilpositionierung, selbst bei hohen Massentr\u00e4gheitslasten.<\/span><\/p>\n<\/li>\n<\/ul>\n<p class=\"ds-markdown-paragraph\"><span style=\"color: #000000;\"><strong>Technische Parameter (Richtwerte):<\/strong><\/span><\/p>\n<ul>\n<li>\n<p class=\"ds-markdown-paragraph\"><span style=\"color: #000000;\"><strong>Eingabe\/Kommunikation<\/strong>: 4-20 mA +\u00a0<strong>HART &amp; Foundation Fieldbus\/PROFIBUS PA<\/strong>\u00a0(Dualprotokoll)<\/span><\/p>\n<\/li>\n<li>\n<p class=\"ds-markdown-paragraph\"><span style=\"color: #000000;\"><strong>Versorgungsdruck<\/strong>: 1,4 \u2013 10 bar (Erweiterter Bereich)<\/span><\/p>\n<\/li>\n<li>\n<p class=\"ds-markdown-paragraph\"><span style=\"color: #000000;\"><strong>Luftanschl\u00fcsse<\/strong>: 1\/4\u2033 NPT &amp; G1\/4 (Doppelanschl\u00fcsse serienm\u00e4\u00dfig)<\/span><\/p>\n<\/li>\n<li>\n<p class=\"ds-markdown-paragraph\"><span style=\"color: #000000;\"><strong>Umgebungstemperatur<\/strong>-40 \u00b0C bis +85 \u00b0C (Breiterer Betriebsbereich)<\/span><\/p>\n<\/li>\n<li>\n<p class=\"ds-markdown-paragraph\"><span style=\"color: #000000;\"><strong>Geh\u00e4use und Schutz<\/strong>: Aluminiumguss\/Edelstahl,\u00a0<strong>IP66\/67<\/strong>, NEMA 4X<\/span><\/p>\n<\/li>\n<li>\n<p class=\"ds-markdown-paragraph\"><span style=\"color: #000000;\"><strong>Sicherheit &amp; Zertifizierungen<\/strong>:\u00a0<strong>ATEX, IECEx (Zone 0\/1-f\u00e4hig), SIL 2\/3<\/strong>\u00a0konform<\/span><\/p>\n<\/li>\n<li>\n<p class=\"ds-markdown-paragraph\"><span style=\"color: #000000;\"><strong>Montage<\/strong>: Direkt auf ISO 5211, passend f\u00fcr Linear- und Drehantriebe.<\/span><\/p>\n<\/li>\n<\/ul>\n<p class=\"ds-markdown-paragraph\"><span style=\"color: #000000;\"><strong>Markenversprechen &amp; Wert:<\/strong><\/span><br \/>\n<span style=\"color: #000000;\">Die TS905-Serie stellt den H\u00f6hepunkt der\u00a0<strong>TISSINs technische Innovation und sein Engagement f\u00fcr industrielle Exzellenz<\/strong>. Es wurde f\u00fcr unternehmenskritische Anwendungen entwickelt, bei denen Ausf\u00e4lle keine Option sind, und verk\u00f6rpert damit unser Engagement f\u00fcr\u00a0<strong>Koreanische Pr\u00e4zisionsfertigung, technologische F\u00fchrungsrolle und beispielloser globaler Support<\/strong>.<\/span><\/p>\n<p class=\"ds-markdown-paragraph\"><span style=\"color: #000000;\"><strong>Sollten Sie Fragen haben oder das endg\u00fcltige Datenblatt ben\u00f6tigen, wenden Sie sich bitte an das Kateteco-Team.<\/strong><\/span><\/p>","protected":false},"excerpt":{"rendered":"<p>Das Flaggschiffprodukt TISSIN TS905 Smart Valve Positioner bietet h\u00f6chste Pr\u00e4zision und Konnektivit\u00e4t mit dualem HART\/Fieldbus, fortschrittlicher Diagnose und globalen Zertifizierungen f\u00fcr kritische Anwendungen.<\/p>","protected":false},"featured_media":5991,"comment_status":"open","ping_status":"closed","template":"","meta":[],"product_brand":[43],"product_cat":[15],"product_tag":[796],"class_list":{"0":"post-5990","1":"product","2":"type-product","3":"status-publish","4":"has-post-thumbnail","6":"product_brand-tissin","7":"product_cat-uncategorized","8":"product_tag-tissin-ts905","10":"first","11":"instock","12":"shipping-taxable","13":"product-type-simple"},"_links":{"self":[{"href":"https:\/\/kateteco.com\/de\/wp-json\/wp\/v2\/product\/5990","targetHints":{"allow":["GET"]}}],"collection":[{"href":"https:\/\/kateteco.com\/de\/wp-json\/wp\/v2\/product"}],"about":[{"href":"https:\/\/kateteco.com\/de\/wp-json\/wp\/v2\/types\/product"}],"replies":[{"embeddable":true,"href":"https:\/\/kateteco.com\/de\/wp-json\/wp\/v2\/comments?post=5990"}],"version-history":[{"count":2,"href":"https:\/\/kateteco.com\/de\/wp-json\/wp\/v2\/product\/5990\/revisions"}],"predecessor-version":[{"id":5993,"href":"https:\/\/kateteco.com\/de\/wp-json\/wp\/v2\/product\/5990\/revisions\/5993"}],"wp:featuredmedia":[{"embeddable":true,"href":"https:\/\/kateteco.com\/de\/wp-json\/wp\/v2\/media\/5991"}],"wp:attachment":[{"href":"https:\/\/kateteco.com\/de\/wp-json\/wp\/v2\/media?parent=5990"}],"wp:term":[{"taxonomy":"product_brand","embeddable":true,"href":"https:\/\/kateteco.com\/de\/wp-json\/wp\/v2\/product_brand?post=5990"},{"taxonomy":"product_cat","embeddable":true,"href":"https:\/\/kateteco.com\/de\/wp-json\/wp\/v2\/product_cat?post=5990"},{"taxonomy":"product_tag","embeddable":true,"href":"https:\/\/kateteco.com\/de\/wp-json\/wp\/v2\/product_tag?post=5990"}],"curies":[{"name":"wp","href":"https:\/\/api.w.org\/{rel}","templated":true}]}}