{"id":5994,"date":"2026-01-05T06:18:42","date_gmt":"2026-01-05T06:18:42","guid":{"rendered":"https:\/\/kateteco.com\/?post_type=product&#038;p=5994"},"modified":"2026-01-05T06:18:42","modified_gmt":"2026-01-05T06:18:42","slug":"tissin-ts600r-e-p-positioner-rotary-actuator-precision-control","status":"publish","type":"product","link":"https:\/\/kateteco.com\/de\/produkt\/tissin-ts600r-e-p-positioner-rotary-actuator-precision-control\/","title":{"rendered":"TISSIN TS600R EP Positionierer | Pr\u00e4zisions-Drehantrieb"},"content":{"rendered":"<h3><strong>P<span style=\"color: #000000;\">Produktdetails &amp; Spezifikationen<\/span><\/strong><\/h3>\n<p class=\"ds-markdown-paragraph\"><span style=\"color: #000000;\"><strong>Kernmerkmale und Vorteile:<\/strong><\/span><\/p>\n<ul>\n<li>\n<p class=\"ds-markdown-paragraph\"><span style=\"color: #000000;\"><strong>Optimierter Drehantrieb<\/strong>Speziell entwickelt f\u00fcr pr\u00e4zise\u00a0<strong>Winkelpositionssteuerung<\/strong>\u00a0von Vierteldreh-Drehventilen (90\u00b0) und Klappenantrieben, die eine optimale Leistung f\u00fcr g\u00e4ngige industrielle Anwendungen wie Kugel-, Absperrklappen- und Kegelventile gew\u00e4hrleisten.<\/span><\/p>\n<\/li>\n<li>\n<p class=\"ds-markdown-paragraph\"><span style=\"color: #000000;\"><strong>Direkte elektropneumatische Umr\u00fcstung<\/strong>Als wahrer\u00a0<strong>EP (elektropneumatischer) Positionierer<\/strong>, Es wandelt ein 4-20mA-Steuersignal direkt in einen proportionalen Ausgangsluftdruck um, wodurch die Notwendigkeit und Komplexit\u00e4t eines externen I\/P-Wandlers entf\u00e4llt.<\/span><\/p>\n<\/li>\n<li>\n<p class=\"ds-markdown-paragraph\"><span style=\"color: #000000;\"><strong>Intuitive Einrichtung &amp; Diagnose<\/strong>Ausgestattet mit einer benutzerfreundlichen\u00a0<strong>LCD-Display und Drucktastenschnittstelle<\/strong>\u00a0f\u00fcr unkomplizierte Konfiguration vor Ort, Kalibrierung (einschlie\u00dflich Nullpunkt- und Spannenmessung) und grundlegende Betriebsdiagnose.<\/span><\/p>\n<\/li>\n<li>\n<p class=\"ds-markdown-paragraph\"><span style=\"color: #000000;\"><strong>Industrielle Langlebigkeit und Sicherheit<\/strong>Untergebracht in einem\u00a0<strong>robustes Geh\u00e4use aus Aluminiumguss oder Metall mit Schutzart IP66<\/strong>\u00a0Zum Schutz vor Staub und Wasserstrahlen. Entwickelt, um die Anforderungen zu erf\u00fcllen.\u00a0<strong>ATEX \/ IECEx<\/strong>\u00a0Zertifizierungsstandards f\u00fcr die sichere Anwendung in explosionsgef\u00e4hrdeten Bereichen.<\/span><\/p>\n<\/li>\n<\/ul>\n<p class=\"ds-markdown-paragraph\"><span style=\"color: #000000;\"><strong>Technische Parameter (repr\u00e4sentativ):<\/strong><\/span><\/p>\n<ul>\n<li>\n<p class=\"ds-markdown-paragraph\"><span style=\"color: #000000;\"><strong>Eingangssignal<\/strong>4-20 mA Gleichstrom, 2-Draht-System<\/span><\/p>\n<\/li>\n<li>\n<p class=\"ds-markdown-paragraph\"><span style=\"color: #000000;\"><strong>Ausgangsrotation<\/strong>: 0\u00b0 bis 90\u00b0 (Standard-Vierteldrehung)<\/span><\/p>\n<\/li>\n<li>\n<p class=\"ds-markdown-paragraph\"><span style=\"color: #000000;\"><strong>Druckluftversorgung<\/strong>: 1,4 \u2013 7 bar (20 \u2013 100 psi)<\/span><\/p>\n<\/li>\n<li>\n<p class=\"ds-markdown-paragraph\"><span style=\"color: #000000;\"><strong>Linearit\u00e4t und Hysterese<\/strong>Typischerweise &lt; \u00b11,0% des Vollausschlags<\/span><\/p>\n<\/li>\n<li>\n<p class=\"ds-markdown-paragraph\"><span style=\"color: #000000;\"><strong>Luftanschl\u00fcsse<\/strong>: 1\/4\u2033 NPT oder G1\/4 (Zulauf- und Ausgangsanschl\u00fcsse)<\/span><\/p>\n<\/li>\n<li>\n<p class=\"ds-markdown-paragraph\"><span style=\"color: #000000;\"><strong>Elektrischer Anschluss<\/strong>: 1\/2\u2033 NPT- oder M20-Rohreinf\u00fchrung<\/span><\/p>\n<\/li>\n<li>\n<p class=\"ds-markdown-paragraph\"><span style=\"color: #000000;\"><strong>Umgebungstemperatur<\/strong>Betriebstemperaturbereich: -20 \u00b0C bis +80 \u00b0C<\/span><\/p>\n<\/li>\n<li>\n<p class=\"ds-markdown-paragraph\"><span style=\"color: #000000;\"><strong>Geh\u00e4usebewertung<\/strong>:\u00a0<strong>IP66<\/strong>\u00a0(Staubdicht, Schutz gegen starke Wasserstrahlen)<\/span><\/p>\n<\/li>\n<li>\n<p class=\"ds-markdown-paragraph\"><span style=\"color: #000000;\"><strong>Sicherheitszertifizierungen<\/strong>:\u00a0<strong>ATEX \/ IECEx<\/strong>\u00a0Konform (F\u00fcr explosionsgef\u00e4hrdete Bereiche. Bitte \u00fcberpr\u00fcfen Sie die genaue Zone anhand des offiziellen Datenblatts).<\/span><\/p>\n<\/li>\n<li>\n<p class=\"ds-markdown-paragraph\"><span style=\"color: #000000;\"><strong>Montage<\/strong>: Direkte Ankopplung an Standard-Drehantriebswellen (z. B. ISO 5211 Montageschnittstelle oder gem\u00e4\u00df den Spezifikationen des Antriebsherstellers).<\/span><\/p>\n<\/li>\n<\/ul>\n<p class=\"ds-markdown-paragraph\"><span style=\"color: #000000;\"><strong>Markenversprechen &amp; Wert<\/strong><\/span><br \/>\n<span style=\"color: #000000;\">Die TS600R-Serie unterstreicht\u00a0<strong>TISSINs Engagement f\u00fcr die Bereitstellung anwendungsspezifischer, zuverl\u00e4ssiger Automatisierungsl\u00f6sungen<\/strong>. Indem wir uns auf die pr\u00e4zisen Anforderungen der Drehventilsteuerung konzentrieren, liefern wir ein Produkt, das Folgendes vereint\u00a0<strong>Einfachheit, Langlebigkeit und zuverl\u00e4ssige Leistung<\/strong>, unterst\u00fctzt durch unsere Ingenieurskompetenz und unser Engagement f\u00fcr Qualit\u00e4t.<\/span><\/p>\n<p class=\"ds-markdown-paragraph\"><span style=\"color: #000000;\"><strong>Sollten Sie Fragen haben oder das offizielle technische Datenblatt mit genauen Spezifikationen ben\u00f6tigen, wenden Sie sich bitte an das Kateteco-Team.<\/strong><\/span><\/p>","protected":false},"excerpt":{"rendered":"<p>Der Stellungsregler TISSIN TS600R EP erm\u00f6glicht die pr\u00e4zise pneumatische Ansteuerung von Drehventilen mit 4\u201320 mA. Er verf\u00fcgt \u00fcber ein robustes IP66-Geh\u00e4use, ein LCD-Display und alle notwendigen Sicherheitszertifizierungen f\u00fcr einen zuverl\u00e4ssigen Betrieb.<\/p>","protected":false},"featured_media":6008,"comment_status":"open","ping_status":"closed","template":"","meta":[],"product_brand":[43],"product_cat":[15],"product_tag":[800],"class_list":{"0":"post-5994","1":"product","2":"type-product","3":"status-publish","4":"has-post-thumbnail","6":"product_brand-tissin","7":"product_cat-uncategorized","8":"product_tag-ts600r-series","10":"first","11":"instock","12":"shipping-taxable","13":"product-type-simple"},"_links":{"self":[{"href":"https:\/\/kateteco.com\/de\/wp-json\/wp\/v2\/product\/5994","targetHints":{"allow":["GET"]}}],"collection":[{"href":"https:\/\/kateteco.com\/de\/wp-json\/wp\/v2\/product"}],"about":[{"href":"https:\/\/kateteco.com\/de\/wp-json\/wp\/v2\/types\/product"}],"replies":[{"embeddable":true,"href":"https:\/\/kateteco.com\/de\/wp-json\/wp\/v2\/comments?post=5994"}],"version-history":[{"count":2,"href":"https:\/\/kateteco.com\/de\/wp-json\/wp\/v2\/product\/5994\/revisions"}],"predecessor-version":[{"id":6010,"href":"https:\/\/kateteco.com\/de\/wp-json\/wp\/v2\/product\/5994\/revisions\/6010"}],"wp:featuredmedia":[{"embeddable":true,"href":"https:\/\/kateteco.com\/de\/wp-json\/wp\/v2\/media\/6008"}],"wp:attachment":[{"href":"https:\/\/kateteco.com\/de\/wp-json\/wp\/v2\/media?parent=5994"}],"wp:term":[{"taxonomy":"product_brand","embeddable":true,"href":"https:\/\/kateteco.com\/de\/wp-json\/wp\/v2\/product_brand?post=5994"},{"taxonomy":"product_cat","embeddable":true,"href":"https:\/\/kateteco.com\/de\/wp-json\/wp\/v2\/product_cat?post=5994"},{"taxonomy":"product_tag","embeddable":true,"href":"https:\/\/kateteco.com\/de\/wp-json\/wp\/v2\/product_tag?post=5994"}],"curies":[{"name":"wp","href":"https:\/\/api.w.org\/{rel}","templated":true}]}}