{"id":5997,"date":"2026-01-05T06:07:03","date_gmt":"2026-01-05T06:07:03","guid":{"rendered":"https:\/\/kateteco.com\/?post_type=product&#038;p=5997"},"modified":"2026-01-05T06:07:16","modified_gmt":"2026-01-05T06:07:16","slug":"tissin-ts720","status":"publish","type":"product","link":"https:\/\/kateteco.com\/de\/produkt\/tissin-ts720\/","title":{"rendered":"TISSIN TS720 Intelligenter Ventilpositionierer mit Ausfallsicherheit und Diagnosefunktion"},"content":{"rendered":"<h3><span style=\"color: #000000;\"><strong>Produktdetails und Spezifikationen<\/strong><\/span><\/h3>\n<p class=\"ds-markdown-paragraph\"><span style=\"color: #000000;\"><strong>Kernmerkmale und Vorteile:<\/strong><\/span><\/p>\n<ul>\n<li>\n<p class=\"ds-markdown-paragraph\"><span style=\"color: #000000;\"><strong>Ausfallsichere und erweiterte Diagnose<\/strong>Entwickelt f\u00fcr kritische Sicherheitssysteme mit verf\u00fcgbaren\u00a0<strong>Ausfallsichere (Ein\/Aus-)Funktionalit\u00e4t<\/strong>. Unterst\u00fctzt fortschrittliche Ventildiagnostik f\u00fcr die vorausschauende Wartung und beinhaltet Funktionen wie Teilhubtests (PST), um die Systemverf\u00fcgbarkeit und -sicherheit zu maximieren.<\/span><\/p>\n<\/li>\n<li>\n<p class=\"ds-markdown-paragraph\"><span style=\"color: #000000;\"><strong>Zertifizierte Sicherheit und robustes Design<\/strong>Entspricht strengen internationalen Sicherheitsstandards, einschlie\u00dflich\u00a0<strong>SIL 2\/SIL 3 Zertifizierung<\/strong>\u00a0f\u00fcr sicherheitsgerichtete Systeme und\u00a0<strong>ATEX\/IECEx-Zulassungen<\/strong>\u00a0F\u00fcr den Einsatz in explosionsgef\u00e4hrdeten Bereichen. Verf\u00fcgt \u00fcber eine robuste Konstruktion.\u00a0<strong>Geh\u00e4use mit Schutzart IP66<\/strong>\u00a0f\u00fcr einen zuverl\u00e4ssigen Betrieb in rauen, staubigen oder feuchten Industrieumgebungen.<\/span><\/p>\n<\/li>\n<li>\n<p class=\"ds-markdown-paragraph\"><span style=\"color: #000000;\"><strong>Dual-Signal-Ausgang &amp; Intelligente Kommunikation<\/strong>Bietet flexible Dual-Output-Konfigurationen (z. B. Doppelschalter oder Schalter plus Analogausgang) f\u00fcr vielseitige Steuerungskonzepte. Ausgestattet mit\u00a0<strong>HART-Protokollkommunikation<\/strong>\u00a0f\u00fcr einfache Konfiguration, Fern\u00fcberwachung und nahtlose Integration in moderne digitale Steuerungssysteme.<\/span><\/p>\n<\/li>\n<li>\n<p class=\"ds-markdown-paragraph\"><span style=\"color: #000000;\"><strong>Hohe Pr\u00e4zision und geringer Luftverbrauch<\/strong>Erm\u00f6glicht eine hochpr\u00e4zise Ventilpositionierung mit exzellenter Linearit\u00e4t und Wiederholgenauigkeit. Entwickelt f\u00fcr hohe Effizienz mit sehr geringem Luftverbrauch im station\u00e4ren Betrieb.<\/span><\/p>\n<\/li>\n<\/ul>\n<p class=\"ds-markdown-paragraph\"><span style=\"color: #000000;\"><strong>Technische Parameter:<\/strong><\/span><\/p>\n<ul>\n<li>\n<p class=\"ds-markdown-paragraph\"><span style=\"color: #000000;\"><strong>Eingangssignal<\/strong>: 4-20mA DC<\/span><\/p>\n<\/li>\n<li>\n<p class=\"ds-markdown-paragraph\"><span style=\"color: #000000;\"><strong>Eingangswiderstand<\/strong>: &lt; 500 \u03a9<\/span><\/p>\n<\/li>\n<li>\n<p class=\"ds-markdown-paragraph\"><span style=\"color: #000000;\"><strong>Druckluftversorgung<\/strong>: 0,15 \u2013 0,8 MPa (ca. 1,5 \u2013 8 bar)<\/span><\/p>\n<\/li>\n<li>\n<p class=\"ds-markdown-paragraph\"><span style=\"color: #000000;\"><strong>Ventilhub<\/strong>:<\/span><\/p>\n<ul>\n<li>\n<p class=\"ds-markdown-paragraph\"><span style=\"color: #000000;\">Linear: 10 \u2013 150 mm<\/span><\/p>\n<\/li>\n<li>\n<p class=\"ds-markdown-paragraph\"><span style=\"color: #000000;\">Drehbereich: 0 \u2013 90\u00b0<\/span><\/p>\n<\/li>\n<\/ul>\n<\/li>\n<li>\n<p class=\"ds-markdown-paragraph\"><span style=\"color: #000000;\"><strong>Verbindungen<\/strong>:<\/span><\/p>\n<ul>\n<li>\n<p class=\"ds-markdown-paragraph\"><span style=\"color: #000000;\">Luftzufuhr: PT1\/4, NPT1\/4 oder G1\/4<\/span><\/p>\n<\/li>\n<li>\n<p class=\"ds-markdown-paragraph\"><span style=\"color: #000000;\">Stromversorgung\/Elektrik: G1\/2, NPT1\/2 oder M20<\/span><\/p>\n<\/li>\n<\/ul>\n<\/li>\n<li>\n<p class=\"ds-markdown-paragraph\"><span style=\"color: #000000;\"><strong>Umgebungstemperaturbereich<\/strong>-25 \u00b0C bis +80 \u00b0C (Standard); -40 \u00b0C bis +80 \u00b0C (Niedertemperaturoption)<\/span><\/p>\n<\/li>\n<li>\n<p class=\"ds-markdown-paragraph\"><span style=\"color: #000000;\"><strong>Linearit\u00e4t<\/strong>: \u00b10,5% FS.<\/span><\/p>\n<\/li>\n<li>\n<p class=\"ds-markdown-paragraph\"><span style=\"color: #000000;\"><strong>Luftverbrauch<\/strong>: &lt; 0,01 l\/min (bei einem Versorgungsdruck von 0,14 MPa)<\/span><\/p>\n<\/li>\n<\/ul>\n<p class=\"ds-markdown-paragraph\"><span style=\"color: #000000;\"><strong>Markenversprechen &amp; Wert<\/strong><\/span><br \/>\n<span style=\"color: #000000;\">Die TS720-Serie verk\u00f6rpert\u00a0<strong>TISSINs Engagement f\u00fcr koreanische Pr\u00e4zisionstechnik und Fertigungsexzellenz<\/strong>. Wir liefern robuste, intelligente Automatisierungskomponenten, die Sicherheit, Zuverl\u00e4ssigkeit und Spitzenleistung in Ihren anspruchsvollsten Anwendungen gew\u00e4hrleisten, unterst\u00fctzt durch engagiertes technisches Fachwissen und Support.<\/span><\/p>\n<p class=\"ds-markdown-paragraph\"><span style=\"color: #000000;\">Bei Fragen wenden Sie sich bitte an die\u00a0<strong>Kateteco<\/strong>\u00a0Team.<\/span><\/p>","protected":false},"excerpt":{"rendered":"<p>Der TISSIN TS720 Advanced Smart Valve Positioner bietet eine zuverl\u00e4ssige und pr\u00e4zise Ventilsteuerung mit dualem Signalausgang und umfassenden Sicherheitszertifizierungen (SIL2\/ATEX) und ist ideal f\u00fcr kritische industrielle Prozesse geeignet.<\/p>","protected":false},"featured_media":5998,"comment_status":"open","ping_status":"closed","template":"","meta":[],"product_brand":[43],"product_cat":[15],"product_tag":[797],"class_list":{"0":"post-5997","1":"product","2":"type-product","3":"status-publish","4":"has-post-thumbnail","6":"product_brand-tissin","7":"product_cat-uncategorized","8":"product_tag-tissin-ts720","10":"first","11":"instock","12":"shipping-taxable","13":"product-type-simple"},"_links":{"self":[{"href":"https:\/\/kateteco.com\/de\/wp-json\/wp\/v2\/product\/5997","targetHints":{"allow":["GET"]}}],"collection":[{"href":"https:\/\/kateteco.com\/de\/wp-json\/wp\/v2\/product"}],"about":[{"href":"https:\/\/kateteco.com\/de\/wp-json\/wp\/v2\/types\/product"}],"replies":[{"embeddable":true,"href":"https:\/\/kateteco.com\/de\/wp-json\/wp\/v2\/comments?post=5997"}],"version-history":[{"count":2,"href":"https:\/\/kateteco.com\/de\/wp-json\/wp\/v2\/product\/5997\/revisions"}],"predecessor-version":[{"id":6000,"href":"https:\/\/kateteco.com\/de\/wp-json\/wp\/v2\/product\/5997\/revisions\/6000"}],"wp:featuredmedia":[{"embeddable":true,"href":"https:\/\/kateteco.com\/de\/wp-json\/wp\/v2\/media\/5998"}],"wp:attachment":[{"href":"https:\/\/kateteco.com\/de\/wp-json\/wp\/v2\/media?parent=5997"}],"wp:term":[{"taxonomy":"product_brand","embeddable":true,"href":"https:\/\/kateteco.com\/de\/wp-json\/wp\/v2\/product_brand?post=5997"},{"taxonomy":"product_cat","embeddable":true,"href":"https:\/\/kateteco.com\/de\/wp-json\/wp\/v2\/product_cat?post=5997"},{"taxonomy":"product_tag","embeddable":true,"href":"https:\/\/kateteco.com\/de\/wp-json\/wp\/v2\/product_tag?post=5997"}],"curies":[{"name":"wp","href":"https:\/\/api.w.org\/{rel}","templated":true}]}}