{"id":6001,"date":"2026-01-05T06:09:43","date_gmt":"2026-01-05T06:09:43","guid":{"rendered":"https:\/\/kateteco.com\/?post_type=product&#038;p=6001"},"modified":"2026-01-05T06:09:44","modified_gmt":"2026-01-05T06:09:44","slug":"tissin-ts820","status":"publish","type":"product","link":"https:\/\/kateteco.com\/de\/produkt\/tissin-ts820\/","title":{"rendered":"TISSIN TS820 Intelligenter Ventilpositionierer mit erweiterter Diagnose"},"content":{"rendered":"<h3><span style=\"color: #000000;\"><strong>Produktdetails und Spezifikationen<\/strong><\/span><\/h3>\n<p class=\"ds-markdown-paragraph\"><span style=\"color: #000000;\"><strong>Kernmerkmale und Vorteile:<\/strong><\/span><\/p>\n<ul>\n<li>\n<p class=\"ds-markdown-paragraph\"><span style=\"color: #000000;\"><strong>Proaktive Diagnostik<\/strong>Bietet fortschrittliche Diagnosefunktionen wie\u00a0<strong>partieller Schlaganfalltest (PST)<\/strong>\u00a0und die Entwicklung der Ventilleistung. Erm\u00f6glicht zustandsorientierte und vorausschauende Wartung zur Vermeidung ungeplanter Ausfallzeiten.<\/span><\/p>\n<\/li>\n<li>\n<p class=\"ds-markdown-paragraph\"><span style=\"color: #000000;\"><strong>Zertifizierte Sicherheit<\/strong>\uff1a Entwickelt, um die Anforderungen zu erf\u00fcllen\u00a0<strong>ATEX, IECEx<\/strong>, und anderen relevanten internationalen Sicherheitsstandards f\u00fcr den Einsatz in Gefahrenbereichen, um die Einhaltung der Vorschriften und die Betriebssicherheit zu gew\u00e4hrleisten.<\/span><\/p>\n<\/li>\n<li>\n<p class=\"ds-markdown-paragraph\"><span style=\"color: #000000;\"><strong>Robustes und anpassungsf\u00e4higes Design<\/strong>\uff1a Gefertigt mit einem robusten Geh\u00e4use mit einer Nennleistung von\u00a0<strong>IP66\/IP67<\/strong>, Sch\u00fctzt vor Staub und Wassereintritt. Geeignet f\u00fcr Linear- und Drehantriebe mit einem breiten Betriebstemperaturbereich.<\/span><\/p>\n<\/li>\n<li>\n<p class=\"ds-markdown-paragraph\"><span style=\"color: #000000;\"><strong>Intelligente Kommunikation<\/strong>Ausgestattet mit\u00a0<strong>HART-Protokoll<\/strong>\u00a0zur Fernkonfiguration, Kalibrierung und Echtzeit\u00fcberwachung, wodurch eine nahtlose Integration in moderne Steuerungssysteme erm\u00f6glicht wird.<\/span><\/p>\n<\/li>\n<\/ul>\n<p class=\"ds-markdown-paragraph\"><span style=\"color: #000000;\"><strong>Technische Parameter (Richtwerte):<\/strong><\/span><\/p>\n<ul>\n<li>\n<p class=\"ds-markdown-paragraph\"><span style=\"color: #000000;\"><strong>Eingangssignal<\/strong>: 4-20 mA mit HART<\/span><\/p>\n<\/li>\n<li>\n<p class=\"ds-markdown-paragraph\"><span style=\"color: #000000;\"><strong>Versorgungsdruckbereich<\/strong>1,4 \u2013 7 bar<\/span><\/p>\n<\/li>\n<li>\n<p class=\"ds-markdown-paragraph\"><span style=\"color: #000000;\"><strong>Luftanschl\u00fcsse<\/strong>: 1\/4\u2033 NPT oder G1\/4<\/span><\/p>\n<\/li>\n<li>\n<p class=\"ds-markdown-paragraph\"><span style=\"color: #000000;\"><strong>Umgebungstemperaturbereich<\/strong>-30 \u00b0C bis +80 \u00b0C<\/span><\/p>\n<\/li>\n<li>\n<p class=\"ds-markdown-paragraph\"><span style=\"color: #000000;\"><strong>Geh\u00e4usebewertung<\/strong>Schutzart IP66\/67 \/ NEMA 4X<\/span><\/p>\n<\/li>\n<li>\n<p class=\"ds-markdown-paragraph\"><span style=\"color: #000000;\"><strong>Sicherheitszertifizierungen<\/strong>ATEX, IECEx\u00a0<em>(\u8bf7\u786e\u8ba4\u5177\u4f53\u7b49\u7ea7\/\u5206\u533a)<\/em><\/span><\/p>\n<\/li>\n<li>\n<p class=\"ds-markdown-paragraph\"><span style=\"color: #000000;\"><strong>Diagnostik<\/strong>Teilschlagtest (PST), Leistungs\u00fcberwachung<\/span><\/p>\n<\/li>\n<li>\n<p class=\"ds-markdown-paragraph\"><span style=\"color: #000000;\"><strong>Montage<\/strong>Direktmontage nach ISO 5211-Standard<\/span><\/p>\n<\/li>\n<\/ul>\n<p class=\"ds-markdown-paragraph\"><span style=\"color: #000000;\"><strong>Markenversprechen &amp; Wert<\/strong><\/span><br \/>\n<span style=\"color: #000000;\">Die TS820-Serie ist ein Beispiel daf\u00fcr.\u00a0<strong>TISSINs Engagement f\u00fcr die Bereitstellung intelligenter und zuverl\u00e4ssiger Automatisierungsl\u00f6sungen durch Pr\u00e4zisionstechnik<\/strong>. Es wurde entwickelt, um die Ventilleistung zu optimieren und die Gesamtsystemeffizienz zu steigern, und zeichnet sich durch zuverl\u00e4ssige Qualit\u00e4t und kompetenten Support aus.<\/span><\/p>\n<p class=\"ds-markdown-paragraph\"><span style=\"color: #000000;\"><strong>Sollten Sie Fragen haben oder das offizielle Datenblatt mit genauen Spezifikationen ben\u00f6tigen, wenden Sie sich bitte an das Kateteco-Team.<\/strong><\/span><\/p>","protected":false},"excerpt":{"rendered":"<p>Der intelligente Ventilstellungsregler TISSIN TS820 bietet erweiterte Diagnosefunktionen f\u00fcr die vorausschauende Wartung. Er verf\u00fcgt \u00fcber HART-Kommunikation, ein robustes IP66-Geh\u00e4use und globale Sicherheitszertifizierungen f\u00fcr einen zuverl\u00e4ssigen Betrieb.<\/p>","protected":false},"featured_media":6002,"comment_status":"open","ping_status":"closed","template":"","meta":[],"product_brand":[43],"product_cat":[15],"product_tag":[798],"class_list":{"0":"post-6001","1":"product","2":"type-product","3":"status-publish","4":"has-post-thumbnail","6":"product_brand-tissin","7":"product_cat-uncategorized","8":"product_tag-tissin-ts820","10":"first","11":"instock","12":"shipping-taxable","13":"product-type-simple"},"_links":{"self":[{"href":"https:\/\/kateteco.com\/de\/wp-json\/wp\/v2\/product\/6001","targetHints":{"allow":["GET"]}}],"collection":[{"href":"https:\/\/kateteco.com\/de\/wp-json\/wp\/v2\/product"}],"about":[{"href":"https:\/\/kateteco.com\/de\/wp-json\/wp\/v2\/types\/product"}],"replies":[{"embeddable":true,"href":"https:\/\/kateteco.com\/de\/wp-json\/wp\/v2\/comments?post=6001"}],"version-history":[{"count":1,"href":"https:\/\/kateteco.com\/de\/wp-json\/wp\/v2\/product\/6001\/revisions"}],"predecessor-version":[{"id":6003,"href":"https:\/\/kateteco.com\/de\/wp-json\/wp\/v2\/product\/6001\/revisions\/6003"}],"wp:featuredmedia":[{"embeddable":true,"href":"https:\/\/kateteco.com\/de\/wp-json\/wp\/v2\/media\/6002"}],"wp:attachment":[{"href":"https:\/\/kateteco.com\/de\/wp-json\/wp\/v2\/media?parent=6001"}],"wp:term":[{"taxonomy":"product_brand","embeddable":true,"href":"https:\/\/kateteco.com\/de\/wp-json\/wp\/v2\/product_brand?post=6001"},{"taxonomy":"product_cat","embeddable":true,"href":"https:\/\/kateteco.com\/de\/wp-json\/wp\/v2\/product_cat?post=6001"},{"taxonomy":"product_tag","embeddable":true,"href":"https:\/\/kateteco.com\/de\/wp-json\/wp\/v2\/product_tag?post=6001"}],"curies":[{"name":"wp","href":"https:\/\/api.w.org\/{rel}","templated":true}]}}