{"id":6012,"date":"2026-01-05T06:25:59","date_gmt":"2026-01-05T06:25:59","guid":{"rendered":"https:\/\/kateteco.com\/?post_type=product&#038;p=6012"},"modified":"2026-01-05T06:25:59","modified_gmt":"2026-01-05T06:25:59","slug":"ts600r-with-position-transmitter","status":"publish","type":"product","link":"https:\/\/kateteco.com\/de\/produkt\/ts600r-with-position-transmitter\/","title":{"rendered":"TISSIN TS600R EP Positionierer mit integriertem Positionstransmitter"},"content":{"rendered":"<h3><span style=\"color: #000000;\"><strong>Produktdetails und Spezifikationen<\/strong><\/span><\/h3>\n<p class=\"ds-markdown-paragraph\"><span style=\"color: #000000;\"><strong>Kernmerkmale und Vorteile:<\/strong><\/span><\/p>\n<ul>\n<li>\n<p class=\"ds-markdown-paragraph\"><span style=\"color: #000000;\"><strong>All-in-One-Steuerung und -\u00dcberwachung<\/strong>Diese Einheit vereint die Funktionen eines\u00a0<strong>EP-Steller (elektropneumatisch) und ein Positionstransmitter<\/strong>\u00a0in einem einzigen Ger\u00e4t. Es steuert nicht nur das Ventil, sondern liefert auch ein kontinuierliches 4-20mA-R\u00fcckmeldesignal proportional zur tats\u00e4chlichen Ventilposition (0-90\u00b0), was eine pr\u00e4zise Fern\u00fcberwachung und Regelung innerhalb Ihres DCS- oder SPS-Systems erm\u00f6glicht.<\/span><\/p>\n<\/li>\n<li>\n<p class=\"ds-markdown-paragraph\"><span style=\"color: #000000;\"><strong>Verbesserte Prozess\u00fcbersicht und Sicherheit<\/strong>Der integrierte Messumformer liefert wichtige Ventilpositionsdaten in Echtzeit und erm\u00f6glicht so eine verbesserte Prozesstransparenz und Diagnose. Diese Funktion ist entscheidend f\u00fcr sicherheitsgerichtete Systeme (SIS) und Anwendungen, die hohe Zuverl\u00e4ssigkeit und pr\u00e4zise Ventilstatusbest\u00e4tigung erfordern.<\/span><\/p>\n<\/li>\n<li>\n<p class=\"ds-markdown-paragraph\"><span style=\"color: #000000;\"><strong>Zertifiziertes robustes Design<\/strong>: Konzipiert f\u00fcr anspruchsvolle Umgebungen mit einem\u00a0<strong>robustes Geh\u00e4use mit Schutzart IP66\/IP67<\/strong>. Entwickelt, um die wichtigsten internationalen Sicherheitsstandards zu erf\u00fcllen, einschlie\u00dflich\u00a0<strong>ATEX- und IECEx-Zertifizierungen<\/strong>\u00a0f\u00fcr den Einsatz in explosionsgef\u00e4hrdeten Bereichen, wobei sowohl Betriebssicherheit als auch die Einhaltung gesetzlicher Vorschriften gew\u00e4hrleistet werden.<\/span><\/p>\n<\/li>\n<li>\n<p class=\"ds-markdown-paragraph\"><span style=\"color: #000000;\"><strong>Optimiert f\u00fcr Drehantriebe<\/strong>: Speziell f\u00fcr Vierteldreh-Drehventile (0-90\u00b0) (Absperrklappen, Kugelventile, Kegelventile) entwickelt, bietet es eine einfache Montage und Kalibrierung direkt an der Bet\u00e4tigungswelle, wodurch die Installationskomplexit\u00e4t und der Platzbedarf reduziert werden.<\/span><\/p>\n<\/li>\n<\/ul>\n<p class=\"ds-markdown-paragraph\"><span style=\"color: #000000;\"><strong>Technische Parameter:<\/strong><\/span><\/p>\n<ul>\n<li>\n<p class=\"ds-markdown-paragraph\"><span style=\"color: #000000;\"><strong>Steuereingangssignal<\/strong>: 4-20 mA DC (2-Draht, f\u00fcr Ventilsteuerbefehl)<\/span><\/p>\n<\/li>\n<li>\n<p class=\"ds-markdown-paragraph\"><span style=\"color: #000000;\"><strong>R\u00fcckkopplungsausgangssignal<\/strong>: 4-20 mA DC (2-Draht, f\u00fcr die tats\u00e4chliche Ventilposition, 0-90\u00b0)<\/span><\/p>\n<\/li>\n<li>\n<p class=\"ds-markdown-paragraph\"><span style=\"color: #000000;\"><strong>Druckluftversorgung<\/strong>1,4 \u2013 7 bar<\/span><\/p>\n<\/li>\n<li>\n<p class=\"ds-markdown-paragraph\"><span style=\"color: #000000;\"><strong>Ausgangsdrehung \/ Positionsbereich<\/strong>: 0\u00b0 bis 90\u00b0 (Standard-Vierteldrehung)<\/span><\/p>\n<\/li>\n<li>\n<p class=\"ds-markdown-paragraph\"><span style=\"color: #000000;\"><strong>Linearit\u00e4t (Positionierung)<\/strong>: &lt; \u00b11,0% des Vollausschlags<\/span><\/p>\n<\/li>\n<li>\n<p class=\"ds-markdown-paragraph\"><span style=\"color: #000000;\"><strong>Genauigkeit (Sender)<\/strong>: &lt; \u00b10,5% des Skalenendwerts (typisch f\u00fcr R\u00fcckkopplung)<\/span><\/p>\n<\/li>\n<li>\n<p class=\"ds-markdown-paragraph\"><span style=\"color: #000000;\"><strong>Luftanschl\u00fcsse<\/strong>: 1\/4\u2033 NPT oder G1\/4 (Zulauf &amp; Ausgang)<\/span><\/p>\n<\/li>\n<li>\n<p class=\"ds-markdown-paragraph\"><span style=\"color: #000000;\"><strong>Elektrische Anschl\u00fcsse<\/strong>: Zwei 1\/2\u2033 NPT- oder M20-Eing\u00e4nge (f\u00fcr separate Strom-\/Steuerungs- und R\u00fcckkopplungsleitungen)<\/span><\/p>\n<\/li>\n<li>\n<p class=\"ds-markdown-paragraph\"><span style=\"color: #000000;\"><strong>Umgebungstemperatur<\/strong>-20 \u00b0C bis +80 \u00b0C<\/span><\/p>\n<\/li>\n<li>\n<p class=\"ds-markdown-paragraph\"><span style=\"color: #000000;\"><strong>Geh\u00e4usebewertung<\/strong>:\u00a0<strong>IP66\/67<\/strong><\/span><\/p>\n<\/li>\n<li>\n<p class=\"ds-markdown-paragraph\"><span style=\"color: #000000;\"><strong>Sicherheitszertifizierungen<\/strong>:\u00a0<strong>ATEX \/ IECEx<\/strong>\u00a0(Bitte best\u00e4tigen Sie die spezifischen Zonen\/Gruppen f\u00fcr Ihr Modell).<\/span><\/p>\n<\/li>\n<li>\n<p class=\"ds-markdown-paragraph\"><span style=\"color: #000000;\"><strong>Kommunikation<\/strong>Optional\u00a0<strong>HART-Protokoll<\/strong>\u00a0Overlay-Funktion sowohl f\u00fcr Steuer- als auch f\u00fcr R\u00fcckkopplungssignale zur erweiterten digitalen Konfiguration und Diagnose.<\/span><\/p>\n<\/li>\n<\/ul>\n<p class=\"ds-markdown-paragraph\"><span style=\"color: #000000;\"><strong>Markenversprechen &amp; Wert<\/strong><\/span><br \/>\n<span style=\"color: #000000;\">Der TS600R mit Positionssender verk\u00f6rpert\u00a0<strong>TISSINs Engagement f\u00fcr integrierte, wertsch\u00f6pfende L\u00f6sungen<\/strong>. Wir gehen \u00fcber die grundlegende Steuerung hinaus, indem wir intelligente Funktionen bereitstellen, die Systemautomatisierung, Sicherheit und Diagnosef\u00e4higkeit verbessern \u2013 alles durch unsere charakteristische Technologie.\u00a0<strong>Koreanische Pr\u00e4zisionstechnik und zuverl\u00e4ssige Leistung<\/strong>.<\/span><\/p>\n<p class=\"ds-markdown-paragraph\"><span style=\"color: #000000;\"><strong>Sollten Sie Fragen haben oder das offizielle Datenblatt mit den genauen Modellspezifikationen ben\u00f6tigen, wenden Sie sich bitte an das Kateteco-Team.<\/strong><\/span><\/p>","protected":false},"excerpt":{"rendered":"<p>Der TISSIN TS600R EP Stellungsregler mit integriertem Positionstransmitter erm\u00f6glicht eine pr\u00e4zise Ventilsteuerung und eine direkte R\u00fcckmeldung der Ventilposition \u00fcber ein 4-20mA-Signal f\u00fcr Drehanwendungen.<\/p>","protected":false},"featured_media":6013,"comment_status":"open","ping_status":"closed","template":"","meta":[],"product_brand":[43],"product_cat":[15],"product_tag":[801],"class_list":{"0":"post-6012","1":"product","2":"type-product","3":"status-publish","4":"has-post-thumbnail","6":"product_brand-tissin","7":"product_cat-uncategorized","8":"product_tag-ts600r-with-position-transmitter","10":"first","11":"instock","12":"shipping-taxable","13":"product-type-simple"},"_links":{"self":[{"href":"https:\/\/kateteco.com\/de\/wp-json\/wp\/v2\/product\/6012","targetHints":{"allow":["GET"]}}],"collection":[{"href":"https:\/\/kateteco.com\/de\/wp-json\/wp\/v2\/product"}],"about":[{"href":"https:\/\/kateteco.com\/de\/wp-json\/wp\/v2\/types\/product"}],"replies":[{"embeddable":true,"href":"https:\/\/kateteco.com\/de\/wp-json\/wp\/v2\/comments?post=6012"}],"version-history":[{"count":1,"href":"https:\/\/kateteco.com\/de\/wp-json\/wp\/v2\/product\/6012\/revisions"}],"predecessor-version":[{"id":6014,"href":"https:\/\/kateteco.com\/de\/wp-json\/wp\/v2\/product\/6012\/revisions\/6014"}],"wp:featuredmedia":[{"embeddable":true,"href":"https:\/\/kateteco.com\/de\/wp-json\/wp\/v2\/media\/6013"}],"wp:attachment":[{"href":"https:\/\/kateteco.com\/de\/wp-json\/wp\/v2\/media?parent=6012"}],"wp:term":[{"taxonomy":"product_brand","embeddable":true,"href":"https:\/\/kateteco.com\/de\/wp-json\/wp\/v2\/product_brand?post=6012"},{"taxonomy":"product_cat","embeddable":true,"href":"https:\/\/kateteco.com\/de\/wp-json\/wp\/v2\/product_cat?post=6012"},{"taxonomy":"product_tag","embeddable":true,"href":"https:\/\/kateteco.com\/de\/wp-json\/wp\/v2\/product_tag?post=6012"}],"curies":[{"name":"wp","href":"https:\/\/api.w.org\/{rel}","templated":true}]}}