{"id":6016,"date":"2026-01-05T06:30:13","date_gmt":"2026-01-05T06:30:13","guid":{"rendered":"https:\/\/kateteco.com\/?post_type=product&#038;p=6016"},"modified":"2026-01-05T06:30:14","modified_gmt":"2026-01-05T06:30:14","slug":"tissin-ts600r-limit-switches","status":"publish","type":"product","link":"https:\/\/kateteco.com\/de\/produkt\/tissin-ts600r-limit-switches\/","title":{"rendered":"TISSIN TS600R EP Positionierer mit integrierten Endschaltern"},"content":{"rendered":"<h3><span style=\"color: #000000;\"><strong>Produktdetails und Spezifikationen<\/strong><\/span><\/h3>\n<p class=\"ds-markdown-paragraph\"><span style=\"color: #000000;\"><strong>Kernmerkmale und Vorteile:<\/strong><\/span><\/p>\n<ul>\n<li>\n<p class=\"ds-markdown-paragraph\"><span style=\"color: #000000;\"><strong>Integrierte Steuerung und Anzeige<\/strong>Diese Variante kombiniert eine pr\u00e4zise\u00a0<strong>EP (elektropneumatischer) Positionierer<\/strong>\u00a0mit\u00a0<strong>integrierte mechanische oder N\u00e4herungs-Endschalter<\/strong>. Es bietet sowohl eine proportionale Ventilsteuerung als auch zuverl\u00e4ssige diskrete elektrische Signale zur Best\u00e4tigung der vollst\u00e4ndig ge\u00f6ffneten und vollst\u00e4ndig geschlossenen Ventilpositionen f\u00fcr die Verriegelung oder Fernanzeige.<\/span><\/p>\n<\/li>\n<li>\n<p class=\"ds-markdown-paragraph\"><span style=\"color: #000000;\"><strong>Verbesserte Sicherheit und Ablauflogik<\/strong>Die eingebauten Endschalter liefern eine eindeutige Ein\/Aus-R\u00fcckmeldung, die f\u00fcr Folgendes unerl\u00e4sslich ist:\u00a0<strong>Sicherheitsgerichtete Funktionen (SIF)<\/strong>, Freigabesequenzen und Prozessverriegelungslogik innerhalb Ihres Steuerungssystems, wodurch die Notwendigkeit und die Verdrahtungskomplexit\u00e4t separater Endschalters\u00e4tze entf\u00e4llt.<\/span><\/p>\n<\/li>\n<li>\n<p class=\"ds-markdown-paragraph\"><span style=\"color: #000000;\"><strong>Zertifizierte industrielle Robustheit<\/strong>Untergebracht in einem robusten Geh\u00e4use\u00a0<strong>Geh\u00e4use mit Schutzart IP66\/IP67<\/strong>\u00a0Entwickelt f\u00fcr den Einsatz in rauen Industrieumgebungen. Hergestellt gem\u00e4\u00df den geltenden Normen.\u00a0<strong>ATEX und IECEx<\/strong>\u00a0Zertifizierungen f\u00fcr den Einsatz in explosionsgef\u00e4hrdeten Bereichen gew\u00e4hrleisten einen sicheren und zuverl\u00e4ssigen Betrieb.<\/span><\/p>\n<\/li>\n<li>\n<p class=\"ds-markdown-paragraph\"><span style=\"color: #000000;\"><strong>Platzsparende und vereinfachte Installation<\/strong>Eine Komplettl\u00f6sung, die die Anzahl der Komponenten, Befestigungspunkte und Verkabelung am Aktor reduziert und so zu einer saubereren Installation, einem geringeren Wartungsaufwand und einer h\u00f6heren Zuverl\u00e4ssigkeit f\u00fchrt.<\/span><\/p>\n<\/li>\n<\/ul>\n<p class=\"ds-markdown-paragraph\"><span style=\"color: #000000;\"><strong>Technische Parameter:<\/strong><\/span><\/p>\n<ul>\n<li>\n<p class=\"ds-markdown-paragraph\"><span style=\"color: #000000;\"><strong>Steuereingangssignal<\/strong>: 4-20 mA DC (2-Draht-System zur Ventilpositionierung)<\/span><\/p>\n<\/li>\n<li>\n<p class=\"ds-markdown-paragraph\"><span style=\"color: #000000;\"><strong>Ausgang des Endschalters<\/strong>Typischerweise,\u00a0<strong>zwei (2) unabh\u00e4ngige SPDT-Schalter (Einpolig, Zweifachumschalter)<\/strong>, jeweils eine f\u00fcr offene und geschlossene Positionen.<\/span><\/p>\n<\/li>\n<li>\n<p class=\"ds-markdown-paragraph\"><span style=\"color: #000000;\"><strong>Schalterbewertungen<\/strong>\u00dcblicherweise 5 A bei 250 V AC \/ 5 A bei 30 V DC (ohmsche Last).\u00a0<em>Bitte best\u00e4tigen Sie die genauen Spezifikationen.<\/em><\/span><\/p>\n<\/li>\n<li>\n<p class=\"ds-markdown-paragraph\"><span style=\"color: #000000;\"><strong>Druckluftversorgung<\/strong>1,4 \u2013 7 bar<\/span><\/p>\n<\/li>\n<li>\n<p class=\"ds-markdown-paragraph\"><span style=\"color: #000000;\"><strong>Ausgangsrotation<\/strong>: 0\u00b0 bis 90\u00b0 (Vierteldrehung). Die Bet\u00e4tigung des Endschalters ist in diesem Bereich einstellbar.<\/span><\/p>\n<\/li>\n<li>\n<p class=\"ds-markdown-paragraph\"><span style=\"color: #000000;\"><strong>Luftanschl\u00fcsse<\/strong>: 1\/4\u2033 NPT oder G1\/4 (Zulauf- und Ausgangsanschl\u00fcsse)<\/span><\/p>\n<\/li>\n<li>\n<p class=\"ds-markdown-paragraph\"><span style=\"color: #000000;\"><strong>Elektrische Anschl\u00fcsse<\/strong>: Separate Kabeleinf\u00fchrungen f\u00fcr Steuersignale und Endschalterverdrahtung (z. B. 1\/2\u2033 NPT oder M20).<\/span><\/p>\n<\/li>\n<li>\n<p class=\"ds-markdown-paragraph\"><span style=\"color: #000000;\"><strong>Umgebungstemperatur<\/strong>-20 \u00b0C bis +80 \u00b0C<\/span><\/p>\n<\/li>\n<li>\n<p class=\"ds-markdown-paragraph\"><span style=\"color: #000000;\"><strong>Geh\u00e4usebewertung<\/strong>:\u00a0<strong>IP66\/67<\/strong><\/span><\/p>\n<\/li>\n<li>\n<p class=\"ds-markdown-paragraph\"><span style=\"color: #000000;\"><strong>Sicherheitszertifizierungen<\/strong>:\u00a0<strong>ATEX \/ IECEx<\/strong>\u00a0(Best\u00e4tigen Sie die spezifische Zoneneinteilung).<\/span><\/p>\n<\/li>\n<li>\n<p class=\"ds-markdown-paragraph\"><span style=\"color: #000000;\"><strong>Verstellbarkeit<\/strong>: Die Aktivierungspunkte der Endschalter sind\u00a0<strong>vor Ort einstellbar<\/strong>\u00a0\u00fcber externe Nocken oder interne Einstellungen ohne Demontage.<\/span><\/p>\n<\/li>\n<\/ul>\n<p class=\"ds-markdown-paragraph\"><span style=\"color: #000000;\"><strong>Markenversprechen &amp; Wert<\/strong><\/span><br \/>\n<span style=\"color: #000000;\">Die TS600R mit Endschaltern ist ein Beispiel daf\u00fcr.\u00a0<strong>TISSINs Philosophie, integrierte, benutzerzentrierte L\u00f6sungen zu liefern<\/strong>. Wir entwickeln Systeme mit Blick auf Praktikabilit\u00e4t und Zuverl\u00e4ssigkeit, indem wir wesentliche Funktionen kombinieren, um Ihre Konstruktion zu vereinfachen, die Systemsicherheit zu erh\u00f6hen und die Gesamtbetriebskosten zu senken.\u00a0<strong>robustes Design und hohe Fertigungsqualit\u00e4t<\/strong>.<\/span><\/p>\n<p class=\"ds-markdown-paragraph\"><span style=\"color: #000000;\"><strong>Sollten Sie Fragen haben oder das offizielle Datenblatt mit genauen Schalterspezifikationen und Zertifizierungen ben\u00f6tigen, wenden Sie sich bitte an das Kateteco-Team.<\/strong><\/span><\/p>","protected":false},"excerpt":{"rendered":"<p>Der TISSIN TS600R EP Stellungsregler mit integrierten Endschaltern bietet eine pr\u00e4zise pneumatische Steuerung und zuverl\u00e4ssige Endlagenbest\u00e4tigung f\u00fcr Vierteldreh-Drehventile.<\/p>","protected":false},"featured_media":6017,"comment_status":"open","ping_status":"closed","template":"","meta":[],"product_brand":[43],"product_cat":[15],"product_tag":[802],"class_list":{"0":"post-6016","1":"product","2":"type-product","3":"status-publish","4":"has-post-thumbnail","6":"product_brand-tissin","7":"product_cat-uncategorized","8":"product_tag-ts600r-with-limit-switch","10":"first","11":"instock","12":"shipping-taxable","13":"product-type-simple"},"_links":{"self":[{"href":"https:\/\/kateteco.com\/de\/wp-json\/wp\/v2\/product\/6016","targetHints":{"allow":["GET"]}}],"collection":[{"href":"https:\/\/kateteco.com\/de\/wp-json\/wp\/v2\/product"}],"about":[{"href":"https:\/\/kateteco.com\/de\/wp-json\/wp\/v2\/types\/product"}],"replies":[{"embeddable":true,"href":"https:\/\/kateteco.com\/de\/wp-json\/wp\/v2\/comments?post=6016"}],"version-history":[{"count":2,"href":"https:\/\/kateteco.com\/de\/wp-json\/wp\/v2\/product\/6016\/revisions"}],"predecessor-version":[{"id":6019,"href":"https:\/\/kateteco.com\/de\/wp-json\/wp\/v2\/product\/6016\/revisions\/6019"}],"wp:featuredmedia":[{"embeddable":true,"href":"https:\/\/kateteco.com\/de\/wp-json\/wp\/v2\/media\/6017"}],"wp:attachment":[{"href":"https:\/\/kateteco.com\/de\/wp-json\/wp\/v2\/media?parent=6016"}],"wp:term":[{"taxonomy":"product_brand","embeddable":true,"href":"https:\/\/kateteco.com\/de\/wp-json\/wp\/v2\/product_brand?post=6016"},{"taxonomy":"product_cat","embeddable":true,"href":"https:\/\/kateteco.com\/de\/wp-json\/wp\/v2\/product_cat?post=6016"},{"taxonomy":"product_tag","embeddable":true,"href":"https:\/\/kateteco.com\/de\/wp-json\/wp\/v2\/product_tag?post=6016"}],"curies":[{"name":"wp","href":"https:\/\/api.w.org\/{rel}","templated":true}]}}