{"id":6020,"date":"2026-01-05T06:34:50","date_gmt":"2026-01-05T06:34:50","guid":{"rendered":"https:\/\/kateteco.com\/?post_type=product&#038;p=6020"},"modified":"2026-01-05T06:34:52","modified_gmt":"2026-01-05T06:34:52","slug":"ts600r-with-limit-switch-box","status":"publish","type":"product","link":"https:\/\/kateteco.com\/de\/produkt\/ts600r-with-limit-switch-box\/","title":{"rendered":"TISSIN TS600R EP Stellungsregler mit externem Endschalterkasten"},"content":{"rendered":"<h3><span style=\"color: #000000;\"><strong>Produktdetails und Spezifikationen<\/strong><\/span><\/h3>\n<p class=\"ds-markdown-paragraph\"><span style=\"color: #000000;\"><strong>Kernmerkmale und Vorteile:<\/strong><\/span><\/p>\n<ul>\n<li>\n<p class=\"ds-markdown-paragraph\"><span style=\"color: #000000;\"><strong>Modulares und flexibles Design<\/strong>Dieses System beinhaltet den Kern\u00a0<strong>TS600R EP (Elektropneumatischer) Positionierer<\/strong>\u00a0gepaart mit einem separaten, extern montierten\u00a0<strong>Endschalterkasten<\/strong>. Dieser modulare Ansatz bietet eine \u00fcberlegene Flexibilit\u00e4t f\u00fcr die Installation in beengten Bereichen oder f\u00fcr die Nachr\u00fcstung an bestehenden Aktuatoren, bei denen integrierte Schalter nicht realisierbar sind.<\/span><\/p>\n<\/li>\n<li>\n<p class=\"ds-markdown-paragraph\"><span style=\"color: #000000;\"><strong>Zuverl\u00e4ssige Positionsanzeige<\/strong>Die externe Schalterbox beherbergt\u00a0<strong>einstellbare Endschalter (typischerweise SPDT)<\/strong>\u00a0Sie liefern zuverl\u00e4ssige, diskrete elektrische Signale zur Best\u00e4tigung kritischer Ventilendpositionen (Offen\/Geschlossen). Dies ist unerl\u00e4sslich f\u00fcr Sicherheitsverriegelungsschaltungen, Ablaufsteuerung und Fernanzeige.<\/span><\/p>\n<\/li>\n<li>\n<p class=\"ds-markdown-paragraph\"><span style=\"color: #000000;\"><strong>Zertifizierte, robuste Konstruktion<\/strong>Sowohl der Positionierer als auch der Schaltkasten sind aus folgenden Materialien gefertigt:\u00a0<strong>robuste, IP66-zertifizierte Geh\u00e4use<\/strong>\u00a0Um rauen Industrieumgebungen standzuhalten, ist das System so konzipiert, dass es internationalen Standards entspricht.\u00a0<strong>ATEX \/ IECEx<\/strong>\u00a0Normen f\u00fcr die Nutzung explosionsgef\u00e4hrdeter Bereiche, die Sicherheit und Konformit\u00e4t gew\u00e4hrleisten.<\/span><\/p>\n<\/li>\n<li>\n<p class=\"ds-markdown-paragraph\"><span style=\"color: #000000;\"><strong>Vereinfachte Wartung und Instandhaltung<\/strong>Die modulare Bauweise erm\u00f6glicht die unabh\u00e4ngige Wartung, Pr\u00fcfung oder den Austausch des Stellungsreglers oder des Endschalterkastens, ohne den jeweils anderen zu beeintr\u00e4chtigen. Dadurch werden Ausfallzeiten und die Komplexit\u00e4t der Wartung reduziert.<\/span><\/p>\n<\/li>\n<\/ul>\n<p class=\"ds-markdown-paragraph\"><span style=\"color: #000000;\"><strong>Technische Parameter:<\/strong><\/span><\/p>\n<ul>\n<li>\n<p class=\"ds-markdown-paragraph\"><span style=\"color: #000000;\"><strong>Positioniererkern (TS600R):<\/strong><\/span><\/p>\n<ul>\n<li>\n<p class=\"ds-markdown-paragraph\"><span style=\"color: #000000;\"><strong>Eingangssignal<\/strong>: 4-20 mA DC (2-Draht-Steuerung)<\/span><\/p>\n<\/li>\n<li>\n<p class=\"ds-markdown-paragraph\"><span style=\"color: #000000;\"><strong>Ausgangsrotation<\/strong>: 0\u00b0 bis 90\u00b0 (Vierteldrehung)<\/span><\/p>\n<\/li>\n<li>\n<p class=\"ds-markdown-paragraph\"><span style=\"color: #000000;\"><strong>Druckluftversorgung<\/strong>1,4 \u2013 7 bar<\/span><\/p>\n<\/li>\n<li>\n<p class=\"ds-markdown-paragraph\"><span style=\"color: #000000;\"><strong>Luftanschl\u00fcsse<\/strong>: 1\/4\u2033 NPT oder G1\/4<\/span><\/p>\n<\/li>\n<\/ul>\n<\/li>\n<li>\n<p class=\"ds-markdown-paragraph\"><span style=\"color: #000000;\"><strong>Endschalterkasten:<\/strong><\/span><\/p>\n<ul>\n<li>\n<p class=\"ds-markdown-paragraph\"><span style=\"color: #000000;\"><strong>Schaltertyp<\/strong>:\u00a0<strong>Zwei (2) oder mehr SPDT-Mikroschalter (Single Pole, Double Throw)<\/strong>\u00a0oder Festk\u00f6rper-N\u00e4herungssensoren.<\/span><\/p>\n<\/li>\n<li>\n<p class=\"ds-markdown-paragraph\"><span style=\"color: #000000;\"><strong>Elektrische Nennleistung<\/strong>Typischerweise 5 A bei 250 V AC \/ 5 A bei 30 V DC (Genaue Spezifikationen bitte best\u00e4tigen).<\/span><\/p>\n<\/li>\n<li>\n<p class=\"ds-markdown-paragraph\"><span style=\"color: #000000;\"><strong>Verstellbarkeit<\/strong>:\u00a0<strong>Vor Ort einstellbar<\/strong>\u00a0Nockeneinstellung f\u00fcr pr\u00e4zise Bet\u00e4tigung der Position \u201eOffen\/Geschlossen\u201c.<\/span><\/p>\n<\/li>\n<li>\n<p class=\"ds-markdown-paragraph\"><span style=\"color: #000000;\"><strong>Verbindung<\/strong>: Separater Kabeleinf\u00fchrungskanal (z. B. 1\/2\u2033 NPT oder M20) f\u00fcr die Schalterverdrahtung.<\/span><\/p>\n<\/li>\n<\/ul>\n<\/li>\n<li>\n<p class=\"ds-markdown-paragraph\"><span style=\"color: #000000;\"><strong>Allgemeine Spezifikationen:<\/strong><\/span><\/p>\n<ul>\n<li>\n<p class=\"ds-markdown-paragraph\"><span style=\"color: #000000;\"><strong>Umgebungstemperatur<\/strong>-20 \u00b0C bis +80 \u00b0C<\/span><\/p>\n<\/li>\n<li>\n<p class=\"ds-markdown-paragraph\"><span style=\"color: #000000;\"><strong>Geh\u00e4usebewertung<\/strong>:\u00a0<strong>IP66<\/strong>\u00a0(Beide Einheiten)<\/span><\/p>\n<\/li>\n<li>\n<p class=\"ds-markdown-paragraph\"><span style=\"color: #000000;\"><strong>Sicherheitszertifizierungen<\/strong>:\u00a0<strong>ATEX \/ IECEx<\/strong>\u00a0Geeignet f\u00fcr explosionsgef\u00e4hrdete Bereiche (Klassifizierung best\u00e4tigen).<\/span><\/p>\n<\/li>\n<li>\n<p class=\"ds-markdown-paragraph\"><span style=\"color: #000000;\"><strong>Montage<\/strong>Der Positionierer wird direkt an der Antriebswelle des Aktuators montiert; der Schaltkasten wird daneben \u00fcber ein Gest\u00e4nge oder eine Halterung (oft im Lieferumfang enthalten) montiert.<\/span><\/p>\n<\/li>\n<\/ul>\n<\/li>\n<\/ul>\n<p class=\"ds-markdown-paragraph\"><span style=\"color: #000000;\"><strong>Markenversprechen &amp; Wert<\/strong><\/span><br \/>\n<span style=\"color: #000000;\">Diese modulare L\u00f6sung spiegelt wider\u00a0<strong>TISSINs Engagement f\u00fcr die Bereitstellung vielseitiger und praktischer Automatisierungswerkzeuge<\/strong>. Durch das Angebot einer flexiblen, extern montierbaren Schalterbox erm\u00f6glichen wir Ingenieuren, individuelle Installationsherausforderungen zu meistern und gleichzeitig unsere hohen Qualit\u00e4tsstandards einzuhalten.\u00a0<strong>Zuverl\u00e4ssigkeit, Langlebigkeit und technische Leistung<\/strong>.<\/span><\/p>\n<p class=\"ds-markdown-paragraph\"><span style=\"color: #000000;\"><strong>Sollten Sie Fragen haben oder das offizielle Datenblatt mit detaillierten Informationen zur Schaltkastenverkn\u00fcpfung und den genauen Zertifizierungen ben\u00f6tigen, wenden Sie sich bitte an das Kateteco-Team.<\/strong><\/span><\/p>","protected":false},"excerpt":{"rendered":"<p>Die TISSIN TS600R mit externem Endschalterkasten bietet modulare Ventilsteuerung und zuverl\u00e4ssige Positionsr\u00fcckmeldung. Sie zeichnet sich durch robustes Design, Schutzart IP66 und wichtige Sicherheitszertifizierungen aus.<\/p>","protected":false},"featured_media":6021,"comment_status":"open","ping_status":"closed","template":"","meta":[],"product_brand":[43],"product_cat":[15],"product_tag":[803],"class_list":{"0":"post-6020","1":"product","2":"type-product","3":"status-publish","4":"has-post-thumbnail","6":"product_brand-tissin","7":"product_cat-uncategorized","8":"product_tag-ts600r-with-limit-switch-box","10":"first","11":"instock","12":"shipping-taxable","13":"product-type-simple"},"_links":{"self":[{"href":"https:\/\/kateteco.com\/de\/wp-json\/wp\/v2\/product\/6020","targetHints":{"allow":["GET"]}}],"collection":[{"href":"https:\/\/kateteco.com\/de\/wp-json\/wp\/v2\/product"}],"about":[{"href":"https:\/\/kateteco.com\/de\/wp-json\/wp\/v2\/types\/product"}],"replies":[{"embeddable":true,"href":"https:\/\/kateteco.com\/de\/wp-json\/wp\/v2\/comments?post=6020"}],"version-history":[{"count":2,"href":"https:\/\/kateteco.com\/de\/wp-json\/wp\/v2\/product\/6020\/revisions"}],"predecessor-version":[{"id":6023,"href":"https:\/\/kateteco.com\/de\/wp-json\/wp\/v2\/product\/6020\/revisions\/6023"}],"wp:featuredmedia":[{"embeddable":true,"href":"https:\/\/kateteco.com\/de\/wp-json\/wp\/v2\/media\/6021"}],"wp:attachment":[{"href":"https:\/\/kateteco.com\/de\/wp-json\/wp\/v2\/media?parent=6020"}],"wp:term":[{"taxonomy":"product_brand","embeddable":true,"href":"https:\/\/kateteco.com\/de\/wp-json\/wp\/v2\/product_brand?post=6020"},{"taxonomy":"product_cat","embeddable":true,"href":"https:\/\/kateteco.com\/de\/wp-json\/wp\/v2\/product_cat?post=6020"},{"taxonomy":"product_tag","embeddable":true,"href":"https:\/\/kateteco.com\/de\/wp-json\/wp\/v2\/product_tag?post=6020"}],"curies":[{"name":"wp","href":"https:\/\/api.w.org\/{rel}","templated":true}]}}