{"id":6024,"date":"2026-01-05T06:38:55","date_gmt":"2026-01-05T06:38:55","guid":{"rendered":"https:\/\/kateteco.com\/?post_type=product&#038;p=6024"},"modified":"2026-01-05T06:38:55","modified_gmt":"2026-01-05T06:38:55","slug":"ts600r-with-position-transmitter-2","status":"publish","type":"product","link":"https:\/\/kateteco.com\/de\/produkt\/ts600r-with-position-transmitter-2\/","title":{"rendered":"TISSIN TS600R EP Positionierer mit integriertem Positionstransmitter"},"content":{"rendered":"<h3><span style=\"color: #000000;\"><strong>Produktdetails und Spezifikationen<\/strong><\/span><\/h3>\n<p class=\"ds-markdown-paragraph\"><span style=\"color: #000000;\"><strong>Kernmerkmale und Vorteile:<\/strong><\/span><\/p>\n<ul>\n<li>\n<p class=\"ds-markdown-paragraph\"><span style=\"color: #000000;\"><strong>All-in-One-Steuerung und -R\u00fcckmeldung<\/strong>Dieses Ger\u00e4t kombiniert eine pr\u00e4zise\u00a0<strong>EP (elektropneumatischer) Positionierer<\/strong>\u00a0und ein\u00a0<strong>Positionssender<\/strong>\u00a0in einer einzigen, kompakten Einheit. Sie steuert die Ventilbewegung und liefert gleichzeitig ein kontinuierliches 4-20-mA-Ausgangssignal, das direkt proportional zur tats\u00e4chlichen Ventilposition (0-90\u00b0) ist und somit Echtzeit\u00fcberwachung und Regelung in Ihrem Steuerungssystem erm\u00f6glicht.<\/span><\/p>\n<\/li>\n<li>\n<p class=\"ds-markdown-paragraph\"><span style=\"color: #000000;\"><strong>Verbesserte Prozesstransparenz und Sicherheit<\/strong>Der integrierte Transmitter liefert kritische Ventilpositionsdaten in Echtzeit, die f\u00fcr fortgeschrittene Diagnoseverfahren, Prozessoptimierung und sicherheitsgerichtete Systeme (SIS) unerl\u00e4sslich sind, bei denen eine pr\u00e4zise Best\u00e4tigung des Ventilstatus erforderlich ist.<\/span><\/p>\n<\/li>\n<li>\n<p class=\"ds-markdown-paragraph\"><span style=\"color: #000000;\"><strong>Zertifiziertes robustes Design<\/strong>: Konzipiert f\u00fcr anspruchsvolle Umgebungen mit einem\u00a0<strong>robustes Geh\u00e4use mit Schutzart IP66<\/strong>\u00a0Das Produkt sch\u00fctzt vor Staub und starken Wasserstrahlen. Entwickelt, um den geltenden Normen zu entsprechen.\u00a0<strong>ATEX und IECEx<\/strong>\u00a0Internationale Sicherheitsstandards f\u00fcr den Einsatz in Gefahrenbereichen.<\/span><\/p>\n<\/li>\n<li>\n<p class=\"ds-markdown-paragraph\"><span style=\"color: #000000;\"><strong>Optimiert f\u00fcr Rotationsanwendungen<\/strong>Speziell entwickelt f\u00fcr Vierteldrehventile (0\u201390\u00b0) wie Absperrklappen, Kugelventile und Kegelventile. Erm\u00f6glicht die direkte und einfache Montage auf der Stellwelle f\u00fcr eine problemlose Installation und Inbetriebnahme.<\/span><\/p>\n<\/li>\n<\/ul>\n<p class=\"ds-markdown-paragraph\"><span style=\"color: #000000;\"><strong>Technische Parameter:<\/strong><\/span><\/p>\n<ul>\n<li>\n<p class=\"ds-markdown-paragraph\"><span style=\"color: #000000;\"><strong>Steuereingangssignal<\/strong>: 4-20 mA Gleichstrom (2-Draht-System)<\/span><\/p>\n<\/li>\n<li>\n<p class=\"ds-markdown-paragraph\"><span style=\"color: #000000;\"><strong>R\u00fcckkopplungsausgangssignal<\/strong>: 4-20 mA DC (2-Draht, entspricht 0-90\u00b0 Ventilstellung)<\/span><\/p>\n<\/li>\n<li>\n<p class=\"ds-markdown-paragraph\"><span style=\"color: #000000;\"><strong>Druckluftversorgung<\/strong>: 1,4 \u2013 7 bar (Standardbereich)<\/span><\/p>\n<\/li>\n<li>\n<p class=\"ds-markdown-paragraph\"><span style=\"color: #000000;\"><strong>Ausgangsrotation<\/strong>: 0\u00b0 bis 90\u00b0<\/span><\/p>\n<\/li>\n<li>\n<p class=\"ds-markdown-paragraph\"><span style=\"color: #000000;\"><strong>Linearit\u00e4t (Positionierung)<\/strong>Typischerweise &lt; \u00b11,0% des Vollausschlags<\/span><\/p>\n<\/li>\n<li>\n<p class=\"ds-markdown-paragraph\"><span style=\"color: #000000;\"><strong>Luftanschl\u00fcsse<\/strong>: 1\/4\u2033 NPT oder G1\/4 (Zulauf- und Ausgangsanschl\u00fcsse)<\/span><\/p>\n<\/li>\n<li>\n<p class=\"ds-markdown-paragraph\"><span style=\"color: #000000;\"><strong>Elektrische Anschl\u00fcsse<\/strong>: Zwei Kabeleinf\u00fchrungen (z. B. 1\/2\u2033 NPT oder M20) f\u00fcr separate Steuer- und R\u00fcckkopplungsleitungen.<\/span><\/p>\n<\/li>\n<li>\n<p class=\"ds-markdown-paragraph\"><span style=\"color: #000000;\"><strong>Umgebungstemperatur<\/strong>Betriebstemperaturbereich: -20 \u00b0C bis +80 \u00b0C<\/span><\/p>\n<\/li>\n<li>\n<p class=\"ds-markdown-paragraph\"><span style=\"color: #000000;\"><strong>Geh\u00e4usebewertung<\/strong>:\u00a0<strong>IP66<\/strong>\u00a0\/ NEMA 4X<\/span><\/p>\n<\/li>\n<li>\n<p class=\"ds-markdown-paragraph\"><span style=\"color: #000000;\"><strong>Sicherheitszertifizierungen<\/strong>:\u00a0<strong>ATEX \/ IECEx<\/strong>\u00a0(Die genaue Zoneneinteilung wird im Datenblatt best\u00e4tigt).<\/span><\/p>\n<\/li>\n<\/ul>\n<p class=\"ds-markdown-paragraph\"><span style=\"color: #000000;\"><strong>Markenversprechen &amp; Wert<\/strong><\/span><br \/>\n<span style=\"color: #000000;\">Der TS600R mit integriertem Positionssender ist ein Beispiel daf\u00fcr.\u00a0<strong>TISSINs Engagement f\u00fcr intelligente, wertsch\u00f6pfende L\u00f6sungen<\/strong>. Wir liefern nicht nur Kontrolle, sondern auch entscheidende Einblicke in die Prozesse durch\u00a0<strong>Integriertes Design und zuverl\u00e4ssige koreanische Ingenieurskunst<\/strong>, wodurch der Automatisierungsgrad, die Sicherheit und die betriebliche Effizienz Ihres Systems verbessert werden.<\/span><\/p>\n<p class=\"ds-markdown-paragraph\"><span style=\"color: #000000;\"><strong>F\u00fcr detaillierte Spezifikationen, Schaltpl\u00e4ne und Best\u00e4tigungen der Zertifizierungen wenden Sie sich bitte an das Kateteco-Team.<\/strong><\/span><\/p>","protected":false},"excerpt":{"rendered":"<p>Der TISSIN TS600R EP Stellungsregler mit integriertem Positionstransmitter erm\u00f6glicht eine pr\u00e4zise Ventilsteuerung und liefert eine kontinuierliche Positionsr\u00fcckmeldung (4\u201320 mA). Er ist Schutzart IP66 und ATEX-konform f\u00fcr Drehantriebe.<\/p>","protected":false},"featured_media":6025,"comment_status":"open","ping_status":"closed","template":"","meta":[],"product_brand":[43],"product_cat":[15],"product_tag":[801],"class_list":{"0":"post-6024","1":"product","2":"type-product","3":"status-publish","4":"has-post-thumbnail","6":"product_brand-tissin","7":"product_cat-uncategorized","8":"product_tag-ts600r-with-position-transmitter","10":"first","11":"instock","12":"shipping-taxable","13":"product-type-simple"},"_links":{"self":[{"href":"https:\/\/kateteco.com\/de\/wp-json\/wp\/v2\/product\/6024","targetHints":{"allow":["GET"]}}],"collection":[{"href":"https:\/\/kateteco.com\/de\/wp-json\/wp\/v2\/product"}],"about":[{"href":"https:\/\/kateteco.com\/de\/wp-json\/wp\/v2\/types\/product"}],"replies":[{"embeddable":true,"href":"https:\/\/kateteco.com\/de\/wp-json\/wp\/v2\/comments?post=6024"}],"version-history":[{"count":1,"href":"https:\/\/kateteco.com\/de\/wp-json\/wp\/v2\/product\/6024\/revisions"}],"predecessor-version":[{"id":6026,"href":"https:\/\/kateteco.com\/de\/wp-json\/wp\/v2\/product\/6024\/revisions\/6026"}],"wp:featuredmedia":[{"embeddable":true,"href":"https:\/\/kateteco.com\/de\/wp-json\/wp\/v2\/media\/6025"}],"wp:attachment":[{"href":"https:\/\/kateteco.com\/de\/wp-json\/wp\/v2\/media?parent=6024"}],"wp:term":[{"taxonomy":"product_brand","embeddable":true,"href":"https:\/\/kateteco.com\/de\/wp-json\/wp\/v2\/product_brand?post=6024"},{"taxonomy":"product_cat","embeddable":true,"href":"https:\/\/kateteco.com\/de\/wp-json\/wp\/v2\/product_cat?post=6024"},{"taxonomy":"product_tag","embeddable":true,"href":"https:\/\/kateteco.com\/de\/wp-json\/wp\/v2\/product_tag?post=6024"}],"curies":[{"name":"wp","href":"https:\/\/api.w.org\/{rel}","templated":true}]}}