{"id":6040,"date":"2026-01-05T08:18:04","date_gmt":"2026-01-05T08:18:04","guid":{"rendered":"https:\/\/kateteco.com\/?post_type=product&#038;p=6040"},"modified":"2026-01-08T07:16:21","modified_gmt":"2026-01-08T07:16:21","slug":"rosemount-4051s-pressure-transmitter","status":"publish","type":"product","link":"https:\/\/kateteco.com\/de\/produkt\/rosemount-4051s-pressure-transmitter\/","title":{"rendered":"Rosemount\u2122 4051S Drucktransmitter"},"content":{"rendered":"<div class=\"col-xs-12 col-sm-4 col-md-3\">\n<h3>Merkmale<\/h3>\n<\/div>\n<div id=\"featuresButton-3074457345649514668\" class=\"col-xs-12 col-sm-8 col-md-9\"><\/div>\n<div class=\"col-xs-12\">\n<ul>\n<li>Bluetooth<sup>\u00ae<\/sup>\u00a0Vernetzung zur Vereinfachung von Konfiguration und Wartung sowie zur Erh\u00f6hung der Personensicherheit<\/li>\n<li>Das grafische, hintergrundbeleuchtete Display ist gr\u00f6\u00dfer, besser lesbar und in sieben Sprachen verf\u00fcgbar.<\/li>\n<li>Die vollst\u00e4ndig verschwei\u00dfte, hermetisch abgedichtete SuperModule-Plattform aus Edelstahl widersteht \u00dcberdruck und Leitungsdruckeinfl\u00fcssen und gew\u00e4hrleistet so eine Genauigkeit von 0,025%.<\/li>\n<li>Branchenf\u00fchrende 20-j\u00e4hrige eingeschr\u00e4nkte Garantie &amp; 20 Jahre Stabilit\u00e4t<\/li>\n<li>Schnellere Reaktionszeiten, weniger als 50 ms<\/li>\n<li>Die 800:1-Rangedown-L\u00f6sung reduziert die Anzahl der ben\u00f6tigten Einzelmodelle.<\/li>\n<li>Die integrierten Funktionspr\u00fcfungen gew\u00e4hrleisten eine zuverl\u00e4ssige \u00dcberpr\u00fcfung der Ger\u00e4tefunktionalit\u00e4t und verbessern so die Betriebseffizienz und Sicherheit.<\/li>\n<li>Vollst\u00e4ndige Diagnoseabdeckung vom Prozess bis zum Kontrollraum<\/li>\n<li>Schnelle und einfache Ger\u00e4teverbindung vereinfacht die Kontrollg\u00e4nge des Bedieners.<\/li>\n<li>Integrierte Relais-Schalter k\u00f6nnen dazu beitragen, Ausfall-, Genauigkeits- und Zuverl\u00e4ssigkeitsprobleme, die bei Einzelschaltern auftreten k\u00f6nnen, zu vermeiden und erm\u00f6glichen einfache Ein-\/Ausschaltfunktionen f\u00fcr Anwendungen ohne SPS oder Prozessleitsystem.<\/li>\n<li>SIL 2\/3-zertifiziert nach IEC 61508 (durch Dritte) und Vorverwendungszertifikat f\u00fcr FMEDA-Daten f\u00fcr Sicherheitsinstallationen<\/li>\n<\/ul>\n<\/div>","protected":false},"excerpt":{"rendered":"<p>Der Rosemount 4051S Drucktransmitter bietet innovative Funktionen, die Ihnen helfen k\u00f6nnen, Ihre Betriebsabl\u00e4ufe zu revolutionieren.<\/p>","protected":false},"featured_media":6127,"comment_status":"open","ping_status":"closed","template":"","meta":[],"product_brand":[42],"product_cat":[15],"product_tag":[808],"class_list":{"0":"post-6040","1":"product","2":"type-product","3":"status-publish","4":"has-post-thumbnail","6":"product_brand-rosemount","7":"product_cat-uncategorized","8":"product_tag-4051s","10":"first","11":"instock","12":"shipping-taxable","13":"product-type-simple"},"_links":{"self":[{"href":"https:\/\/kateteco.com\/de\/wp-json\/wp\/v2\/product\/6040","targetHints":{"allow":["GET"]}}],"collection":[{"href":"https:\/\/kateteco.com\/de\/wp-json\/wp\/v2\/product"}],"about":[{"href":"https:\/\/kateteco.com\/de\/wp-json\/wp\/v2\/types\/product"}],"replies":[{"embeddable":true,"href":"https:\/\/kateteco.com\/de\/wp-json\/wp\/v2\/comments?post=6040"}],"version-history":[{"count":1,"href":"https:\/\/kateteco.com\/de\/wp-json\/wp\/v2\/product\/6040\/revisions"}],"predecessor-version":[{"id":6042,"href":"https:\/\/kateteco.com\/de\/wp-json\/wp\/v2\/product\/6040\/revisions\/6042"}],"wp:featuredmedia":[{"embeddable":true,"href":"https:\/\/kateteco.com\/de\/wp-json\/wp\/v2\/media\/6127"}],"wp:attachment":[{"href":"https:\/\/kateteco.com\/de\/wp-json\/wp\/v2\/media?parent=6040"}],"wp:term":[{"taxonomy":"product_brand","embeddable":true,"href":"https:\/\/kateteco.com\/de\/wp-json\/wp\/v2\/product_brand?post=6040"},{"taxonomy":"product_cat","embeddable":true,"href":"https:\/\/kateteco.com\/de\/wp-json\/wp\/v2\/product_cat?post=6040"},{"taxonomy":"product_tag","embeddable":true,"href":"https:\/\/kateteco.com\/de\/wp-json\/wp\/v2\/product_tag?post=6040"}],"curies":[{"name":"wp","href":"https:\/\/api.w.org\/{rel}","templated":true}]}}