{"id":6047,"date":"2026-01-05T08:36:33","date_gmt":"2026-01-05T08:36:33","guid":{"rendered":"https:\/\/kateteco.com\/?post_type=product&#038;p=6047"},"modified":"2026-01-08T07:12:51","modified_gmt":"2026-01-08T07:12:51","slug":"rosemount-3051s-coplanar-pressure-transmitter","status":"publish","type":"product","link":"https:\/\/kateteco.com\/de\/produkt\/rosemount-3051s-coplanar-pressure-transmitter\/","title":{"rendered":"Rosemount\u2122 3051S Coplanar\u2122 Drucktransmitter"},"content":{"rendered":"<div class=\"col-xs-12 col-sm-4 col-md-3\">\n<h3>Merkmale<\/h3>\n<\/div>\n<div id=\"featuresButton-726902\" class=\"col-xs-12 col-sm-8 col-md-9\"><\/div>\n<div class=\"col-xs-12\">\n<ul>\n<li>Die patentierte Rosemount Coplanar-Technologie bietet optimierte Leistung als Druck-, DP-Durchfluss- und DP-F\u00fcllstandsl\u00f6sung.<\/li>\n<li>Erstklassige, skalierbare Architektur verbessert Leistung, Funktionalit\u00e4t und Prozessverbindungen.<\/li>\n<li>Der Sender wird komplett montiert und auf Dichtheit gepr\u00fcft geliefert, um eine einfache Installation und Wartung zu gew\u00e4hrleisten.<\/li>\n<li>Die vollst\u00e4ndig verschwei\u00dfte, hermetische SST-SuperModule-Plattform widersteht \u00dcberdruck- und Leitungsdruckeinfl\u00fcssen und gew\u00e4hrleistet so eine Genauigkeit von 0,025%.<\/li>\n<li>Die Leistungsklassen Ultra und Ultra for Flow bieten 15 Jahre Stabilit\u00e4t und 15 Jahre eingeschr\u00e4nkte Garantie.<\/li>\n<li>Ein Untersetzungsverh\u00e4ltnis von 200:1 erm\u00f6glicht zuverl\u00e4ssige Messungen und bietet vielseitige Anwendungsm\u00f6glichkeiten.<\/li>\n<li>L\u00e4sst sich nahtlos in 4-20 mA HART\u2122 integrieren,\u00a0<i>Drahtlos<\/i>HART\u00ae- und FOUNDATION\u2122-Feldbusprotokolle f\u00fcr flexible Anwendung<\/li>\n<li>Das SmartPower\u2122-Modul erm\u00f6glicht einen bis zu 10-j\u00e4hrigen wartungsfreien Betrieb und einen Austausch vor Ort ohne Ausbau des Senders.<\/li>\n<li>SIL 2\/3-zertifiziert nach IEC 61508 (durch Dritte) und Vorverwendungszertifikat f\u00fcr FMEDA-Daten f\u00fcr Sicherheitsinstallationen<\/li>\n<li>Erweiterte Diagnoseverfahren bieten eine umfassende Diagnoseabdeckung zur Erkennung von Problemen in elektrischen Schleifen und abnormalen Prozesszust\u00e4nden.<\/li>\n<li>Fernanzeige und Benutzeroberfl\u00e4che erm\u00f6glichen einfachen Zugriff auf Prozess- und Ger\u00e4teinformationen.<\/li>\n<li><b>Drahtlose Funktionen<\/b>\n<ul>\n<li><i>Drahtlos<\/i>HIRSCH<sup>\u00ae<\/sup>\u00a0Die Technologie ist sicher und kosteng\u00fcnstig und bietet eine Datenzuverl\u00e4ssigkeit von &gt;99%.<\/li>\n<li>Das SmartPower\u2122-Modul erm\u00f6glicht einen bis zu 10-j\u00e4hrigen wartungsfreien Betrieb und einen Austausch vor Ort ohne Ausbau des Senders.<\/li>\n<li>Die einfache Installation erm\u00f6glicht die schnelle Instrumentierung von Messpunkten ohne Verkabelungskosten.<\/li>\n<\/ul>\n<\/li>\n<\/ul>\n<\/div>","protected":false},"excerpt":{"rendered":"<p>Der Rosemount 3051S Coplanar\u2122 Drucktransmitter ist mit der patentierten Coplanar-Technologie ausgestattet und die un\u00fcbertroffene L\u00f6sung f\u00fcr Druck-, Durchfluss- und F\u00fcllstandsmessungen.<\/p>","protected":false},"featured_media":6126,"comment_status":"open","ping_status":"closed","template":"","meta":[],"product_brand":[42],"product_cat":[15],"product_tag":[810],"class_list":{"0":"post-6047","1":"product","2":"type-product","3":"status-publish","4":"has-post-thumbnail","6":"product_brand-rosemount","7":"product_cat-uncategorized","8":"product_tag-3051s","10":"first","11":"instock","12":"shipping-taxable","13":"product-type-simple"},"_links":{"self":[{"href":"https:\/\/kateteco.com\/de\/wp-json\/wp\/v2\/product\/6047","targetHints":{"allow":["GET"]}}],"collection":[{"href":"https:\/\/kateteco.com\/de\/wp-json\/wp\/v2\/product"}],"about":[{"href":"https:\/\/kateteco.com\/de\/wp-json\/wp\/v2\/types\/product"}],"replies":[{"embeddable":true,"href":"https:\/\/kateteco.com\/de\/wp-json\/wp\/v2\/comments?post=6047"}],"version-history":[{"count":2,"href":"https:\/\/kateteco.com\/de\/wp-json\/wp\/v2\/product\/6047\/revisions"}],"predecessor-version":[{"id":6050,"href":"https:\/\/kateteco.com\/de\/wp-json\/wp\/v2\/product\/6047\/revisions\/6050"}],"wp:featuredmedia":[{"embeddable":true,"href":"https:\/\/kateteco.com\/de\/wp-json\/wp\/v2\/media\/6126"}],"wp:attachment":[{"href":"https:\/\/kateteco.com\/de\/wp-json\/wp\/v2\/media?parent=6047"}],"wp:term":[{"taxonomy":"product_brand","embeddable":true,"href":"https:\/\/kateteco.com\/de\/wp-json\/wp\/v2\/product_brand?post=6047"},{"taxonomy":"product_cat","embeddable":true,"href":"https:\/\/kateteco.com\/de\/wp-json\/wp\/v2\/product_cat?post=6047"},{"taxonomy":"product_tag","embeddable":true,"href":"https:\/\/kateteco.com\/de\/wp-json\/wp\/v2\/product_tag?post=6047"}],"curies":[{"name":"wp","href":"https:\/\/api.w.org\/{rel}","templated":true}]}}