{"id":6051,"date":"2026-01-05T09:17:45","date_gmt":"2026-01-05T09:17:45","guid":{"rendered":"https:\/\/kateteco.com\/?post_type=product&#038;p=6051"},"modified":"2026-01-08T07:02:05","modified_gmt":"2026-01-08T07:02:05","slug":"rosemount-2088","status":"publish","type":"product","link":"https:\/\/kateteco.com\/de\/produkt\/rosemount-2088\/","title":{"rendered":"Rosemount\u2122 2088 Relativ- und Absolutdrucktransmitter"},"content":{"rendered":"<div class=\"col-xs-12 col-sm-4 col-md-3\">\n<h3>Merkmale<\/h3>\n<\/div>\n<div class=\"col-xs-12\">\n<ul>\n<li>Die lokale Bedienoberfl\u00e4che (LOI) zeichnet sich durch \u00fcbersichtliche Men\u00fcs und integrierte Konfigurationstasten f\u00fcr eine einfache Bedienung aus.<\/li>\n<li>Die werkseitig montierten und auf Dichtheit gepr\u00fcften integrierten Verteiler- und Ferndichtungsl\u00f6sungen erm\u00f6glichen eine schnelle Inbetriebnahme.<\/li>\n<li>Zu den verf\u00fcgbaren Protokollen geh\u00f6ren 4-20 mA HART und 1-5 Vdc HART Low Power f\u00fcr flexible Anwendungsm\u00f6glichkeiten.<\/li>\n<li>Das leichte, kompakte Design erm\u00f6glicht eine einfache Installation.<\/li>\n<\/ul>\n<\/div>","protected":false},"excerpt":{"rendered":"<p>Mit dem Rosemount 2088 Manometer und Absolutdrucktransmitter k\u00f6nnen Sie dank einer schnellen und einfach zu installierenden L\u00f6sung Ihren Zeitplan einhalten.<\/p>","protected":false},"featured_media":6125,"comment_status":"open","ping_status":"closed","template":"","meta":[],"product_brand":[42],"product_cat":[15],"product_tag":[811],"class_list":{"0":"post-6051","1":"product","2":"type-product","3":"status-publish","4":"has-post-thumbnail","6":"product_brand-rosemount","7":"product_cat-uncategorized","8":"product_tag-811","10":"first","11":"instock","12":"shipping-taxable","13":"product-type-simple"},"_links":{"self":[{"href":"https:\/\/kateteco.com\/de\/wp-json\/wp\/v2\/product\/6051","targetHints":{"allow":["GET"]}}],"collection":[{"href":"https:\/\/kateteco.com\/de\/wp-json\/wp\/v2\/product"}],"about":[{"href":"https:\/\/kateteco.com\/de\/wp-json\/wp\/v2\/types\/product"}],"replies":[{"embeddable":true,"href":"https:\/\/kateteco.com\/de\/wp-json\/wp\/v2\/comments?post=6051"}],"version-history":[{"count":1,"href":"https:\/\/kateteco.com\/de\/wp-json\/wp\/v2\/product\/6051\/revisions"}],"predecessor-version":[{"id":6053,"href":"https:\/\/kateteco.com\/de\/wp-json\/wp\/v2\/product\/6051\/revisions\/6053"}],"wp:featuredmedia":[{"embeddable":true,"href":"https:\/\/kateteco.com\/de\/wp-json\/wp\/v2\/media\/6125"}],"wp:attachment":[{"href":"https:\/\/kateteco.com\/de\/wp-json\/wp\/v2\/media?parent=6051"}],"wp:term":[{"taxonomy":"product_brand","embeddable":true,"href":"https:\/\/kateteco.com\/de\/wp-json\/wp\/v2\/product_brand?post=6051"},{"taxonomy":"product_cat","embeddable":true,"href":"https:\/\/kateteco.com\/de\/wp-json\/wp\/v2\/product_cat?post=6051"},{"taxonomy":"product_tag","embeddable":true,"href":"https:\/\/kateteco.com\/de\/wp-json\/wp\/v2\/product_tag?post=6051"}],"curies":[{"name":"wp","href":"https:\/\/api.w.org\/{rel}","templated":true}]}}