{"id":6121,"date":"2026-01-08T06:59:16","date_gmt":"2026-01-08T06:59:16","guid":{"rendered":"https:\/\/kateteco.com\/?post_type=product&#038;p=6121"},"modified":"2026-01-08T06:59:35","modified_gmt":"2026-01-08T06:59:35","slug":"rosemount-3051","status":"publish","type":"product","link":"https:\/\/kateteco.com\/de\/produkt\/rosemount-3051\/","title":{"rendered":"Rosemount\u2122 3051 Inline-Drucktransmitter"},"content":{"rendered":"<div class=\"col-xs-12 col-sm-4 col-md-3\">\n<h3>Merkmale<\/h3>\n<\/div>\n<div id=\"featuresButton-726914\" class=\"col-xs-12 col-sm-8 col-md-9\"><\/div>\n<div class=\"col-xs-12\">\n<ul>\n<li>Inline-\u00dcberdruck- und Absolutdruckmessungen unterst\u00fctzen Dr\u00fccke bis zu 20.000 psi (1378,95 bar) f\u00fcr Druck- oder F\u00fcllstandsmessungen.<\/li>\n<li>Durch anwendungsspezifische Konfiguration k\u00f6nnen Sie Ihren Drucktransmitter in einen F\u00fcllstandstransmitter mit Volumenberechnung umwandeln.<\/li>\n<li>Komplette Druck- oder F\u00fcllstandsmessger\u00e4te werden auf Dichtheit gepr\u00fcft und kalibriert, um Leckstellen bis zu 70% zu reduzieren und die Installation zu vereinfachen.<\/li>\n<li>10 Jahre installierte Stabilit\u00e4t und ein Messbereichsverh\u00e4ltnis von 150:1 gew\u00e4hrleisten zuverl\u00e4ssige Messungen und eine breite Anwendungsflexibilit\u00e4t<\/li>\n<li>Bluetooth<sup>\u00ae<\/sup>\u00a0Drahtlose Verbindungen erm\u00f6glichen einen wesentlich einfacheren Prozess f\u00fcr Wartungs- und Servicearbeiten, da keine physische Verbindung oder ein separates Konfigurationstool erforderlich ist.<\/li>\n<li>Das grafische, hintergrundbeleuchtete Display erm\u00f6glicht eine einfache Bedienung in 8 verschiedenen Sprachen unter allen Lichtverh\u00e4ltnissen.<\/li>\n<li>Die Diagnose von Schleifenintegrit\u00e4t und verstopften Impulsleitungen erkennt Probleme in elektrischen Schleifen und verstopfte Impulsleitungen, bevor diese die Prozessqualit\u00e4t beeintr\u00e4chtigen, und sorgt so f\u00fcr mehr Sicherheit und weniger Ausfallzeiten.<\/li>\n<li>Die Schnellbedienungstasten bieten integrierte Konfigurationstasten f\u00fcr eine optimierte Inbetriebnahme.<\/li>\n<li>SIL 2\/3-zertifiziert nach IEC 61508 (durch Dritte) und Vorverwendungszertifikat f\u00fcr FMEDA-Daten f\u00fcr Sicherheitsinstallationen<\/li>\n<li><b>Drahtlose Funktionen<\/b>\n<ul>\n<li><i>Drahtlos<\/i>HIRSCH<sup>\u00ae<\/sup>\u00a0Die Technologie ist sicher und kosteng\u00fcnstig und bietet eine Datenzuverl\u00e4ssigkeit von &gt;99%.<\/li>\n<li>Das SmartPower\u2122-Modul erm\u00f6glicht einen bis zu 10-j\u00e4hrigen wartungsfreien Betrieb und einen Austausch vor Ort ohne Ausbau des Senders.<\/li>\n<li>Die einfache Installation erm\u00f6glicht die schnelle Instrumentierung von Messpunkten ohne Verkabelungskosten.<\/li>\n<\/ul>\n<\/li>\n<\/ul>\n<\/div>","protected":false},"excerpt":{"rendered":"<p>Mit dem Rosemount 3051 Inline-Drucktransmitter k\u00f6nnen Sie Druck und F\u00fcllstand zuverl\u00e4ssig messen.<\/p>","protected":false},"featured_media":6122,"comment_status":"open","ping_status":"closed","template":"","meta":[],"product_brand":[42],"product_cat":[15],"product_tag":[809],"class_list":{"0":"post-6121","1":"product","2":"type-product","3":"status-publish","4":"has-post-thumbnail","6":"product_brand-rosemount","7":"product_cat-uncategorized","8":"product_tag-809","10":"first","11":"instock","12":"shipping-taxable","13":"product-type-simple"},"_links":{"self":[{"href":"https:\/\/kateteco.com\/de\/wp-json\/wp\/v2\/product\/6121","targetHints":{"allow":["GET"]}}],"collection":[{"href":"https:\/\/kateteco.com\/de\/wp-json\/wp\/v2\/product"}],"about":[{"href":"https:\/\/kateteco.com\/de\/wp-json\/wp\/v2\/types\/product"}],"replies":[{"embeddable":true,"href":"https:\/\/kateteco.com\/de\/wp-json\/wp\/v2\/comments?post=6121"}],"version-history":[{"count":2,"href":"https:\/\/kateteco.com\/de\/wp-json\/wp\/v2\/product\/6121\/revisions"}],"predecessor-version":[{"id":6124,"href":"https:\/\/kateteco.com\/de\/wp-json\/wp\/v2\/product\/6121\/revisions\/6124"}],"wp:featuredmedia":[{"embeddable":true,"href":"https:\/\/kateteco.com\/de\/wp-json\/wp\/v2\/media\/6122"}],"wp:attachment":[{"href":"https:\/\/kateteco.com\/de\/wp-json\/wp\/v2\/media?parent=6121"}],"wp:term":[{"taxonomy":"product_brand","embeddable":true,"href":"https:\/\/kateteco.com\/de\/wp-json\/wp\/v2\/product_brand?post=6121"},{"taxonomy":"product_cat","embeddable":true,"href":"https:\/\/kateteco.com\/de\/wp-json\/wp\/v2\/product_cat?post=6121"},{"taxonomy":"product_tag","embeddable":true,"href":"https:\/\/kateteco.com\/de\/wp-json\/wp\/v2\/product_tag?post=6121"}],"curies":[{"name":"wp","href":"https:\/\/api.w.org\/{rel}","templated":true}]}}