{"id":6138,"date":"2026-01-08T09:17:52","date_gmt":"2026-01-08T09:17:52","guid":{"rendered":"https:\/\/kateteco.com\/?post_type=product&#038;p=6138"},"modified":"2026-01-08T09:17:53","modified_gmt":"2026-01-08T09:17:53","slug":"rosemount-2090f-hygienic-pressure-transmitter","status":"publish","type":"product","link":"https:\/\/kateteco.com\/de\/produkt\/rosemount-2090f-hygienic-pressure-transmitter\/","title":{"rendered":"Rosemount\u2122 2090F Hygienischer Drucktransmitter"},"content":{"rendered":"<div class=\"col-xs-12 col-sm-4 col-md-3\">\n<h3>Merkmale<\/h3>\n<\/div>\n<div id=\"featuresButton-726921\" class=\"col-xs-12 col-sm-8 col-md-9\"><\/div>\n<div class=\"col-xs-12\">\n<ul>\n<li>Tri-Clamp-Prozessverbindung f\u00fcr Standard-Sanit\u00e4rarmaturen<\/li>\n<li>Entspricht den 3-A-Hygienestandards f\u00fcr hygienische Anwendung<\/li>\n<li>Nutzt ein einfach bef\u00fclltes Sensorsystem f\u00fcr Zuverl\u00e4ssigkeit und Genauigkeit<\/li>\n<li>Verf\u00fcgt \u00fcber CIP\/SIP-Service f\u00fcr Prozesstemperaturen bis zu 284 \u00b0F (140 \u00b0C)<\/li>\n<li>Vollst\u00e4ndig konfigurierbare LCD-Anzeigen verarbeiten Variablen, Prozentwerte des Messbereichs und Diagnosemeldungen.<\/li>\n<\/ul>\n<\/div>","protected":false},"excerpt":{"rendered":"<p>Der Rosemount 2090F Hygienic Pressure Transmitter wurde speziell f\u00fcr hygienische Anwendungen entwickelt und ist insbesondere f\u00fcr die Pharma- sowie die Lebensmittel- und Getr\u00e4nkeindustrie konzipiert.<\/p>","protected":false},"featured_media":6139,"comment_status":"open","ping_status":"closed","template":"","meta":[],"product_brand":[42],"product_cat":[15],"product_tag":[813],"class_list":{"0":"post-6138","1":"product","2":"type-product","3":"status-publish","4":"has-post-thumbnail","6":"product_brand-rosemount","7":"product_cat-uncategorized","8":"product_tag-2090f","10":"first","11":"instock","12":"shipping-taxable","13":"product-type-simple"},"_links":{"self":[{"href":"https:\/\/kateteco.com\/de\/wp-json\/wp\/v2\/product\/6138","targetHints":{"allow":["GET"]}}],"collection":[{"href":"https:\/\/kateteco.com\/de\/wp-json\/wp\/v2\/product"}],"about":[{"href":"https:\/\/kateteco.com\/de\/wp-json\/wp\/v2\/types\/product"}],"replies":[{"embeddable":true,"href":"https:\/\/kateteco.com\/de\/wp-json\/wp\/v2\/comments?post=6138"}],"version-history":[{"count":2,"href":"https:\/\/kateteco.com\/de\/wp-json\/wp\/v2\/product\/6138\/revisions"}],"predecessor-version":[{"id":6141,"href":"https:\/\/kateteco.com\/de\/wp-json\/wp\/v2\/product\/6138\/revisions\/6141"}],"wp:featuredmedia":[{"embeddable":true,"href":"https:\/\/kateteco.com\/de\/wp-json\/wp\/v2\/media\/6139"}],"wp:attachment":[{"href":"https:\/\/kateteco.com\/de\/wp-json\/wp\/v2\/media?parent=6138"}],"wp:term":[{"taxonomy":"product_brand","embeddable":true,"href":"https:\/\/kateteco.com\/de\/wp-json\/wp\/v2\/product_brand?post=6138"},{"taxonomy":"product_cat","embeddable":true,"href":"https:\/\/kateteco.com\/de\/wp-json\/wp\/v2\/product_cat?post=6138"},{"taxonomy":"product_tag","embeddable":true,"href":"https:\/\/kateteco.com\/de\/wp-json\/wp\/v2\/product_tag?post=6138"}],"curies":[{"name":"wp","href":"https:\/\/api.w.org\/{rel}","templated":true}]}}