{"id":6143,"date":"2026-01-08T09:21:36","date_gmt":"2026-01-08T09:21:36","guid":{"rendered":"https:\/\/kateteco.com\/?post_type=product&#038;p=6143"},"modified":"2026-01-08T09:21:37","modified_gmt":"2026-01-08T09:21:37","slug":"rosemount-8800-series-vortex-flow-meters","status":"publish","type":"product","link":"https:\/\/kateteco.com\/de\/produkt\/rosemount-8800-series-vortex-flow-meters\/","title":{"rendered":"Rosemount 8800 Serie Wirbeldurchflussmesser"},"content":{"rendered":"<div class=\"col-xs-12 col-sm-4 col-md-3\">\n<h3>Merkmale<\/h3>\n<\/div>\n<div class=\"col-xs-12\">\n<ul>\n<li>Ein isolierter Sensor erm\u00f6glicht den Online-Austausch, ohne die Prozessabdichtung zu unterbrechen.<\/li>\n<li>Steigern Sie die Anlagenverf\u00fcgbarkeit und eliminieren Sie potenzielle Leckstellen durch ein einzigartiges, dichtungsloses Z\u00e4hlergeh\u00e4usedesign.<\/li>\n<li>Vermeiden Sie Ausfallzeiten und Wartungskosten durch verstopfte Impulsleitungen dank eines verstopfungsfreien Z\u00e4hlergeh\u00e4uses.<\/li>\n<li>Vibrationsunempfindlichkeit wird durch einen massenausgeglichenen Sensor und adaptive digitale Signalverarbeitung mit visueller Filterung erreicht.<\/li>\n<li>Ein standardm\u00e4\u00dfiger interner Signalgenerator, der in jedem Messger\u00e4t enthalten ist, vereinfacht die \u00dcberpr\u00fcfung der Elektronik.<\/li>\n<li>Alle Z\u00e4hler werden vorkonfiguriert und hydrostatisch gepr\u00fcft geliefert und sind somit sofort einsatzbereit und einfach zu installieren.<\/li>\n<li>Vereinfachen Sie die SIS-Konformit\u00e4t mit den verf\u00fcgbaren Doppel- und Vierfach-Vortex-Durchflussmessern.<\/li>\n<li>Erkennen Sie den Phasen\u00fcbergang von fl\u00fcssig zu gasf\u00f6rmig mithilfe von Smart Fluid Diagnostics.<\/li>\n<\/ul>\n<\/div>","protected":false},"excerpt":{"rendered":"<p>Die Rosemount 8800 Serie Vortex-Durchflussmesser bieten erstklassige Zuverl\u00e4ssigkeit dank eines dichtungslosen, verstopfungsfreien Messk\u00f6rpers, der potenzielle Leckstellen eliminiert und so f\u00fcr maximale Prozessverf\u00fcgbarkeit und weniger ungeplante Stillst\u00e4nde sorgt.<\/p>","protected":false},"featured_media":6144,"comment_status":"open","ping_status":"closed","template":"","meta":[],"product_brand":[],"product_cat":[15],"product_tag":[814],"class_list":{"0":"post-6143","1":"product","2":"type-product","3":"status-publish","4":"has-post-thumbnail","6":"product_cat-uncategorized","7":"product_tag-814","9":"first","10":"instock","11":"shipping-taxable","12":"product-type-simple"},"_links":{"self":[{"href":"https:\/\/kateteco.com\/de\/wp-json\/wp\/v2\/product\/6143","targetHints":{"allow":["GET"]}}],"collection":[{"href":"https:\/\/kateteco.com\/de\/wp-json\/wp\/v2\/product"}],"about":[{"href":"https:\/\/kateteco.com\/de\/wp-json\/wp\/v2\/types\/product"}],"replies":[{"embeddable":true,"href":"https:\/\/kateteco.com\/de\/wp-json\/wp\/v2\/comments?post=6143"}],"version-history":[{"count":2,"href":"https:\/\/kateteco.com\/de\/wp-json\/wp\/v2\/product\/6143\/revisions"}],"predecessor-version":[{"id":6146,"href":"https:\/\/kateteco.com\/de\/wp-json\/wp\/v2\/product\/6143\/revisions\/6146"}],"wp:featuredmedia":[{"embeddable":true,"href":"https:\/\/kateteco.com\/de\/wp-json\/wp\/v2\/media\/6144"}],"wp:attachment":[{"href":"https:\/\/kateteco.com\/de\/wp-json\/wp\/v2\/media?parent=6143"}],"wp:term":[{"taxonomy":"product_brand","embeddable":true,"href":"https:\/\/kateteco.com\/de\/wp-json\/wp\/v2\/product_brand?post=6143"},{"taxonomy":"product_cat","embeddable":true,"href":"https:\/\/kateteco.com\/de\/wp-json\/wp\/v2\/product_cat?post=6143"},{"taxonomy":"product_tag","embeddable":true,"href":"https:\/\/kateteco.com\/de\/wp-json\/wp\/v2\/product_tag?post=6143"}],"curies":[{"name":"wp","href":"https:\/\/api.w.org\/{rel}","templated":true}]}}