{"id":6155,"date":"2026-01-08T09:28:08","date_gmt":"2026-01-08T09:28:08","guid":{"rendered":"https:\/\/kateteco.com\/?post_type=product&#038;p=6155"},"modified":"2026-01-08T09:28:09","modified_gmt":"2026-01-08T09:28:09","slug":"rosemount-2120-level-switch-vibrating-fork","status":"publish","type":"product","link":"https:\/\/kateteco.com\/de\/produkt\/rosemount-2120-level-switch-vibrating-fork\/","title":{"rendered":"Rosemount\u2122 2120 Niveauschalter \u2013 Vibrationsgabel"},"content":{"rendered":"<div class=\"col-xs-12 col-sm-4 col-md-3\">\n<h3>Merkmale<\/h3>\n<\/div>\n<div class=\"col-xs-12\">\n<ul>\n<li>Der magnetische Testpunkt erleichtert das Testen des Rosemount 2120.<\/li>\n<li>Kann mit Sonnenenergie oder, mit der 12V-Gleichstromoption, mit einer Batterie als Stromquelle betrieben werden.<\/li>\n<li>Die Konstruktion der Schnelltropfgabel sorgt f\u00fcr eine schnellere Reaktionszeit, insbesondere bei viskosen Fl\u00fcssigkeiten.<\/li>\n<li>Die einstellbare Schaltverz\u00f6gerung erm\u00f6glicht die einfache Handhabung von turbulenten und spritzenden Anwendungen.<\/li>\n<li>3-A- und EHEDG-Zertifikate f\u00fcr hygienische Anwendungen. Einhaltung der FDA- und ASME-BPE-Standards.<\/li>\n<\/ul>\n<\/div>","protected":false},"excerpt":{"rendered":"<p>Der Rosemount 2120 F\u00fcllstandsschalter erm\u00f6glicht eine einfache Installation sowie eine zuverl\u00e4ssige F\u00fcllstandserkennung und -regelung. 3<sup>rd<\/sup>\u00a0Die Zertifizierung nach IEC 61508 (SIL2) f\u00fcr Sicherheit und Hygiene sowie die Auswahl an Ausg\u00e4ngen machen das Ger\u00e4t f\u00fcr ein breites Anwendungsspektrum geeignet. Es hat keine beweglichen Teile, ben\u00f6tigt keine Kalibrierung und ist nahezu unempfindlich gegen\u00fcber Prozessbedingungen.<\/p>","protected":false},"featured_media":6156,"comment_status":"open","ping_status":"closed","template":"","meta":[],"product_brand":[42],"product_cat":[15],"product_tag":[817],"class_list":{"0":"post-6155","1":"product","2":"type-product","3":"status-publish","4":"has-post-thumbnail","6":"product_brand-rosemount","7":"product_cat-uncategorized","8":"product_tag-817","10":"first","11":"instock","12":"shipping-taxable","13":"product-type-simple"},"_links":{"self":[{"href":"https:\/\/kateteco.com\/de\/wp-json\/wp\/v2\/product\/6155","targetHints":{"allow":["GET"]}}],"collection":[{"href":"https:\/\/kateteco.com\/de\/wp-json\/wp\/v2\/product"}],"about":[{"href":"https:\/\/kateteco.com\/de\/wp-json\/wp\/v2\/types\/product"}],"replies":[{"embeddable":true,"href":"https:\/\/kateteco.com\/de\/wp-json\/wp\/v2\/comments?post=6155"}],"version-history":[{"count":2,"href":"https:\/\/kateteco.com\/de\/wp-json\/wp\/v2\/product\/6155\/revisions"}],"predecessor-version":[{"id":6158,"href":"https:\/\/kateteco.com\/de\/wp-json\/wp\/v2\/product\/6155\/revisions\/6158"}],"wp:featuredmedia":[{"embeddable":true,"href":"https:\/\/kateteco.com\/de\/wp-json\/wp\/v2\/media\/6156"}],"wp:attachment":[{"href":"https:\/\/kateteco.com\/de\/wp-json\/wp\/v2\/media?parent=6155"}],"wp:term":[{"taxonomy":"product_brand","embeddable":true,"href":"https:\/\/kateteco.com\/de\/wp-json\/wp\/v2\/product_brand?post=6155"},{"taxonomy":"product_cat","embeddable":true,"href":"https:\/\/kateteco.com\/de\/wp-json\/wp\/v2\/product_cat?post=6155"},{"taxonomy":"product_tag","embeddable":true,"href":"https:\/\/kateteco.com\/de\/wp-json\/wp\/v2\/product_tag?post=6155"}],"curies":[{"name":"wp","href":"https:\/\/api.w.org\/{rel}","templated":true}]}}