{"id":6159,"date":"2026-01-08T09:30:40","date_gmt":"2026-01-08T09:30:40","guid":{"rendered":"https:\/\/kateteco.com\/?post_type=product&#038;p=6159"},"modified":"2026-01-08T09:30:40","modified_gmt":"2026-01-08T09:30:40","slug":"rosemount-3300-level-transmitter-guided-wave-radar","status":"publish","type":"product","link":"https:\/\/kateteco.com\/de\/produkt\/rosemount-3300-level-transmitter-guided-wave-radar\/","title":{"rendered":"Rosemount\u2122 3300 F\u00fcllstandsmessumformer \u2013 Gef\u00fchrtes Wellenradar"},"content":{"rendered":"<div class=\"col-xs-12 col-sm-4 col-md-3\">\n<h3>Merkmale<\/h3>\n<\/div>\n<div class=\"col-xs-12\">\n<ul>\n<li>Das Rosemount 3300 kann mit einer breiten Palette von Sonden ausgestattet werden, um den meisten Anwendungen gerecht zu werden.<\/li>\n<\/ul>\n<\/div>","protected":false},"excerpt":{"rendered":"<p>F\u00fcr F\u00fcllstands- und Grenzfl\u00e4chenmessungen bietet der Rosemount 3300 F\u00fcllstandstransmitter eine zuverl\u00e4ssige und kosteng\u00fcnstige L\u00f6sung f\u00fcr Fl\u00fcssigkeitsanwendungen.<\/p>","protected":false},"featured_media":6160,"comment_status":"open","ping_status":"closed","template":"","meta":[],"product_brand":[42],"product_cat":[15],"product_tag":[818],"class_list":{"0":"post-6159","1":"product","2":"type-product","3":"status-publish","4":"has-post-thumbnail","6":"product_brand-rosemount","7":"product_cat-uncategorized","8":"product_tag-818","10":"first","11":"instock","12":"shipping-taxable","13":"product-type-simple"},"_links":{"self":[{"href":"https:\/\/kateteco.com\/de\/wp-json\/wp\/v2\/product\/6159","targetHints":{"allow":["GET"]}}],"collection":[{"href":"https:\/\/kateteco.com\/de\/wp-json\/wp\/v2\/product"}],"about":[{"href":"https:\/\/kateteco.com\/de\/wp-json\/wp\/v2\/types\/product"}],"replies":[{"embeddable":true,"href":"https:\/\/kateteco.com\/de\/wp-json\/wp\/v2\/comments?post=6159"}],"version-history":[{"count":2,"href":"https:\/\/kateteco.com\/de\/wp-json\/wp\/v2\/product\/6159\/revisions"}],"predecessor-version":[{"id":6162,"href":"https:\/\/kateteco.com\/de\/wp-json\/wp\/v2\/product\/6159\/revisions\/6162"}],"wp:featuredmedia":[{"embeddable":true,"href":"https:\/\/kateteco.com\/de\/wp-json\/wp\/v2\/media\/6160"}],"wp:attachment":[{"href":"https:\/\/kateteco.com\/de\/wp-json\/wp\/v2\/media?parent=6159"}],"wp:term":[{"taxonomy":"product_brand","embeddable":true,"href":"https:\/\/kateteco.com\/de\/wp-json\/wp\/v2\/product_brand?post=6159"},{"taxonomy":"product_cat","embeddable":true,"href":"https:\/\/kateteco.com\/de\/wp-json\/wp\/v2\/product_cat?post=6159"},{"taxonomy":"product_tag","embeddable":true,"href":"https:\/\/kateteco.com\/de\/wp-json\/wp\/v2\/product_tag?post=6159"}],"curies":[{"name":"wp","href":"https:\/\/api.w.org\/{rel}","templated":true}]}}