{"id":6163,"date":"2026-01-08T09:33:05","date_gmt":"2026-01-08T09:33:05","guid":{"rendered":"https:\/\/kateteco.com\/?post_type=product&#038;p=6163"},"modified":"2026-01-08T09:33:06","modified_gmt":"2026-01-08T09:33:06","slug":"rosemount-2140-level-detector-vibrating-fork","status":"publish","type":"product","link":"https:\/\/kateteco.com\/de\/produkt\/rosemount-2140-level-detector-vibrating-fork\/","title":{"rendered":"Rosemount\u2122 2140 F\u00fcllstandsmelder \u2013 Vibrationsgabel"},"content":{"rendered":"<div class=\"col-xs-12 col-sm-4 col-md-3\">\n<h3>Merkmale<\/h3>\n<\/div>\n<div class=\"col-xs-12\">\n<ul>\n<li>Die Trocken-\/Nass-Umschaltung ist f\u00fcr viele Medientypen optimiert. Beinhaltet Einstellungen f\u00fcr Nasssand zur Steuerung der Tank- und Separatorleistung.<\/li>\n<li>Die Zuverl\u00e4ssigkeit der Trocken-\/Nassschaltung wird auch dann maximiert, wenn die Medieneigenschaften unbekannt sind. Dies ist besonders wichtig in kleinen Tanks und Rohrleitungen, in denen sich der F\u00fcllstand schnell \u00e4ndern kann.<\/li>\n<li>Erkennt Probleme, die auf Beschichtungs- oder Korrosionssch\u00e4den an der Gabel sowie auf Korrosion durch eindringendes Wasser hinweisen k\u00f6nnen.<\/li>\n<li>Eine hervorragende Diagnoseabdeckung erm\u00f6glicht eine echte vorausschauende Wartung.<\/li>\n<li>Upgrade-Kits, die f\u00fcr die Zukunftssicherung Ihrer Investitionen bereit sind.<\/li>\n<\/ul>\n<\/div>","protected":false},"excerpt":{"rendered":"<p>Der neue Rosemount\u2122 2140 ist der weltweit erste kabelgebundene HART\u00ae-Vibrationsgabel-F\u00fcllstandsmelder f\u00fcr Anwendungen wie \u00dcberf\u00fcllsicherung, Alarmierung bei hohem und niedrigem F\u00fcllstand sowie Pumpenschutz.<\/p>","protected":false},"featured_media":6164,"comment_status":"open","ping_status":"closed","template":"","meta":[],"product_brand":[42],"product_cat":[15],"product_tag":[819],"class_list":{"0":"post-6163","1":"product","2":"type-product","3":"status-publish","4":"has-post-thumbnail","6":"product_brand-rosemount","7":"product_cat-uncategorized","8":"product_tag-819","10":"first","11":"instock","12":"shipping-taxable","13":"product-type-simple"},"_links":{"self":[{"href":"https:\/\/kateteco.com\/de\/wp-json\/wp\/v2\/product\/6163","targetHints":{"allow":["GET"]}}],"collection":[{"href":"https:\/\/kateteco.com\/de\/wp-json\/wp\/v2\/product"}],"about":[{"href":"https:\/\/kateteco.com\/de\/wp-json\/wp\/v2\/types\/product"}],"replies":[{"embeddable":true,"href":"https:\/\/kateteco.com\/de\/wp-json\/wp\/v2\/comments?post=6163"}],"version-history":[{"count":2,"href":"https:\/\/kateteco.com\/de\/wp-json\/wp\/v2\/product\/6163\/revisions"}],"predecessor-version":[{"id":6166,"href":"https:\/\/kateteco.com\/de\/wp-json\/wp\/v2\/product\/6163\/revisions\/6166"}],"wp:featuredmedia":[{"embeddable":true,"href":"https:\/\/kateteco.com\/de\/wp-json\/wp\/v2\/media\/6164"}],"wp:attachment":[{"href":"https:\/\/kateteco.com\/de\/wp-json\/wp\/v2\/media?parent=6163"}],"wp:term":[{"taxonomy":"product_brand","embeddable":true,"href":"https:\/\/kateteco.com\/de\/wp-json\/wp\/v2\/product_brand?post=6163"},{"taxonomy":"product_cat","embeddable":true,"href":"https:\/\/kateteco.com\/de\/wp-json\/wp\/v2\/product_cat?post=6163"},{"taxonomy":"product_tag","embeddable":true,"href":"https:\/\/kateteco.com\/de\/wp-json\/wp\/v2\/product_tag?post=6163"}],"curies":[{"name":"wp","href":"https:\/\/api.w.org\/{rel}","templated":true}]}}