{"id":6167,"date":"2026-01-08T09:35:39","date_gmt":"2026-01-08T09:35:39","guid":{"rendered":"https:\/\/kateteco.com\/?post_type=product&#038;p=6167"},"modified":"2026-01-08T09:35:40","modified_gmt":"2026-01-08T09:35:40","slug":"rosemount-705-wireless-totalizing-transmitter","status":"publish","type":"product","link":"https:\/\/kateteco.com\/de\/produkt\/rosemount-705-wireless-totalizing-transmitter\/","title":{"rendered":"Rosemount\u2122 705 Drahtloser Totalisierungssender"},"content":{"rendered":"<div class=\"col-xs-12 col-sm-4 col-md-3\">\n<h3>Merkmale<\/h3>\n<\/div>\n<div class=\"col-xs-12\">\n<ul>\n<li>Sofort installationsbereit und einfach an Turbinenz\u00e4hler oder Impulsausgangsger\u00e4te anzuschlie\u00dfen<\/li>\n<li>Die 0-10-kHz-Impulseingangsspezifikation bietet eine Vielzahl von Anwendungsanschl\u00fcssen<\/li>\n<li>Fern- oder Direktmontage erm\u00f6glicht flexible Installation und Bedienung<\/li>\n<li>Optionen mit entfernten Antennen bieten zus\u00e4tzliche Flexibilit\u00e4t und erm\u00f6glichen Kommunikation \u00fcber gr\u00f6\u00dfere Entfernungen.<\/li>\n<li>M\u00f6gliche Anwendungsbereiche umfassen die Erweiterung bestehender Feldanlagen zur Messung des Wasserdurchflusses in Injektionsbrunnen.<\/li>\n<li><i>Drahtlos<\/i>Die HART\u00ae-Technologie ist sicher, kosteng\u00fcnstig und bietet eine Datenzuverl\u00e4ssigkeit von &gt;99%.<\/li>\n<li>Die einfache, intuitive Installation erm\u00f6glicht eine schnelle Automatisierung ohne Verkabelungskosten.<\/li>\n<li>SmartPower\u2122-L\u00f6sungen erm\u00f6glichen bis zu 10 Jahre wartungsfreien Betrieb und Austausch ohne Ausbau des Senders.<\/li>\n<\/ul>\n<\/div>","protected":false},"excerpt":{"rendered":"<p>Optimieren Sie Ihre Turbinendurchflussmessung mit dem drahtlosen Totalisierungstransmitter Rosemount\u2122 705.<\/p>","protected":false},"featured_media":6168,"comment_status":"open","ping_status":"closed","template":"","meta":[],"product_brand":[42],"product_cat":[15],"product_tag":[820],"class_list":{"0":"post-6167","1":"product","2":"type-product","3":"status-publish","4":"has-post-thumbnail","6":"product_brand-rosemount","7":"product_cat-uncategorized","8":"product_tag-820","10":"first","11":"instock","12":"shipping-taxable","13":"product-type-simple"},"_links":{"self":[{"href":"https:\/\/kateteco.com\/de\/wp-json\/wp\/v2\/product\/6167","targetHints":{"allow":["GET"]}}],"collection":[{"href":"https:\/\/kateteco.com\/de\/wp-json\/wp\/v2\/product"}],"about":[{"href":"https:\/\/kateteco.com\/de\/wp-json\/wp\/v2\/types\/product"}],"replies":[{"embeddable":true,"href":"https:\/\/kateteco.com\/de\/wp-json\/wp\/v2\/comments?post=6167"}],"version-history":[{"count":2,"href":"https:\/\/kateteco.com\/de\/wp-json\/wp\/v2\/product\/6167\/revisions"}],"predecessor-version":[{"id":6170,"href":"https:\/\/kateteco.com\/de\/wp-json\/wp\/v2\/product\/6167\/revisions\/6170"}],"wp:featuredmedia":[{"embeddable":true,"href":"https:\/\/kateteco.com\/de\/wp-json\/wp\/v2\/media\/6168"}],"wp:attachment":[{"href":"https:\/\/kateteco.com\/de\/wp-json\/wp\/v2\/media?parent=6167"}],"wp:term":[{"taxonomy":"product_brand","embeddable":true,"href":"https:\/\/kateteco.com\/de\/wp-json\/wp\/v2\/product_brand?post=6167"},{"taxonomy":"product_cat","embeddable":true,"href":"https:\/\/kateteco.com\/de\/wp-json\/wp\/v2\/product_cat?post=6167"},{"taxonomy":"product_tag","embeddable":true,"href":"https:\/\/kateteco.com\/de\/wp-json\/wp\/v2\/product_tag?post=6167"}],"curies":[{"name":"wp","href":"https:\/\/api.w.org\/{rel}","templated":true}]}}