{"id":6171,"date":"2026-01-08T09:38:23","date_gmt":"2026-01-08T09:38:23","guid":{"rendered":"https:\/\/kateteco.com\/?post_type=product&#038;p=6171"},"modified":"2026-01-08T09:38:24","modified_gmt":"2026-01-08T09:38:24","slug":"rosemount-3153n-nuclear-qualified-pressure-transmitter","status":"publish","type":"product","link":"https:\/\/kateteco.com\/de\/produkt\/rosemount-3153n-nuclear-qualified-pressure-transmitter\/","title":{"rendered":"Rosemount\u2122 3153N Nuklear-qualifizierter Drucktransmitter"},"content":{"rendered":"<div class=\"col-xs-12 col-sm-4 col-md-3\">\n<h3>Merkmale<\/h3>\n<\/div>\n<div class=\"col-xs-12\">\n<ul>\n<li>Qualifiziert nach IEEE Std 323\u2122-1974\/1983\/2003 und IEEE Std 344\u2122-1975\/1987\/2004 f\u00fcr eine branchen\u00fcbliche L\u00f6sung<\/li>\n<li>H\u00e4lt Strahlungseinwirkungen bis zu 36 Mrad TID-Gammastrahlung und seismischen Belastungen bis zu 8,5 g ZPA stand, um die Prozessanforderungen zu erf\u00fcllen.<\/li>\n<li>Entwickelt f\u00fcr optimale Dampfdruck-\/Temperaturleistung zur Verbesserung der Sicherheit<\/li>\n<li>0,2% Referenzgenauigkeit f\u00fcr zuverl\u00e4ssige Messungen<\/li>\n<li>Die Qualit\u00e4tskontrolle umfasst die R\u00fcckverfolgbarkeit druckf\u00fchrender Teile, spezielle nukleare Reinigungsverfahren und hydrostatische Pr\u00fcfungen.<\/li>\n<\/ul>\n<\/div>","protected":false},"excerpt":{"rendered":"<p>Der Rosemount 3153N Nuclear Qualified Pressure Transmitter erm\u00f6glicht pr\u00e4zise analoge Druckmessungen in nuklearen Anwendungen.<\/p>","protected":false},"featured_media":6172,"comment_status":"open","ping_status":"closed","template":"","meta":[],"product_brand":[42],"product_cat":[15],"product_tag":[821],"class_list":{"0":"post-6171","1":"product","2":"type-product","3":"status-publish","4":"has-post-thumbnail","6":"product_brand-rosemount","7":"product_cat-uncategorized","8":"product_tag-3153n","10":"first","11":"instock","12":"shipping-taxable","13":"product-type-simple"},"_links":{"self":[{"href":"https:\/\/kateteco.com\/de\/wp-json\/wp\/v2\/product\/6171","targetHints":{"allow":["GET"]}}],"collection":[{"href":"https:\/\/kateteco.com\/de\/wp-json\/wp\/v2\/product"}],"about":[{"href":"https:\/\/kateteco.com\/de\/wp-json\/wp\/v2\/types\/product"}],"replies":[{"embeddable":true,"href":"https:\/\/kateteco.com\/de\/wp-json\/wp\/v2\/comments?post=6171"}],"version-history":[{"count":2,"href":"https:\/\/kateteco.com\/de\/wp-json\/wp\/v2\/product\/6171\/revisions"}],"predecessor-version":[{"id":6174,"href":"https:\/\/kateteco.com\/de\/wp-json\/wp\/v2\/product\/6171\/revisions\/6174"}],"wp:featuredmedia":[{"embeddable":true,"href":"https:\/\/kateteco.com\/de\/wp-json\/wp\/v2\/media\/6172"}],"wp:attachment":[{"href":"https:\/\/kateteco.com\/de\/wp-json\/wp\/v2\/media?parent=6171"}],"wp:term":[{"taxonomy":"product_brand","embeddable":true,"href":"https:\/\/kateteco.com\/de\/wp-json\/wp\/v2\/product_brand?post=6171"},{"taxonomy":"product_cat","embeddable":true,"href":"https:\/\/kateteco.com\/de\/wp-json\/wp\/v2\/product_cat?post=6171"},{"taxonomy":"product_tag","embeddable":true,"href":"https:\/\/kateteco.com\/de\/wp-json\/wp\/v2\/product_tag?post=6171"}],"curies":[{"name":"wp","href":"https:\/\/api.w.org\/{rel}","templated":true}]}}