{"id":6180,"date":"2026-01-09T04:05:14","date_gmt":"2026-01-09T04:05:14","guid":{"rendered":"https:\/\/kateteco.com\/?post_type=product&#038;p=6180"},"modified":"2026-01-09T04:06:13","modified_gmt":"2026-01-09T04:06:13","slug":"sipart-ps2-positioner","status":"publish","type":"product","link":"https:\/\/kateteco.com\/de\/produkt\/sipart-ps2-positioner\/","title":{"rendered":"SIPART PS2 Positionierer \u2013 Die intelligente L\u00f6sung f\u00fcr pneumatische Stellantriebe"},"content":{"rendered":"<p class=\"ds-markdown-paragraph\"><span style=\"color: #000000;\"><strong>Wichtigste Vorteile und Merkmale:<\/strong><\/span><\/p>\n<ul>\n<li>\n<p class=\"ds-markdown-paragraph\"><span style=\"color: #000000;\"><strong>Schnelle und einfache Einrichtung:<\/strong>\u00a0Einfache Installation mit automatischer Initialisierung (Selbstjustierung von Nullpunkt und Spanne).<\/span><\/p>\n<\/li>\n<li>\n<p class=\"ds-markdown-paragraph\"><span style=\"color: #000000;\"><strong>Benutzerfreundliche Bedienung:<\/strong>\u00a0Lokale Steuerung und Konfiguration \u00fcber drei Tasten und ein \u00fcbersichtliches zweizeiliges Display. Auch \u00fcber die SIMATIC PDM-Software konfigurierbar.<\/span><\/p>\n<\/li>\n<li>\n<p class=\"ds-markdown-paragraph\"><span style=\"color: #000000;\"><strong>\u00dcberlegene Steuerungsqualit\u00e4t:<\/strong>\u00a0Erreicht dank seines adaptiven Online-Programms eine hochpr\u00e4zise Steuerung.<\/span><\/p>\n<\/li>\n<li>\n<p class=\"ds-markdown-paragraph\"><span style=\"color: #000000;\"><strong>Energieeffizient:<\/strong>\u00a0Vernachl\u00e4ssigbarer Luftverbrauch im station\u00e4ren Betrieb.<\/span><\/p>\n<\/li>\n<li>\n<p class=\"ds-markdown-paragraph\"><span style=\"color: #000000;\"><strong>Zuverl\u00e4ssige Sicherheits- und Kontrollfunktionen:<\/strong><\/span><\/p>\n<ul>\n<li>\n<p class=\"ds-markdown-paragraph\"><span style=\"color: #000000;\"><strong>Dichter Verschluss:<\/strong>\u00a0Gew\u00e4hrleistet maximalen Sitzdruck.<\/span><\/p>\n<\/li>\n<li>\n<p class=\"ds-markdown-paragraph\"><span style=\"color: #000000;\"><strong>Ausfall in Position (Druckerhaltung):<\/strong>\u00a0H\u00e4lt die letzte Position bei Strom- oder Signalausfall bei (nicht f\u00fcr SIL-Anwendungen geeignet). Beispiel: Positionsstabilit\u00e4t von 0,3%\/h f\u00fcr einen 8L-Stellantrieb.<\/span><\/p>\n<\/li>\n<\/ul>\n<\/li>\n<li>\n<p class=\"ds-markdown-paragraph\"><span style=\"color: #000000;\"><strong>Hohe Flexibilit\u00e4t:<\/strong>\u00a0Die einfache Konfiguration erm\u00f6glicht vielf\u00e4ltige Funktionen wie die Einstellung von Kennlinien und Grenzwerten.<\/span><\/p>\n<\/li>\n<li>\n<p class=\"ds-markdown-paragraph\"><span style=\"color: #000000;\"><strong>Erweiterte Diagnostik:<\/strong>\u00a0Umfangreiche Diagnosem\u00f6glichkeiten f\u00fcr Ventile und Aktuatoren.<\/span><\/p>\n<\/li>\n<li>\n<p class=\"ds-markdown-paragraph\"><span style=\"color: #000000;\"><strong>Universelle Passform:<\/strong>\u00a0Ein Modell eignet sich sowohl f\u00fcr Linear- als auch f\u00fcr Teildrehantriebe.<\/span><\/p>\n<\/li>\n<li>\n<p class=\"ds-markdown-paragraph\"><span style=\"color: #000000;\"><strong>Robustes Design:<\/strong>\u00a0Minimale Anzahl beweglicher Teile f\u00fcr geringe Vibrationsempfindlichkeit.<\/span><\/p>\n<\/li>\n<li>\n<p class=\"ds-markdown-paragraph\"><span style=\"color: #000000;\"><strong>Vielseitige Anwendungsm\u00f6glichkeiten:<\/strong>\u00a0Kann mit ungef\u00e4hrlichen Prozessgasen wie Erdgas, CO\u2082, Stickstoff oder Inertgasen als Zuluft verwendet werden.<\/span><\/p>\n<\/li>\n<li>\n<p class=\"ds-markdown-paragraph\"><span style=\"color: #000000;\"><strong>Integrierte partielle Schlaganfallpr\u00fcfung (PST):<\/strong>\u00a0Die Funktion \u201cIntelligentes Magnetventil\u201d kombiniert die Funktionalit\u00e4t eines Magnetventils mit Teilhubpr\u00fcfungen und ist ideal f\u00fcr Sicherheitsventilanwendungen.<\/span><\/p>\n<\/li>\n<li>\n<p class=\"ds-markdown-paragraph\"><span style=\"color: #000000;\"><strong>Umfassende Ventilpr\u00fcfung:<\/strong>\u00a0Unterst\u00fctzt Tests des gesamten Hubs, mehrstufige Reaktionstests und Ventilleistungstests zur Wartungsbewertung.<\/span><\/p>\n<\/li>\n<li>\n<p class=\"ds-markdown-paragraph\"><span style=\"color: #000000;\"><strong>Funktionale Sicherheit:<\/strong>\u00a0Entspricht dem Sicherheitsintegrit\u00e4tslevel (SIL) 2.<\/span><\/p>\n<\/li>\n<li>\n<p class=\"ds-markdown-paragraph\"><span style=\"color: #000000;\"><strong>F\u00fcr raue Umgebungen geeignet:<\/strong>\u00a0Option f\u00fcr externen ber\u00fchrungslosen Positionssensor f\u00fcr extreme Bedingungen.<\/span><\/p>\n<\/li>\n<\/ul>\n<p class=\"ds-markdown-paragraph\"><span style=\"color: #000000;\"><strong>Prim\u00e4rindustrien:<\/strong><\/span><\/p>\n<ul>\n<li>\n<p class=\"ds-markdown-paragraph\"><span style=\"color: #000000;\">Chemie \/ Petrochemie<\/span><\/p>\n<\/li>\n<li>\n<p class=\"ds-markdown-paragraph\"><span style=\"color: #000000;\">Kraftwerke<\/span><\/p>\n<\/li>\n<li>\n<p class=\"ds-markdown-paragraph\"><span style=\"color: #000000;\">Zellstoff, Papier und Glas<\/span><\/p>\n<\/li>\n<li>\n<p class=\"ds-markdown-paragraph\"><span style=\"color: #000000;\">Wasser &amp; Abwasser<\/span><\/p>\n<\/li>\n<li>\n<p class=\"ds-markdown-paragraph\"><span style=\"color: #000000;\">Lebensmittel und Pharmazeutika<\/span><\/p>\n<\/li>\n<li>\n<p class=\"ds-markdown-paragraph\"><span style=\"color: #000000;\">Offshore-Plattformen<\/span><\/p>\n<\/li>\n<\/ul>\n<p class=\"ds-markdown-paragraph\"><span style=\"color: #000000;\"><strong>Design- und Zertifizierungsoptionen:<\/strong><\/span><\/p>\n<ul>\n<li>\n<p class=\"ds-markdown-paragraph\"><span style=\"color: #000000;\">Geeignet f\u00fcr alle pneumatischen Aktuatoren.<\/span><\/p>\n<\/li>\n<li>\n<p class=\"ds-markdown-paragraph\"><span style=\"color: #000000;\">Verschiedene Geh\u00e4use: Erh\u00e4ltlich in Makrolon\u00ae, Edelstahl oder Aluminium.<\/span><\/p>\n<\/li>\n<li>\n<p class=\"ds-markdown-paragraph\"><span style=\"color: #000000;\">F\u00fcr nicht explosionsgef\u00e4hrdete Bereiche: Standardausf\u00fchrungen.<\/span><\/p>\n<\/li>\n<li>\n<p class=\"ds-markdown-paragraph\"><span style=\"color: #000000;\">F\u00fcr explosionsgef\u00e4hrdete Bereiche: Verf\u00fcgbare Typen f\u00fcr Eigensicherheit (Ex i), Druckfestigkeit (Ex d), Funkenfreiheit (Ex nA) und Staubz\u00fcndungsschutz (Ex t).<\/span><\/p>\n<\/li>\n<\/ul>\n<p class=\"ds-markdown-paragraph\"><span style=\"color: #000000;\"><strong>Verf\u00fcgbare Signalarten:<\/strong><\/span><\/p>\n<ul>\n<li>\n<p class=\"ds-markdown-paragraph\"><span style=\"color: #000000;\">0\/4 \u2013 20 mA Steuersignal, mit oder ohne HART\u00ae-Kommunikation.<\/span><\/p>\n<\/li>\n<li>\n<p class=\"ds-markdown-paragraph\"><span style=\"color: #000000;\">Mit PROFIBUS PA-Kommunikationsschnittstelle.<\/span><\/p>\n<\/li>\n<li>\n<p class=\"ds-markdown-paragraph\"><span style=\"color: #000000;\">Mit FOUNDATION Fieldbus (FF) Kommunikationsschnittstelle.<\/span><\/p>\n<\/li>\n<\/ul>","protected":false},"excerpt":{"rendered":"<p>Der Stellungsregler SIPART PS2 von Siemens setzt Ma\u00dfst\u00e4be f\u00fcr pr\u00e4zise, zuverl\u00e4ssige und effiziente Ventilsteuerung. Er wurde f\u00fcr einfache Bedienung und maximale Leistung in verschiedenen Branchen entwickelt und vereint fortschrittliche Funktionalit\u00e4t mit robuster Bauweise.<\/p>","protected":false},"featured_media":6181,"comment_status":"open","ping_status":"closed","template":"","meta":[],"product_brand":[823,791],"product_cat":[15],"product_tag":[824],"class_list":{"0":"post-6180","1":"product","2":"type-product","3":"status-publish","4":"has-post-thumbnail","6":"product_brand-sipart-ps2-positioners","7":"product_brand-siemens","8":"product_cat-uncategorized","9":"product_tag-sipart-ps2-positioner","11":"first","12":"instock","13":"shipping-taxable","14":"product-type-simple"},"_links":{"self":[{"href":"https:\/\/kateteco.com\/de\/wp-json\/wp\/v2\/product\/6180","targetHints":{"allow":["GET"]}}],"collection":[{"href":"https:\/\/kateteco.com\/de\/wp-json\/wp\/v2\/product"}],"about":[{"href":"https:\/\/kateteco.com\/de\/wp-json\/wp\/v2\/types\/product"}],"replies":[{"embeddable":true,"href":"https:\/\/kateteco.com\/de\/wp-json\/wp\/v2\/comments?post=6180"}],"version-history":[{"count":2,"href":"https:\/\/kateteco.com\/de\/wp-json\/wp\/v2\/product\/6180\/revisions"}],"predecessor-version":[{"id":6183,"href":"https:\/\/kateteco.com\/de\/wp-json\/wp\/v2\/product\/6180\/revisions\/6183"}],"wp:featuredmedia":[{"embeddable":true,"href":"https:\/\/kateteco.com\/de\/wp-json\/wp\/v2\/media\/6181"}],"wp:attachment":[{"href":"https:\/\/kateteco.com\/de\/wp-json\/wp\/v2\/media?parent=6180"}],"wp:term":[{"taxonomy":"product_brand","embeddable":true,"href":"https:\/\/kateteco.com\/de\/wp-json\/wp\/v2\/product_brand?post=6180"},{"taxonomy":"product_cat","embeddable":true,"href":"https:\/\/kateteco.com\/de\/wp-json\/wp\/v2\/product_cat?post=6180"},{"taxonomy":"product_tag","embeddable":true,"href":"https:\/\/kateteco.com\/de\/wp-json\/wp\/v2\/product_tag?post=6180"}],"curies":[{"name":"wp","href":"https:\/\/api.w.org\/{rel}","templated":true}]}}