{"id":6184,"date":"2026-01-09T06:50:06","date_gmt":"2026-01-09T06:50:06","guid":{"rendered":"https:\/\/kateteco.com\/?post_type=product&#038;p=6184"},"modified":"2026-01-09T06:50:07","modified_gmt":"2026-01-09T06:50:07","slug":"siemens-6dr5010-electropneumatic-positioner","status":"publish","type":"product","link":"https:\/\/kateteco.com\/de\/produkt\/siemens-6dr5010-electropneumatic-positioner\/","title":{"rendered":"Siemens 6DR5010- SIPART PS2 Intelligenter elektropneumatischer Stellungsregler"},"content":{"rendered":"<p>Teilenummer: <b>6DR5010\/6DR5013\/6DR5020\/6DR5023\/6DR5110\/6DR5113\/6DR5120\/6DR5123<\/b><\/p>\n<div>Modell: <strong>SIPART PS2 Smart Valve Positioner<\/strong><\/div>\n<div>\n<div>Hersteller: Siemens<\/div>\n<div>Zustand: Neu und originalverpackt<\/div>\n<div>Herstellergarantie: 12 Monate<\/div>\n<div><\/div>\n<div>Die Positionsregelung pneumatischer Linear- oder Vierteldrehantriebe kann auch Anforderungen wie Eigensicherheit und Explosionsschutz erf\u00fcllen.<\/div>\n<\/div>\n<p class=\"ds-markdown-paragraph\"><strong>Merkmale:<\/strong><\/p>\n<ul>\n<li>\n<p class=\"ds-markdown-paragraph\">Hochpr\u00e4zise Ventilpositionierung mit automatischer Kalibrierung<\/p>\n<\/li>\n<li>\n<p class=\"ds-markdown-paragraph\">Intuitive Konfiguration per Knopfdruck und LCD-Display<\/p>\n<\/li>\n<li>\n<p class=\"ds-markdown-paragraph\">Robustes Aluminiumgeh\u00e4use f\u00fcr raue Umgebungen<\/p>\n<\/li>\n<li>\n<p class=\"ds-markdown-paragraph\">Unterst\u00fctzung mehrerer Kommunikationsprotokolle (z. B. PROFIBUS PA, Foundation Fieldbus)<\/p>\n<\/li>\n<li>\n<p class=\"ds-markdown-paragraph\">Geringer Luftverbrauch und integrierte Diagnostik<\/p>\n<\/li>\n<\/ul>\n<p class=\"ds-markdown-paragraph\"><strong>Wichtige Parameter:<\/strong><\/p>\n<ul>\n<li>\n<p class=\"ds-markdown-paragraph\">Eingangssignale: 4\u201320 mA, HART, PROFIBUS PA, FF<\/p>\n<\/li>\n<li>\n<p class=\"ds-markdown-paragraph\">Druckbereich: Bis zu 7 bar<\/p>\n<\/li>\n<li>\n<p class=\"ds-markdown-paragraph\">Umgebungstemperatur: -40 \u00b0C bis +80 \u00b0C<\/p>\n<\/li>\n<li>\n<p class=\"ds-markdown-paragraph\">Schutzklasse: IP66\/NEMA 4X<\/p>\n<\/li>\n<li>\n<p class=\"ds-markdown-paragraph\">Zertifizierungen: SIL 2\/3 gem\u00e4\u00df IEC 61508, ATEX, IECEx, NEPSI<\/p>\n<\/li>\n<\/ul>\n<p class=\"ds-markdown-paragraph\"><strong>Erweiterte Spezifikationen:<\/strong><\/p>\n<ul>\n<li>\n<p class=\"ds-markdown-paragraph\">Optionale ausfallsichere Positionen und zus\u00e4tzliche Endschalter<\/p>\n<\/li>\n<li>\n<p class=\"ds-markdown-paragraph\">Montages\u00e4tze f\u00fcr verschiedene Aktuatortypen erh\u00e4ltlich<\/p>\n<\/li>\n<li>\n<p class=\"ds-markdown-paragraph\">Einfache Integration in bestehende Steuerungssysteme \u00fcber digitale Protokolle<\/p>\n<\/li>\n<\/ul>\n<p class=\"ds-markdown-paragraph\"><strong>Markenbindung:<\/strong><br \/>\nSiemens steht f\u00fcr herausragende Ingenieursleistung, Innovation und weltweite Zuverl\u00e4ssigkeit. Unser intelligenter Positionierer SIPART PS2 vereint jahrzehntelange Erfahrung in der industriellen Automatisierung und gew\u00e4hrleistet optimale Leistung, Sicherheit und Langlebigkeit auch in anspruchsvollen Anwendungen.<\/p>\n<p class=\"ds-markdown-paragraph\"><strong>Schwerpunkt Zertifizierung:<\/strong><br \/>\nEntspricht internationalen Sicherheitsstandards, einschlie\u00dflich SIL 2\/3 (IEC 61508), ATEX, IECEx und NEPSI f\u00fcr explosionsgef\u00e4hrdete Bereiche. Erf\u00fcllt die NAMUR-Empfehlungen f\u00fcr erh\u00f6hte Betriebssicherheit.<\/p>\n<p class=\"ds-markdown-paragraph\">Bei Fragen wenden Sie sich bitte an die\u00a0<strong>Kateteco-Team<\/strong>.<\/p>","protected":false},"excerpt":{"rendered":"<p>Der intelligente Ventilstellungsregler Siemens SIPART PS2, Modell 6DR5010, ist SIL 2\/3-zertifiziert, zeichnet sich durch hohe Pr\u00e4zision und robuste Kommunikation aus. Ideal f\u00fcr die industrielle Automatisierung. Bew\u00e4hrte Siemens-Qualit\u00e4t.<\/p>","protected":false},"featured_media":6185,"comment_status":"open","ping_status":"closed","template":"","meta":[],"product_brand":[823,791],"product_cat":[15],"product_tag":[825],"class_list":{"0":"post-6184","1":"product","2":"type-product","3":"status-publish","4":"has-post-thumbnail","6":"product_brand-sipart-ps2-positioners","7":"product_brand-siemens","8":"product_cat-uncategorized","9":"product_tag-6dr5010","11":"first","12":"instock","13":"shipping-taxable","14":"product-type-simple"},"_links":{"self":[{"href":"https:\/\/kateteco.com\/de\/wp-json\/wp\/v2\/product\/6184","targetHints":{"allow":["GET"]}}],"collection":[{"href":"https:\/\/kateteco.com\/de\/wp-json\/wp\/v2\/product"}],"about":[{"href":"https:\/\/kateteco.com\/de\/wp-json\/wp\/v2\/types\/product"}],"replies":[{"embeddable":true,"href":"https:\/\/kateteco.com\/de\/wp-json\/wp\/v2\/comments?post=6184"}],"version-history":[{"count":2,"href":"https:\/\/kateteco.com\/de\/wp-json\/wp\/v2\/product\/6184\/revisions"}],"predecessor-version":[{"id":6187,"href":"https:\/\/kateteco.com\/de\/wp-json\/wp\/v2\/product\/6184\/revisions\/6187"}],"wp:featuredmedia":[{"embeddable":true,"href":"https:\/\/kateteco.com\/de\/wp-json\/wp\/v2\/media\/6185"}],"wp:attachment":[{"href":"https:\/\/kateteco.com\/de\/wp-json\/wp\/v2\/media?parent=6184"}],"wp:term":[{"taxonomy":"product_brand","embeddable":true,"href":"https:\/\/kateteco.com\/de\/wp-json\/wp\/v2\/product_brand?post=6184"},{"taxonomy":"product_cat","embeddable":true,"href":"https:\/\/kateteco.com\/de\/wp-json\/wp\/v2\/product_cat?post=6184"},{"taxonomy":"product_tag","embeddable":true,"href":"https:\/\/kateteco.com\/de\/wp-json\/wp\/v2\/product_tag?post=6184"}],"curies":[{"name":"wp","href":"https:\/\/api.w.org\/{rel}","templated":true}]}}