{"id":6196,"date":"2026-01-09T07:52:49","date_gmt":"2026-01-09T07:52:49","guid":{"rendered":"https:\/\/kateteco.com\/?post_type=product&#038;p=6196"},"modified":"2026-01-09T08:02:01","modified_gmt":"2026-01-09T08:02:01","slug":"siemens-6dr5012-smart-electropneumatic-positioner","status":"publish","type":"product","link":"https:\/\/kateteco.com\/de\/produkt\/siemens-6dr5012-smart-electropneumatic-positioner\/","title":{"rendered":"Siemens SIPART PS2 Smart Positioner 6DR5012 mit Edelstahlgeh\u00e4use"},"content":{"rendered":"<p>Teilenummer: <b>6DR5012\/6DR5022\/6DR5112\/6DR50122<\/b><\/p>\n<div>Modell: <strong>SIPART PS2 Smart Valve Positioner<\/strong><\/div>\n<div>\n<div>Hersteller: Siemens<\/div>\n<div>Zustand: Neu und originalverpackt<\/div>\n<div>Herstellergarantie: 12 Monate<\/div>\n<div><\/div>\n<div>Die Positionsregelung pneumatischer Linear- oder Vierteldrehantriebe kann auch Anforderungen wie Eigensicherheit und Explosionsschutz erf\u00fcllen.<\/div>\n<\/div>\n<p class=\"ds-markdown-paragraph\"><span style=\"color: #000000;\"><strong>Produktdetails:<\/strong><\/span><\/p>\n<p class=\"ds-markdown-paragraph\"><span style=\"color: #000000;\"><strong>Hauptmerkmale:<\/strong><\/span><\/p>\n<ul>\n<li>\n<p class=\"ds-markdown-paragraph\"><span style=\"color: #000000;\">Robust\u00a0<strong>Edelstahlgeh\u00e4use (IP66\/NEMA 4X)<\/strong>\u00a0f\u00fcr \u00fcberlegene Korrosionsbest\u00e4ndigkeit unter rauen Bedingungen.<\/span><\/p>\n<\/li>\n<li>\n<p class=\"ds-markdown-paragraph\"><span style=\"color: #000000;\">Hochpr\u00e4zise Ventilsteuerung mit automatischer Anlauf- und adaptiver Regelungstechnik.<\/span><\/p>\n<\/li>\n<li>\n<p class=\"ds-markdown-paragraph\"><span style=\"color: #000000;\"><strong>HART-Protokoll<\/strong>\u00a0Kommunikation f\u00fcr einfache Konfiguration, Kalibrierung und Ferndiagnose.<\/span><\/p>\n<\/li>\n<li>\n<p class=\"ds-markdown-paragraph\"><span style=\"color: #000000;\">Intuitive lokale Bedienung \u00fcber Membrantastatur und hintergrundbeleuchtetes LCD-Display.<\/span><\/p>\n<\/li>\n<li>\n<p class=\"ds-markdown-paragraph\"><span style=\"color: #000000;\">Geringer Luftverbrauch und integrierte Selbstdiagnose f\u00fcr vorausschauende Wartung.<\/span><\/p>\n<\/li>\n<\/ul>\n<p class=\"ds-markdown-paragraph\"><span style=\"color: #000000;\"><strong>Wichtige Parameter:<\/strong><\/span><\/p>\n<ul>\n<li>\n<p class=\"ds-markdown-paragraph\"><span style=\"color: #000000;\"><strong>Modell:<\/strong>\u00a06DR5012<\/span><\/p>\n<\/li>\n<li>\n<p class=\"ds-markdown-paragraph\"><span style=\"color: #000000;\"><strong>Eingangssignal:<\/strong>\u00a04-20 mA mit HART\u00ae-Kommunikation<\/span><\/p>\n<\/li>\n<li>\n<p class=\"ds-markdown-paragraph\"><span style=\"color: #000000;\"><strong>Versorgungsdruck:<\/strong>\u00a0Bis zu 7 bar<\/span><\/p>\n<\/li>\n<li>\n<p class=\"ds-markdown-paragraph\"><span style=\"color: #000000;\"><strong>Umgebungstemperatur:<\/strong>\u00a0-40 \u00b0C bis +80 \u00b0C<\/span><\/p>\n<\/li>\n<li>\n<p class=\"ds-markdown-paragraph\"><span style=\"color: #000000;\"><strong>Geh\u00e4usematerial:<\/strong>\u00a0Edelstahl<\/span><\/p>\n<\/li>\n<li>\n<p class=\"ds-markdown-paragraph\"><span style=\"color: #000000;\"><strong>Schutzklasse:<\/strong>\u00a0IP66 \/ NEMA 4X<\/span><\/p>\n<\/li>\n<\/ul>\n<p class=\"ds-markdown-paragraph\"><span style=\"color: #000000;\"><strong>Schwerpunkt Zertifizierung:<\/strong><\/span><br \/>\n<span style=\"color: #000000;\">Zertifiziert f\u00fcr\u00a0<strong>Sicherheitsintegrit\u00e4tsniveau (SIL 2\/3 gem\u00e4\u00df IEC 61508)<\/strong>\u00a0und f\u00fcr die Verwendung zugelassen in\u00a0<strong>Gefahrenbereiche (ATEX, IECEx, NEPSI)<\/strong>. Entspricht internationalen Standards und den NAMUR-Empfehlungen f\u00fcr Sicherheit und Leistung.<\/span><\/p>\n<p class=\"ds-markdown-paragraph\"><span style=\"color: #000000;\"><strong>Erweiterte Spezifikationen:<\/strong><\/span><\/p>\n<ul>\n<li>\n<p class=\"ds-markdown-paragraph\"><span style=\"color: #000000;\">Geeignet zur direkten Montage an Linear- und Teildrehantrieben.<\/span><\/p>\n<\/li>\n<li>\n<p class=\"ds-markdown-paragraph\"><span style=\"color: #000000;\">Unterst\u00fctzt eine breite Palette von Zubeh\u00f6r (z. B. Endschalter, Magnetventile, Positionsgeber) f\u00fcr erweiterte Funktionalit\u00e4t und Systemintegration.<\/span><\/p>\n<\/li>\n<li>\n<p class=\"ds-markdown-paragraph\"><span style=\"color: #000000;\">Konzipiert f\u00fcr langfristige Zuverl\u00e4ssigkeit in aggressiven oder stark beanspruchten Umgebungen, in denen Standard-Aluminiumgeh\u00e4use nicht geeignet sind.<\/span><\/p>\n<\/li>\n<\/ul>\n<p class=\"ds-markdown-paragraph\"><span style=\"color: #000000;\"><strong>Markenbindung:<\/strong><\/span><br \/>\n<span style=\"color: #000000;\">Siemens ist ein weltweit f\u00fchrender Anbieter von Industrieautomation und steht f\u00fcr Innovation, Pr\u00e4zisionstechnik und absolute Zuverl\u00e4ssigkeit. Die SIPART PS2-Serie, einschlie\u00dflich dieses robusten Edelstahlmodells, verk\u00f6rpert unser Engagement f\u00fcr L\u00f6sungen, die Betriebssicherheit, Effizienz und Langlebigkeit selbst in anspruchsvollsten Anwendungen weltweit gew\u00e4hrleisten.<\/span><\/p>\n<p class=\"ds-markdown-paragraph\"><span style=\"color: #000000;\">F\u00fcr weitere technische Spezifikationen oder Kaufanfragen konsultieren Sie bitte die\u00a0<strong>Kateteco-Team<\/strong>.<\/span><\/p>","protected":false},"excerpt":{"rendered":"<p>Der intelligente Positionierer Siemens SIPART PS2, Modell 6DR5012, verf\u00fcgt \u00fcber ein korrosionsbest\u00e4ndiges Edelstahlgeh\u00e4use. Er eignet sich ideal f\u00fcr raue Umgebungen und ist SIL 2\/3-zertifiziert sowie mit dem HART-Protokoll kompatibel.<\/p>","protected":false},"featured_media":6194,"comment_status":"open","ping_status":"closed","template":"","meta":[],"product_brand":[823,791],"product_cat":[15],"product_tag":[828],"class_list":{"0":"post-6196","1":"product","2":"type-product","3":"status-publish","4":"has-post-thumbnail","6":"product_brand-sipart-ps2-positioners","7":"product_brand-siemens","8":"product_cat-uncategorized","9":"product_tag-6dr5012","11":"first","12":"instock","13":"shipping-taxable","14":"product-type-simple"},"_links":{"self":[{"href":"https:\/\/kateteco.com\/de\/wp-json\/wp\/v2\/product\/6196","targetHints":{"allow":["GET"]}}],"collection":[{"href":"https:\/\/kateteco.com\/de\/wp-json\/wp\/v2\/product"}],"about":[{"href":"https:\/\/kateteco.com\/de\/wp-json\/wp\/v2\/types\/product"}],"replies":[{"embeddable":true,"href":"https:\/\/kateteco.com\/de\/wp-json\/wp\/v2\/comments?post=6196"}],"version-history":[{"count":1,"href":"https:\/\/kateteco.com\/de\/wp-json\/wp\/v2\/product\/6196\/revisions"}],"predecessor-version":[{"id":6197,"href":"https:\/\/kateteco.com\/de\/wp-json\/wp\/v2\/product\/6196\/revisions\/6197"}],"wp:featuredmedia":[{"embeddable":true,"href":"https:\/\/kateteco.com\/de\/wp-json\/wp\/v2\/media\/6194"}],"wp:attachment":[{"href":"https:\/\/kateteco.com\/de\/wp-json\/wp\/v2\/media?parent=6196"}],"wp:term":[{"taxonomy":"product_brand","embeddable":true,"href":"https:\/\/kateteco.com\/de\/wp-json\/wp\/v2\/product_brand?post=6196"},{"taxonomy":"product_cat","embeddable":true,"href":"https:\/\/kateteco.com\/de\/wp-json\/wp\/v2\/product_cat?post=6196"},{"taxonomy":"product_tag","embeddable":true,"href":"https:\/\/kateteco.com\/de\/wp-json\/wp\/v2\/product_tag?post=6196"}],"curies":[{"name":"wp","href":"https:\/\/api.w.org\/{rel}","templated":true}]}}