{"id":6202,"date":"2026-01-09T08:12:58","date_gmt":"2026-01-09T08:12:58","guid":{"rendered":"https:\/\/kateteco.com\/?post_type=product&#038;p=6202"},"modified":"2026-01-09T08:30:09","modified_gmt":"2026-01-09T08:30:09","slug":"siemens-6dr5015-electropneumatic-positioner","status":"publish","type":"product","link":"https:\/\/kateteco.com\/de\/produkt\/siemens-6dr5015-electropneumatic-positioner\/","title":{"rendered":"Siemens SIPART PS2 Smart Positioner 6DR5015 \u2013 Flammfestes Aluminiumgeh\u00e4use"},"content":{"rendered":"<p><span style=\"color: #000000;\">Teilenummer: <b>6DR5015, 6DR5025, 6DR5115, 6DR5125<\/b><\/span><\/p>\n<div><span style=\"color: #000000;\">Modell: <strong>SIPART PS2 Smart Valve Positioner<\/strong><\/span><\/div>\n<div>\n<div><span style=\"color: #000000;\">Hersteller: Siemens<\/span><\/div>\n<div><span style=\"color: #000000;\">Zustand: Neu und originalverpackt<\/span><\/div>\n<div><span style=\"color: #000000;\">Herstellergarantie: 12 Monate<\/span><\/div>\n<div><\/div>\n<div><span style=\"color: #000000;\">SIPART PS2 Smart, elektropneumatischer Stellungsregler, 4\u202620 mA, Ex\/nEx, einfachwirkend, Aluminiumgeh\u00e4use, explosionsgesch\u00fctzt (Ex d), f\u00fcr pneumatische Linear- und Teildrehantriebe. Ber\u00fchrungslose (verschlei\u00dffreie) Positionserfassung (NCS).<\/span><\/div>\n<\/div>\n<p class=\"ds-markdown-paragraph\"><span style=\"color: #000000;\"><strong>Produktdetails:<\/strong><\/span><\/p>\n<p class=\"ds-markdown-paragraph\"><span style=\"color: #000000;\"><strong>Hauptmerkmale:<\/strong><\/span><\/p>\n<ul>\n<li>\n<p class=\"ds-markdown-paragraph\"><span style=\"color: #000000;\"><strong>Flammfestes und robustes Aluminiumgeh\u00e4use (IP66\/NEMA 4X)<\/strong>\u00a0speziell f\u00fcr den sicheren Betrieb in Gefahrenbereichen entwickelt.<\/span><\/p>\n<\/li>\n<li>\n<p class=\"ds-markdown-paragraph\"><span style=\"color: #000000;\">Hochpr\u00e4zise Ventilsteuerung mit automatischer Setup- und adaptiver Regelungstechnik.<\/span><\/p>\n<\/li>\n<li>\n<p class=\"ds-markdown-paragraph\"><span style=\"color: #000000;\">Standard\u00a0<strong>4-20mA analoger Eingang<\/strong>\u00a0Signal f\u00fcr einfache und universelle Integration.<\/span><\/p>\n<\/li>\n<li>\n<p class=\"ds-markdown-paragraph\"><span style=\"color: #000000;\">Benutzerfreundliche Oberfl\u00e4che mit Membrantastatur und \u00fcbersichtlichem LCD-Display f\u00fcr die lokale Bedienung.<\/span><\/p>\n<\/li>\n<li>\n<p class=\"ds-markdown-paragraph\"><span style=\"color: #000000;\">Energieeffizient mit geringem Luftverbrauch und integrierten Diagnosefunktionen.<\/span><\/p>\n<\/li>\n<\/ul>\n<p class=\"ds-markdown-paragraph\"><span style=\"color: #000000;\"><strong>Wichtige Parameter:<\/strong><\/span><\/p>\n<ul>\n<li>\n<p class=\"ds-markdown-paragraph\"><span style=\"color: #000000;\"><strong>Modell:<\/strong>\u00a06DR5015<\/span><\/p>\n<\/li>\n<li>\n<p class=\"ds-markdown-paragraph\"><span style=\"color: #000000;\"><strong>Eingangssignal:<\/strong>\u00a04\u201320 mA, analog<\/span><\/p>\n<\/li>\n<li>\n<p class=\"ds-markdown-paragraph\"><span style=\"color: #000000;\"><strong>Geh\u00e4usetyp:<\/strong>\u00a0Flammfestes Aluminiumgeh\u00e4use<\/span><\/p>\n<\/li>\n<li>\n<p class=\"ds-markdown-paragraph\"><span style=\"color: #000000;\"><strong>Versorgungsdruck:<\/strong>\u00a0Bis zu 7 bar<\/span><\/p>\n<\/li>\n<li>\n<p class=\"ds-markdown-paragraph\"><span style=\"color: #000000;\"><strong>Betriebstemperaturbereich:<\/strong>\u00a0-40 \u00b0C bis +80 \u00b0C<\/span><\/p>\n<\/li>\n<li>\n<p class=\"ds-markdown-paragraph\"><span style=\"color: #000000;\"><strong>Schutzklasse:<\/strong>\u00a0IP66 \/ NEMA 4X<\/span><\/p>\n<\/li>\n<\/ul>\n<p class=\"ds-markdown-paragraph\"><span style=\"color: #000000;\"><strong>Schwerpunkt Zertifizierung:<\/strong><\/span><br \/>\n<span style=\"color: #000000;\">Zertifiziert f\u00fcr\u00a0<strong>Sicherheitsintegrit\u00e4tsniveau (SIL 2\/3 gem\u00e4\u00df IEC 61508)<\/strong>\u00a0und tr\u00e4gt kritische\u00a0<strong>Zertifizierungen f\u00fcr explosionsgef\u00e4hrdete Bereiche (ATEX, IECEx, NEPSI)<\/strong>\u00a0mit Flammschutzklasse. Dies gew\u00e4hrleistet die Einhaltung der Vorschriften und die Sicherheit beim Einsatz in explosionsgef\u00e4hrdeten Bereichen.<\/span><\/p>\n<p class=\"ds-markdown-paragraph\"><span style=\"color: #000000;\"><strong>Erweiterte Spezifikationen:<\/strong><\/span><\/p>\n<ul>\n<li>\n<p class=\"ds-markdown-paragraph\"><span style=\"color: #000000;\">Konzipiert f\u00fcr die direkte Montage an Linear- und Teildrehantrieben.<\/span><\/p>\n<\/li>\n<li>\n<p class=\"ds-markdown-paragraph\"><span style=\"color: #000000;\">Das speziell entwickelte, flammfeste Aluminiumgeh\u00e4use (Ex d) bietet Langlebigkeit und Schutz, wo dies erforderlich ist.<\/span><\/p>\n<\/li>\n<li>\n<p class=\"ds-markdown-paragraph\"><span style=\"color: #000000;\">Unterst\u00fctzt die Erweiterung mit verschiedenen Zubeh\u00f6rteilen wie Endschaltern und Magnetventilen f\u00fcr eine verbesserte Funktionalit\u00e4t.<\/span><\/p>\n<\/li>\n<\/ul>\n<p class=\"ds-markdown-paragraph\"><span style=\"color: #000000;\"><strong>Markenbindung:<\/strong><\/span><br \/>\n<span style=\"color: #000000;\">Siemens steht f\u00fcr herausragende Ingenieurskunst, Innovation und absolute Zuverl\u00e4ssigkeit in der Industrieautomation. Die SIPART PS2-Serie, wie beispielsweise das robuste Modell 6DR5015, bietet bew\u00e4hrte Leistung, Sicherheit und Langlebigkeit und gew\u00e4hrleistet so eine optimale Steuerung Ihrer anspruchsvollsten und kritischsten Anwendungen weltweit.<\/span><\/p>\n<p class=\"ds-markdown-paragraph\"><span style=\"color: #000000;\">F\u00fcr weitere technische Spezifikationen oder Kaufanfragen konsultieren Sie bitte die\u00a0<strong>Kateteco-Team<\/strong>.<\/span><\/p>","protected":false},"excerpt":{"rendered":"<p>Siemens SIPART PS2 Modell 6DR5015 mit explosionsgesch\u00fctztem Aluminiumgeh\u00e4use. Ausgestattet mit 4\u201320 mA Eingang, SIL 2\/3-Zertifizierung und robustem Design f\u00fcr Anwendungen in explosionsgef\u00e4hrdeten Bereichen.<\/p>","protected":false},"featured_media":6203,"comment_status":"open","ping_status":"closed","template":"","meta":[],"product_brand":[823,791],"product_cat":[15],"product_tag":[830],"class_list":{"0":"post-6202","1":"product","2":"type-product","3":"status-publish","4":"has-post-thumbnail","6":"product_brand-sipart-ps2-positioners","7":"product_brand-siemens","8":"product_cat-uncategorized","9":"product_tag-6dr5015","11":"first","12":"instock","13":"shipping-taxable","14":"product-type-simple"},"_links":{"self":[{"href":"https:\/\/kateteco.com\/de\/wp-json\/wp\/v2\/product\/6202","targetHints":{"allow":["GET"]}}],"collection":[{"href":"https:\/\/kateteco.com\/de\/wp-json\/wp\/v2\/product"}],"about":[{"href":"https:\/\/kateteco.com\/de\/wp-json\/wp\/v2\/types\/product"}],"replies":[{"embeddable":true,"href":"https:\/\/kateteco.com\/de\/wp-json\/wp\/v2\/comments?post=6202"}],"version-history":[{"count":4,"href":"https:\/\/kateteco.com\/de\/wp-json\/wp\/v2\/product\/6202\/revisions"}],"predecessor-version":[{"id":6209,"href":"https:\/\/kateteco.com\/de\/wp-json\/wp\/v2\/product\/6202\/revisions\/6209"}],"wp:featuredmedia":[{"embeddable":true,"href":"https:\/\/kateteco.com\/de\/wp-json\/wp\/v2\/media\/6203"}],"wp:attachment":[{"href":"https:\/\/kateteco.com\/de\/wp-json\/wp\/v2\/media?parent=6202"}],"wp:term":[{"taxonomy":"product_brand","embeddable":true,"href":"https:\/\/kateteco.com\/de\/wp-json\/wp\/v2\/product_brand?post=6202"},{"taxonomy":"product_cat","embeddable":true,"href":"https:\/\/kateteco.com\/de\/wp-json\/wp\/v2\/product_cat?post=6202"},{"taxonomy":"product_tag","embeddable":true,"href":"https:\/\/kateteco.com\/de\/wp-json\/wp\/v2\/product_tag?post=6202"}],"curies":[{"name":"wp","href":"https:\/\/api.w.org\/{rel}","templated":true}]}}