{"id":6221,"date":"2026-01-09T08:50:49","date_gmt":"2026-01-09T08:50:49","guid":{"rendered":"https:\/\/kateteco.com\/?post_type=product&#038;p=6221"},"modified":"2026-01-09T08:53:56","modified_gmt":"2026-01-09T08:53:56","slug":"siemens-6dr5616","status":"publish","type":"product","link":"https:\/\/kateteco.com\/de\/produkt\/siemens-6dr5616\/","title":{"rendered":"Siemens 6DR5616 \u2013 Explosionsgesch\u00fctztes Aluminiumgeh\u00e4use | FOUNDATION Fieldbus Smart Valve Positioner"},"content":{"rendered":"<p><span style=\"color: #000000;\">Teilenummer: <b>6DR5616\/6DR5626<\/b><\/span><\/p>\n<div><span style=\"color: #000000;\">Modell: <strong>SIPART PS2 Smart Valve Positioner<\/strong><\/span><\/div>\n<div>\n<div><span style=\"color: #000000;\">Hersteller: Siemens<\/span><\/div>\n<div><span style=\"color: #000000;\">Zustand: Neu und originalverpackt<\/span><\/div>\n<div><span style=\"color: #000000;\">Herstellergarantie: 12 Monate<\/span><\/div>\n<div><\/div>\n<div><span style=\"color: #000000;\">SIPART PS2 Smart, elektropneumatischer Stellungsregler, PROFIBUS PA, Ex\/nEx, einfachwirkend, Polycarbonat-Geh\u00e4use, f\u00fcr pneumatische Linear- und Teildrehantriebe.<\/span><\/div>\n<div><\/div>\n<\/div>\n<div class=\"dad65929\">\n<div class=\"_4f9bf79 d7dc56a8 _43c05b5\">\n<div class=\"ds-message _63c77b1\">\n<div class=\"ds-markdown\">\n<p class=\"ds-markdown-paragraph\"><span style=\"color: #000000;\"><strong>Produktdetails:<\/strong><\/span><\/p>\n<p class=\"ds-markdown-paragraph\"><span style=\"color: #000000;\"><strong>Hauptmerkmale:<\/strong><\/span><\/p>\n<ul>\n<li>\n<p class=\"ds-markdown-paragraph\"><span style=\"color: #000000;\">Intelligente Ventilpositionierung mit automatischem Anlauf und adaptiver Steuerung<\/span><\/p>\n<\/li>\n<li>\n<p class=\"ds-markdown-paragraph\"><span style=\"color: #000000;\">HART-Kommunikation f\u00fcr Fernkonfiguration und -diagnose<\/span><\/p>\n<\/li>\n<li>\n<p class=\"ds-markdown-paragraph\"><span style=\"color: #000000;\">Robustes, kompaktes Aluminiumgeh\u00e4use mit Schutzart IP66\/NEMA 4X<\/span><\/p>\n<\/li>\n<li>\n<p class=\"ds-markdown-paragraph\"><span style=\"color: #000000;\">Einfache Bedienung \u00fcber integrierte Drucktasten und LCD-Display<\/span><\/p>\n<\/li>\n<li>\n<p class=\"ds-markdown-paragraph\"><span style=\"color: #000000;\">Energieeffizient mit sehr geringem Luftverbrauch<\/span><\/p>\n<\/li>\n<\/ul>\n<p class=\"ds-markdown-paragraph\"><span style=\"color: #000000;\"><strong>Wichtige Parameter:<\/strong><\/span><\/p>\n<ul>\n<li>\n<p class=\"ds-markdown-paragraph\"><span style=\"color: #000000;\"><strong>Kommunikation\/Eingabe:<\/strong>\u00a04-20 mA mit HART-Protokoll<\/span><\/p>\n<\/li>\n<li>\n<p class=\"ds-markdown-paragraph\"><span style=\"color: #000000;\"><strong>Versorgungsdruck:<\/strong>\u00a0Bis zu 7 bar<\/span><\/p>\n<\/li>\n<li>\n<p class=\"ds-markdown-paragraph\"><span style=\"color: #000000;\"><strong>Betriebstemperatur:<\/strong>\u00a0-40 \u00b0C bis +80 \u00b0C<\/span><\/p>\n<\/li>\n<li>\n<p class=\"ds-markdown-paragraph\"><span style=\"color: #000000;\"><strong>Geh\u00e4useschutz:<\/strong>\u00a0IP66 \/ NEMA 4X<\/span><\/p>\n<\/li>\n<li>\n<p class=\"ds-markdown-paragraph\"><span style=\"color: #000000;\"><strong>Verbindung:<\/strong>\u00a0Einfach- oder doppeltwirkend<\/span><\/p>\n<\/li>\n<\/ul>\n<p class=\"ds-markdown-paragraph\"><span style=\"color: #000000;\"><strong>Erweiterte Spezifikationen:<\/strong><\/span><\/p>\n<ul>\n<li>\n<p class=\"ds-markdown-paragraph\"><span style=\"color: #000000;\">Flexible Montage f\u00fcr Linear- und Teildrehantriebe<\/span><\/p>\n<\/li>\n<li>\n<p class=\"ds-markdown-paragraph\"><span style=\"color: #000000;\">Optionale Zubeh\u00f6rs\u00e4tze f\u00fcr erweiterte Funktionalit\u00e4t (z. B. Magnetventil, Endschalter)<\/span><\/p>\n<\/li>\n<li>\n<p class=\"ds-markdown-paragraph\"><span style=\"color: #000000;\">Kompatibel mit einer Vielzahl von Ventiltypen und -gr\u00f6\u00dfen<\/span><\/p>\n<\/li>\n<\/ul>\n<p class=\"ds-markdown-paragraph\"><span style=\"color: #000000;\"><strong>Markenbindung:<\/strong><\/span><br \/>\n<span style=\"color: #000000;\">Siemens steht f\u00fcr bew\u00e4hrte Innovation und herausragende Ingenieursleistung. Die Stellungsregler der Baureihe SIPART PS2 werden nach h\u00f6chsten Qualit\u00e4tsstandards gefertigt und gew\u00e4hrleisten eine zuverl\u00e4ssige, sichere und effiziente Prozessautomatisierung, die sich durch Langlebigkeit auszeichnet.<\/span><\/p>\n<p class=\"ds-markdown-paragraph\"><span style=\"color: #000000;\"><strong>Schwerpunkt Zertifizierung:<\/strong><\/span><br \/>\n<span style=\"color: #000000;\">Zertifiziert nach Safety Integrity Level (SIL 2\/3 gem\u00e4\u00df IEC 61508) und f\u00fcr den Betrieb in explosionsgef\u00e4hrdeten Bereichen (ATEX, IECEx, NEPSI). Erf\u00fcllt internationale Industriestandards f\u00fcr Leistung und Sicherheit.<\/span><\/p>\n<p class=\"ds-markdown-paragraph\"><span style=\"color: #000000;\">F\u00fcr weitere Informationen oder Unterst\u00fctzung wenden Sie sich bitte an die\u00a0<strong>Kateteco-Team<\/strong>.<\/span><\/p>\n<\/div>\n<\/div>\n<\/div>\n<\/div>","protected":false},"excerpt":{"rendered":"<p>Siemens SIPART PS2 Smart Valve Positioner, Modell 6DR5616, mit HART-Protokoll. Bietet hohe Pr\u00e4zision, SIL 2\/3-Sicherheitszertifizierung und robuste Leistung f\u00fcr die industrielle Ventilsteuerung.<\/p>","protected":false},"featured_media":6216,"comment_status":"open","ping_status":"closed","template":"","meta":[],"product_brand":[823,791],"product_cat":[15],"product_tag":[835],"class_list":{"0":"post-6221","1":"product","2":"type-product","3":"status-publish","4":"has-post-thumbnail","6":"product_brand-sipart-ps2-positioners","7":"product_brand-siemens","8":"product_cat-uncategorized","9":"product_tag-6dr5616","11":"first","12":"instock","13":"shipping-taxable","14":"product-type-simple"},"_links":{"self":[{"href":"https:\/\/kateteco.com\/de\/wp-json\/wp\/v2\/product\/6221","targetHints":{"allow":["GET"]}}],"collection":[{"href":"https:\/\/kateteco.com\/de\/wp-json\/wp\/v2\/product"}],"about":[{"href":"https:\/\/kateteco.com\/de\/wp-json\/wp\/v2\/types\/product"}],"replies":[{"embeddable":true,"href":"https:\/\/kateteco.com\/de\/wp-json\/wp\/v2\/comments?post=6221"}],"version-history":[{"count":1,"href":"https:\/\/kateteco.com\/de\/wp-json\/wp\/v2\/product\/6221\/revisions"}],"predecessor-version":[{"id":6222,"href":"https:\/\/kateteco.com\/de\/wp-json\/wp\/v2\/product\/6221\/revisions\/6222"}],"wp:featuredmedia":[{"embeddable":true,"href":"https:\/\/kateteco.com\/de\/wp-json\/wp\/v2\/media\/6216"}],"wp:attachment":[{"href":"https:\/\/kateteco.com\/de\/wp-json\/wp\/v2\/media?parent=6221"}],"wp:term":[{"taxonomy":"product_brand","embeddable":true,"href":"https:\/\/kateteco.com\/de\/wp-json\/wp\/v2\/product_brand?post=6221"},{"taxonomy":"product_cat","embeddable":true,"href":"https:\/\/kateteco.com\/de\/wp-json\/wp\/v2\/product_cat?post=6221"},{"taxonomy":"product_tag","embeddable":true,"href":"https:\/\/kateteco.com\/de\/wp-json\/wp\/v2\/product_tag?post=6221"}],"curies":[{"name":"wp","href":"https:\/\/api.w.org\/{rel}","templated":true}]}}