{"id":6385,"date":"2026-01-23T09:08:41","date_gmt":"2026-01-23T09:08:41","guid":{"rendered":"https:\/\/kateteco.com\/?post_type=product&#038;p=6385"},"modified":"2026-01-23T09:09:30","modified_gmt":"2026-01-23T09:09:30","slug":"markco-mk-ac-series","status":"publish","type":"product","link":"https:\/\/kateteco.com\/de\/produkt\/markco-mk-ac-series\/","title":{"rendered":"Markco Winkelventil mit Linearbewegung | MK-AC-Serie"},"content":{"rendered":"<p class=\"ds-markdown-paragraph\"><strong>Technische Spezifikationen:<\/strong><\/p>\n<ol start=\"1\">\n<li>\n<p class=\"ds-markdown-paragraph\"><strong>Gr\u00f6\u00dfenbereich:<\/strong>\u00a0NPS 1 bis 12, DN 25 bis DN 300<\/p>\n<\/li>\n<li>\n<p class=\"ds-markdown-paragraph\"><strong>Druckfestigkeit:<\/strong>\u00a0Klasse 150 bis Klasse 2500, PN 10 bis PN 420<\/p>\n<\/li>\n<li>\n<p class=\"ds-markdown-paragraph\"><strong>Dichtungsklasse:<\/strong>\u00a0Klasse IV (Klasse V oder Klasse VI optional)<\/p>\n<\/li>\n<\/ol>","protected":false},"excerpt":{"rendered":"<p>Das MK-AC ist ein Winkelregelventil, das alle f\u00fcr gerade Regelventile verf\u00fcgbaren L\u00f6sungen bietet und \u00fcber austauschbare Innenteile mit geraden Regelventilen gleicher Gr\u00f6\u00dfe verf\u00fcgt.<\/p>","protected":false},"featured_media":6386,"comment_status":"open","ping_status":"closed","template":"","meta":[],"product_brand":[49,34],"product_cat":[15],"product_tag":[845],"class_list":{"0":"post-6385","1":"product","2":"type-product","3":"status-publish","4":"has-post-thumbnail","6":"product_brand-control-valve-series-markco","7":"product_brand-markco","8":"product_cat-uncategorized","9":"product_tag-mk-ac","11":"first","12":"instock","13":"shipping-taxable","14":"product-type-simple"},"_links":{"self":[{"href":"https:\/\/kateteco.com\/de\/wp-json\/wp\/v2\/product\/6385","targetHints":{"allow":["GET"]}}],"collection":[{"href":"https:\/\/kateteco.com\/de\/wp-json\/wp\/v2\/product"}],"about":[{"href":"https:\/\/kateteco.com\/de\/wp-json\/wp\/v2\/types\/product"}],"replies":[{"embeddable":true,"href":"https:\/\/kateteco.com\/de\/wp-json\/wp\/v2\/comments?post=6385"}],"version-history":[{"count":2,"href":"https:\/\/kateteco.com\/de\/wp-json\/wp\/v2\/product\/6385\/revisions"}],"predecessor-version":[{"id":6388,"href":"https:\/\/kateteco.com\/de\/wp-json\/wp\/v2\/product\/6385\/revisions\/6388"}],"wp:featuredmedia":[{"embeddable":true,"href":"https:\/\/kateteco.com\/de\/wp-json\/wp\/v2\/media\/6386"}],"wp:attachment":[{"href":"https:\/\/kateteco.com\/de\/wp-json\/wp\/v2\/media?parent=6385"}],"wp:term":[{"taxonomy":"product_brand","embeddable":true,"href":"https:\/\/kateteco.com\/de\/wp-json\/wp\/v2\/product_brand?post=6385"},{"taxonomy":"product_cat","embeddable":true,"href":"https:\/\/kateteco.com\/de\/wp-json\/wp\/v2\/product_cat?post=6385"},{"taxonomy":"product_tag","embeddable":true,"href":"https:\/\/kateteco.com\/de\/wp-json\/wp\/v2\/product_tag?post=6385"}],"curies":[{"name":"wp","href":"https:\/\/api.w.org\/{rel}","templated":true}]}}