{"id":6389,"date":"2026-01-23T10:52:20","date_gmt":"2026-01-23T10:52:20","guid":{"rendered":"https:\/\/kateteco.com\/?post_type=product&#038;p=6389"},"modified":"2026-01-23T10:52:21","modified_gmt":"2026-01-23T10:52:21","slug":"markco-mk-mf-series","status":"publish","type":"product","link":"https:\/\/kateteco.com\/de\/produkt\/markco-mk-mf-series\/","title":{"rendered":"Markco Miniatur-Durchflussregelventil | MK-MF-Serie"},"content":{"rendered":"<p>Dieses robuste Markco-Regelventil eignet sich f\u00fcr industrielle Steuerungsanwendungen mit geringem Durchfluss und hohem Druck. Das Ventilgeh\u00e4use und der Ventildeckel aus Edelstahl S31600\/S31603 sind f\u00fcr Prozessdr\u00fccke bis zu 413 bar (\u00dcberdruck) geeignet.<\/p>\n<p>Merkmale<\/p>\n<p>\uf0d8 Die kompakte und leichte Bauweise reduziert die Kosten f\u00fcr die Rohrleitungsinstallation.<\/p>\n<p>\uf0d8 Die doppelte F\u00fchrung von Stopfen und Schaft sorgt f\u00fcr erh\u00f6hte Stabilit\u00e4t w\u00e4hrend der Stopfenbewegung.<\/p>\n<p>\uf0d8 Mehrere Reduzierungen der Trimmkapazit\u00e4t sind m\u00f6glich, um sich \u00e4ndernden Prozessanforderungen gerecht zu werden, mit Cv-Werten bis hinunter zu 0,00013.<\/p>\n<p>\uf0d8 Optionale verl\u00e4ngerte Motorhaube f\u00fcr Anwendungen im Temperaturbereich von -195 bis 537 \u00b0C (-320 bis 1000 \u00b0F).<\/p>\n<p>\uf0d8 Optionales Dichtungssystem mit geringer Leckage zur Erf\u00fcllung kritischer Emissionskontrollanforderungen.<\/p>\n<p>&nbsp;<\/p>","protected":false},"excerpt":{"rendered":"<p>Das MK-MF ist die ideale L\u00f6sung f\u00fcr Anwendungen, die den Betriebsbereich unserer anderen Ventilserien \u00fcberschreiten. Verschiedene Anschlussarten wie Gewinde (Standard), Stumpfschwei\u00dfung und Flansch erh\u00f6hen die Vielseitigkeit dieser Hochdruck-Produktlinie. Spezielle Ausf\u00fchrungen aus hochlegiertem Nickel sind erh\u00e4ltlich und erg\u00e4nzen das Angebot an Edelstahlventilen der Serien S31600\/S31603.<\/p>","protected":false},"featured_media":6390,"comment_status":"open","ping_status":"closed","template":"","meta":[],"product_brand":[34,49],"product_cat":[15],"product_tag":[846],"class_list":{"0":"post-6389","1":"product","2":"type-product","3":"status-publish","4":"has-post-thumbnail","6":"product_brand-markco","7":"product_brand-control-valve-series-markco","8":"product_cat-uncategorized","9":"product_tag-mk-mf","11":"first","12":"instock","13":"shipping-taxable","14":"product-type-simple"},"_links":{"self":[{"href":"https:\/\/kateteco.com\/de\/wp-json\/wp\/v2\/product\/6389","targetHints":{"allow":["GET"]}}],"collection":[{"href":"https:\/\/kateteco.com\/de\/wp-json\/wp\/v2\/product"}],"about":[{"href":"https:\/\/kateteco.com\/de\/wp-json\/wp\/v2\/types\/product"}],"replies":[{"embeddable":true,"href":"https:\/\/kateteco.com\/de\/wp-json\/wp\/v2\/comments?post=6389"}],"version-history":[{"count":1,"href":"https:\/\/kateteco.com\/de\/wp-json\/wp\/v2\/product\/6389\/revisions"}],"predecessor-version":[{"id":6392,"href":"https:\/\/kateteco.com\/de\/wp-json\/wp\/v2\/product\/6389\/revisions\/6392"}],"wp:featuredmedia":[{"embeddable":true,"href":"https:\/\/kateteco.com\/de\/wp-json\/wp\/v2\/media\/6390"}],"wp:attachment":[{"href":"https:\/\/kateteco.com\/de\/wp-json\/wp\/v2\/media?parent=6389"}],"wp:term":[{"taxonomy":"product_brand","embeddable":true,"href":"https:\/\/kateteco.com\/de\/wp-json\/wp\/v2\/product_brand?post=6389"},{"taxonomy":"product_cat","embeddable":true,"href":"https:\/\/kateteco.com\/de\/wp-json\/wp\/v2\/product_cat?post=6389"},{"taxonomy":"product_tag","embeddable":true,"href":"https:\/\/kateteco.com\/de\/wp-json\/wp\/v2\/product_tag?post=6389"}],"curies":[{"name":"wp","href":"https:\/\/api.w.org\/{rel}","templated":true}]}}