{"id":6460,"date":"2026-03-09T07:43:39","date_gmt":"2026-03-09T07:43:39","guid":{"rendered":"https:\/\/kateteco.com\/?post_type=product&#038;p=6460"},"modified":"2026-03-09T07:43:40","modified_gmt":"2026-03-09T07:43:40","slug":"multi-spring-pneumatic-diaphragm-control-valve","status":"publish","type":"product","link":"https:\/\/kateteco.com\/de\/produkt\/multi-spring-pneumatic-diaphragm-control-valve\/","title":{"rendered":"Mehrfachfeder-Pneumatikmembran-Steuerventil"},"content":{"rendered":"<div><span style=\"color: #000000;\">Das pneumatische Membransteuerventil mit mehreren Federn ist ein g\u00e4ngiger Typ von pneumatischem Steuerventil und besteht aus einem pneumatischen Membranantrieb mit mehreren Federn und einem Steuerventilgeh\u00e4use. Im Folgenden finden Sie eine detaillierte Beschreibung:<\/span><\/div>\n<div><\/div>\n<h3><span style=\"color: #000000;\">Strukturelle Zusammensetzung<\/span><\/h3>\n<div><\/div>\n<div><span style=\"color: #000000;\">Der Stellantrieb besteht aus einer Membran, Druckfedern, einer Tr\u00e4gerplatte, einer Schubstange, einer Halterung usw. Das Ventilgeh\u00e4use ist \u00fcblicherweise als gerades Durchgangsventil mit einem einzelnen Sitz oder als H\u00fclsenventil ausgef\u00fchrt. Der Ventileinsatz ist beispielsweise ein oben gef\u00fchrter Kolben. Der Ventilsitz wirkt zusammen mit dem Ventileinsatz, um die Drosselung zu realisieren. Das Ventilgeh\u00e4use ist \u00fcber Flansche mit der Rohrleitung verbunden.<\/span><\/div>\n<div><\/div>\n<h3><span style=\"color: #000000;\">Funktionsprinzip<\/span><\/h3>\n<div><\/div>\n<div><span style=\"color: #000000;\">Ein externes pneumatisches Signal wird in die Membrankammer eingespeist. Der Druck wirkt auf die Membran und erzeugt einen Schub, der die Federn zusammendr\u00fcckt. Dadurch bewegt sich die Schubstange und bet\u00e4tigt den Ventilschaft und den Ventileinsatz. Die Bewegung setzt sich fort, bis der Schub die Gegenkraft der Feder ausgleicht und der Ventileinsatz im entsprechenden Hub stabilisiert ist. So wird die Fl\u00fcssigkeitsregulierung realisiert. Es gibt zwei Wirkungsarten: direktwirkend und umgekehrtwirkend.<\/span><\/div>\n<div><\/div>\n<h3><span style=\"color: #000000;\">Produktmerkmale<\/span><\/h3>\n<div><\/div>\n<div><span style=\"color: #000000;\">Es zeichnet sich durch eine kompakte Bauweise, geringes Gewicht, feinf\u00fchlige Bedienung, geringen Druckverlust, hohe Ventilleistung und pr\u00e4zise Durchflusscharakteristik aus. Es kann mit einem elektro-pneumatischen oder einem pneumatischen Ventilstellungsregler ausgestattet werden, um die automatische Anpassung und Regelung des Fluidmediums in der Prozessleitung zu erm\u00f6glichen.<\/span><\/div>\n<div><\/div>\n<h3><span style=\"color: #000000;\">Anwendungsszenarien<\/span><\/h3>\n<div><\/div>\n<div><span style=\"color: #000000;\">Es findet breite Anwendung in Branchen wie der chemischen Industrie und der Erd\u00f6lindustrie. Es erm\u00f6glicht die pr\u00e4zise Steuerung von Parametern wie Druck und Durchflussrate von Gasen, Fl\u00fcssigkeiten und anderen Medien. Besonders geeignet ist es f\u00fcr Anwendungen mit geringen Leckagetoleranzen, niedrigen Druckdifferenzen vor und nach dem Ventil sowie einer gewissen Viskosit\u00e4t und einem geringen Anteil an faserigen Medien.<\/span><\/div>","protected":false},"excerpt":{"rendered":"<p><span style=\"color: #000000;\">Das pneumatische Membranregelventil mit mehreren Federn besteht aus einem Stellantrieb und einem Ventilk\u00f6rper. Dank seiner kompakten Bauweise ist es besonders sensibel. Es eignet sich ideal f\u00fcr Branchen, die eine pr\u00e4zise Fluidsteuerung ben\u00f6tigen, und findet breite Anwendung in der Chemie- und Erd\u00f6lindustrie.<\/span><\/p>","protected":false},"featured_media":6463,"comment_status":"open","ping_status":"closed","template":"","meta":[],"product_brand":[],"product_cat":[60,65],"product_tag":[],"class_list":{"0":"post-6460","1":"product","2":"type-product","3":"status-publish","4":"has-post-thumbnail","6":"product_cat-pneumatic-valve","7":"product_cat-pneumatic-control-valve","9":"first","10":"instock","11":"shipping-taxable","12":"product-type-simple"},"_links":{"self":[{"href":"https:\/\/kateteco.com\/de\/wp-json\/wp\/v2\/product\/6460","targetHints":{"allow":["GET"]}}],"collection":[{"href":"https:\/\/kateteco.com\/de\/wp-json\/wp\/v2\/product"}],"about":[{"href":"https:\/\/kateteco.com\/de\/wp-json\/wp\/v2\/types\/product"}],"replies":[{"embeddable":true,"href":"https:\/\/kateteco.com\/de\/wp-json\/wp\/v2\/comments?post=6460"}],"version-history":[{"count":2,"href":"https:\/\/kateteco.com\/de\/wp-json\/wp\/v2\/product\/6460\/revisions"}],"predecessor-version":[{"id":6465,"href":"https:\/\/kateteco.com\/de\/wp-json\/wp\/v2\/product\/6460\/revisions\/6465"}],"wp:featuredmedia":[{"embeddable":true,"href":"https:\/\/kateteco.com\/de\/wp-json\/wp\/v2\/media\/6463"}],"wp:attachment":[{"href":"https:\/\/kateteco.com\/de\/wp-json\/wp\/v2\/media?parent=6460"}],"wp:term":[{"taxonomy":"product_brand","embeddable":true,"href":"https:\/\/kateteco.com\/de\/wp-json\/wp\/v2\/product_brand?post=6460"},{"taxonomy":"product_cat","embeddable":true,"href":"https:\/\/kateteco.com\/de\/wp-json\/wp\/v2\/product_cat?post=6460"},{"taxonomy":"product_tag","embeddable":true,"href":"https:\/\/kateteco.com\/de\/wp-json\/wp\/v2\/product_tag?post=6460"}],"curies":[{"name":"wp","href":"https:\/\/api.w.org\/{rel}","templated":true}]}}