{"id":6611,"date":"2026-03-30T03:47:29","date_gmt":"2026-03-30T03:47:29","guid":{"rendered":"https:\/\/kateteco.com\/?post_type=product&#038;p=6611"},"modified":"2026-03-30T05:02:28","modified_gmt":"2026-03-30T05:02:28","slug":"upvc-handle-butterfly-valve-d71x-10s-dn50-dn200","status":"publish","type":"product","link":"https:\/\/kateteco.com\/de\/produkt\/upvc-handle-butterfly-valve-d71x-10s-dn50-dn200\/","title":{"rendered":"UPVC-Griff-Absperrklappe D71X-10S DN50-DN200"},"content":{"rendered":"<p><span style=\"color: #000000;\">Die Absperrklappe D71X-10S mit UPVC-Griff ist eine leichte und kompakte Absperrklappe aus UPVC. Sie verf\u00fcgt \u00fcber einen Wafer-Anschluss (D71), wobei Sitz und Dichtungen \u00fcblicherweise aus Gummi (X-Typ) gefertigt sind. Die Nenndruckstufe betr\u00e4gt PN10 (1,0 MPa).<\/span><\/p>\n<h3><span style=\"color: #000000;\"><strong>Produkt\u00fcbersicht<\/strong><\/span><\/h3>\n<ul>\n<li>\n<p class=\"ds-markdown-paragraph\"><span style=\"color: #000000;\"><strong>Standard<\/strong>GB (chinesischer Nationalstandard) \/ DIN (deutscher Standard)<\/span><\/p>\n<\/li>\n<li>\n<p class=\"ds-markdown-paragraph\"><span style=\"color: #000000;\"><strong>Geh\u00e4use- und Plattenmaterial<\/strong>: UPVC (Standard)<\/span><\/p>\n<\/li>\n<li>\n<p class=\"ds-markdown-paragraph\"><span style=\"color: #000000;\"><strong>Inspektion<\/strong>: 100% werksgepr\u00fcft<\/span><\/p>\n<\/li>\n<\/ul>\n<hr \/>\n<h3><span style=\"color: #000000;\"><strong>Modell- und Gr\u00f6\u00dfenliste<\/strong><\/span><\/h3>\n<h4><span style=\"color: #000000;\">1. UPVC-Griff-Absperrklappe<\/span><\/h4>\n<div class=\"ds-scroll-area ds-scroll-area--show-on-focus-within _1210dd7 c03cafe9\">\n<div class=\"ds-scroll-area__gutters\">\n<div class=\"ds-scroll-area__horizontal-gutter\"><\/div>\n<div class=\"ds-scroll-area__vertical-gutter\"><\/div>\n<\/div>\n<table>\n<thead>\n<tr>\n<th><span style=\"color: #000000;\">Modell<\/span><\/th>\n<th><span style=\"color: #000000;\">Gr\u00f6\u00dfe (DN)<\/span><\/th>\n<th><span style=\"color: #000000;\">Zoll<\/span><\/th>\n<\/tr>\n<\/thead>\n<tbody>\n<tr>\n<td><span style=\"color: #000000;\">D71X-10S<\/span><\/td>\n<td><span style=\"color: #000000;\">DN50<\/span><\/td>\n<td><span style=\"color: #000000;\">2\u2033<\/span><\/td>\n<\/tr>\n<tr>\n<td><span style=\"color: #000000;\">D71X-10S<\/span><\/td>\n<td><span style=\"color: #000000;\">DN65<\/span><\/td>\n<td><span style=\"color: #000000;\">2,5\u2033<\/span><\/td>\n<\/tr>\n<tr>\n<td><span style=\"color: #000000;\">D71X-10S<\/span><\/td>\n<td><span style=\"color: #000000;\">DN80<\/span><\/td>\n<td><span style=\"color: #000000;\">3\u2033<\/span><\/td>\n<\/tr>\n<tr>\n<td><span style=\"color: #000000;\">D71X-10S<\/span><\/td>\n<td><span style=\"color: #000000;\">DN100<\/span><\/td>\n<td><span style=\"color: #000000;\">4\u2033<\/span><\/td>\n<\/tr>\n<tr>\n<td><span style=\"color: #000000;\">D71X-10S<\/span><\/td>\n<td><span style=\"color: #000000;\">DN125<\/span><\/td>\n<td><span style=\"color: #000000;\">5\u2033<\/span><\/td>\n<\/tr>\n<tr>\n<td><span style=\"color: #000000;\">D71X-10S<\/span><\/td>\n<td><span style=\"color: #000000;\">DN150<\/span><\/td>\n<td><span style=\"color: #000000;\">6\u2033<\/span><\/td>\n<\/tr>\n<tr>\n<td><span style=\"color: #000000;\">D71X-6S<\/span><\/td>\n<td><span style=\"color: #000000;\">DN200<\/span><\/td>\n<td><span style=\"color: #000000;\">8\u2033<\/span><\/td>\n<\/tr>\n<\/tbody>\n<\/table>\n<h3><span style=\"color: #000000;\"><strong>Optionale Materialien (Preis auf Anfrage)<\/strong><\/span><\/h3>\n<h4><span style=\"color: #000000;\">1. Disc-Material<\/span><\/h4>\n<ul>\n<li>\n<p class=\"ds-markdown-paragraph\"><span style=\"color: #000000;\">UPVC (Standard)<\/span><\/p>\n<\/li>\n<li>\n<p class=\"ds-markdown-paragraph\"><span style=\"color: #000000;\">PPH<\/span><\/p>\n<\/li>\n<li>\n<p class=\"ds-markdown-paragraph\"><span style=\"color: #000000;\">FRPP<\/span><\/p>\n<\/li>\n<\/ul>\n<h4><span style=\"color: #000000;\">2. Sitz-\/Innenfuttermaterial<\/span><\/h4>\n<ul>\n<li>\n<p class=\"ds-markdown-paragraph\"><span style=\"color: #000000;\">NR (Naturkautschuk) \u2013 Standard<\/span><\/p>\n<\/li>\n<li>\n<p class=\"ds-markdown-paragraph\"><span style=\"color: #000000;\">EPDM<\/span><\/p>\n<\/li>\n<li>\n<p class=\"ds-markdown-paragraph\"><span style=\"color: #000000;\">FPM (Viton)<\/span><\/p>\n<\/li>\n<\/ul>\n<h4><span style=\"color: #000000;\">3. Stielmaterial<\/span><\/h4>\n<ul>\n<li>\n<p class=\"ds-markdown-paragraph\"><span style=\"color: #000000;\">45# Kohlenstoffstahl \u2013 Standard<\/span><\/p>\n<\/li>\n<li>\n<p class=\"ds-markdown-paragraph\"><span style=\"color: #000000;\">Edelstahl 304<\/span><\/p>\n<\/li>\n<li>\n<p class=\"ds-markdown-paragraph\"><span style=\"color: #000000;\">Edelstahl 316<\/span><\/p>\n<\/li>\n<\/ul>\n<p>&nbsp;<\/p>\n<\/div>\n<p><span style=\"color: #000000;\">Wir bieten Ihnen eine pr\u00e4zise Produktauswahl, abgestimmt auf Ihre Gegebenheiten vor Ort, und finden die optimale L\u00f6sung f\u00fcr Ihre Bed\u00fcrfnisse. Bei Fragen stehen wir Ihnen gerne per WhatsApp oder E-Mail zur Verf\u00fcgung. Unser Kundenservice ist rund um die Uhr erreichbar.<\/span><\/p>","protected":false},"excerpt":{"rendered":"<p><span style=\"color: #000000;\">Das Ventil ist mit einem Griff f\u00fcr eine 90\u00b0-Vierteldrehung ausgestattet und bietet einfache Bedienung sowie hervorragende Korrosionsbest\u00e4ndigkeit. Es findet breite Anwendung in der Wasseraufbereitung, der chemischen Industrie, der Lebensmittelindustrie und in allgemeinen industriellen Rohrleitungssystemen f\u00fcr Anwendungen bei normalen Temperaturen und niedrigem Druck und eignet sich besonders zur Steuerung korrosiver Medien.<\/span><\/p>","protected":false},"featured_media":6612,"comment_status":"open","ping_status":"closed","template":"","meta":[],"product_brand":[],"product_cat":[55,54],"product_tag":[],"class_list":{"0":"post-6611","1":"product","2":"type-product","3":"status-publish","4":"has-post-thumbnail","6":"product_cat-butterfly-valve","7":"product_cat-manual-valve","9":"first","10":"instock","11":"shipping-taxable","12":"product-type-simple"},"_links":{"self":[{"href":"https:\/\/kateteco.com\/de\/wp-json\/wp\/v2\/product\/6611","targetHints":{"allow":["GET"]}}],"collection":[{"href":"https:\/\/kateteco.com\/de\/wp-json\/wp\/v2\/product"}],"about":[{"href":"https:\/\/kateteco.com\/de\/wp-json\/wp\/v2\/types\/product"}],"replies":[{"embeddable":true,"href":"https:\/\/kateteco.com\/de\/wp-json\/wp\/v2\/comments?post=6611"}],"version-history":[{"count":4,"href":"https:\/\/kateteco.com\/de\/wp-json\/wp\/v2\/product\/6611\/revisions"}],"predecessor-version":[{"id":6623,"href":"https:\/\/kateteco.com\/de\/wp-json\/wp\/v2\/product\/6611\/revisions\/6623"}],"wp:featuredmedia":[{"embeddable":true,"href":"https:\/\/kateteco.com\/de\/wp-json\/wp\/v2\/media\/6612"}],"wp:attachment":[{"href":"https:\/\/kateteco.com\/de\/wp-json\/wp\/v2\/media?parent=6611"}],"wp:term":[{"taxonomy":"product_brand","embeddable":true,"href":"https:\/\/kateteco.com\/de\/wp-json\/wp\/v2\/product_brand?post=6611"},{"taxonomy":"product_cat","embeddable":true,"href":"https:\/\/kateteco.com\/de\/wp-json\/wp\/v2\/product_cat?post=6611"},{"taxonomy":"product_tag","embeddable":true,"href":"https:\/\/kateteco.com\/de\/wp-json\/wp\/v2\/product_tag?post=6611"}],"curies":[{"name":"wp","href":"https:\/\/api.w.org\/{rel}","templated":true}]}}