{"id":6744,"date":"2026-04-03T05:07:26","date_gmt":"2026-04-03T05:07:26","guid":{"rendered":"https:\/\/kateteco.com\/?post_type=product&#038;p=6744"},"modified":"2026-04-03T05:07:26","modified_gmt":"2026-04-03T05:07:26","slug":"cast-steel-flanged-globe-valve-j41h-16c","status":"publish","type":"product","link":"https:\/\/kateteco.com\/de\/produkt\/cast-steel-flanged-globe-valve-j41h-16c\/","title":{"rendered":"Flanschkugelventil aus Stahlguss J41H-16C"},"content":{"rendered":"<p><span style=\"color: #000000;\">Wir bieten Ihnen eine pr\u00e4zise Produktauswahl, abgestimmt auf Ihre Gegebenheiten vor Ort, und finden die optimale L\u00f6sung f\u00fcr Ihre Bed\u00fcrfnisse. Bei Fragen stehen wir Ihnen gerne per WhatsApp oder E-Mail zur Verf\u00fcgung. Unser Kundenservice ist rund um die Uhr erreichbar.<\/span><\/p>","protected":false},"excerpt":{"rendered":"<p>Cast steel flanged globe valve J41H-16C. Ideal for high temp\/pressure, tight shut-off, durable sealing. Reliable for steam, oil, and water pipelines.<\/p>","protected":false},"featured_media":6745,"comment_status":"open","ping_status":"closed","template":"","meta":[],"product_brand":[],"product_cat":[58,54],"product_tag":[],"class_list":{"0":"post-6744","1":"product","2":"type-product","3":"status-publish","4":"has-post-thumbnail","6":"product_cat-globe-valve","7":"product_cat-manual-valve","9":"first","10":"instock","11":"shipping-taxable","12":"product-type-simple"},"_links":{"self":[{"href":"https:\/\/kateteco.com\/de\/wp-json\/wp\/v2\/product\/6744","targetHints":{"allow":["GET"]}}],"collection":[{"href":"https:\/\/kateteco.com\/de\/wp-json\/wp\/v2\/product"}],"about":[{"href":"https:\/\/kateteco.com\/de\/wp-json\/wp\/v2\/types\/product"}],"replies":[{"embeddable":true,"href":"https:\/\/kateteco.com\/de\/wp-json\/wp\/v2\/comments?post=6744"}],"version-history":[{"count":2,"href":"https:\/\/kateteco.com\/de\/wp-json\/wp\/v2\/product\/6744\/revisions"}],"predecessor-version":[{"id":6749,"href":"https:\/\/kateteco.com\/de\/wp-json\/wp\/v2\/product\/6744\/revisions\/6749"}],"wp:featuredmedia":[{"embeddable":true,"href":"https:\/\/kateteco.com\/de\/wp-json\/wp\/v2\/media\/6745"}],"wp:attachment":[{"href":"https:\/\/kateteco.com\/de\/wp-json\/wp\/v2\/media?parent=6744"}],"wp:term":[{"taxonomy":"product_brand","embeddable":true,"href":"https:\/\/kateteco.com\/de\/wp-json\/wp\/v2\/product_brand?post=6744"},{"taxonomy":"product_cat","embeddable":true,"href":"https:\/\/kateteco.com\/de\/wp-json\/wp\/v2\/product_cat?post=6744"},{"taxonomy":"product_tag","embeddable":true,"href":"https:\/\/kateteco.com\/de\/wp-json\/wp\/v2\/product_tag?post=6744"}],"curies":[{"name":"wp","href":"https:\/\/api.w.org\/{rel}","templated":true}]}}