{"id":6771,"date":"2026-04-04T08:44:41","date_gmt":"2026-04-04T08:44:41","guid":{"rendered":"https:\/\/kateteco.com\/?post_type=product&#038;p=6771"},"modified":"2026-04-04T08:44:42","modified_gmt":"2026-04-04T08:44:42","slug":"cast-steel-flanged-ball-valve","status":"publish","type":"product","link":"https:\/\/kateteco.com\/de\/produkt\/cast-steel-flanged-ball-valve\/","title":{"rendered":"Kugelventil mit Flansch aus Stahlguss"},"content":{"rendered":"<p>Wir bieten Ihnen eine pr\u00e4zise Produktauswahl, abgestimmt auf Ihre Gegebenheiten vor Ort, und finden die optimale L\u00f6sung f\u00fcr Ihre Bed\u00fcrfnisse. Bei Fragen stehen wir Ihnen gerne per WhatsApp oder E-Mail zur Verf\u00fcgung. Unser Kundenservice ist rund um die Uhr erreichbar.<\/p>","protected":false},"excerpt":{"rendered":"<p>Kugelhahn mit Flansch aus Stahlguss. Hohe Festigkeit, dichte Abdichtung, Vierteldrehung. Geeignet f\u00fcr Hochdruck- und Hochtemperaturanwendungen in \u00d6l-, Gas- und Dampfleitungen.<\/p>","protected":false},"featured_media":6772,"comment_status":"open","ping_status":"closed","template":"","meta":[],"product_brand":[],"product_cat":[56,54],"product_tag":[],"class_list":{"0":"post-6771","1":"product","2":"type-product","3":"status-publish","4":"has-post-thumbnail","6":"product_cat-ball-valve","7":"product_cat-manual-valve","9":"first","10":"instock","11":"shipping-taxable","12":"product-type-simple"},"_links":{"self":[{"href":"https:\/\/kateteco.com\/de\/wp-json\/wp\/v2\/product\/6771","targetHints":{"allow":["GET"]}}],"collection":[{"href":"https:\/\/kateteco.com\/de\/wp-json\/wp\/v2\/product"}],"about":[{"href":"https:\/\/kateteco.com\/de\/wp-json\/wp\/v2\/types\/product"}],"replies":[{"embeddable":true,"href":"https:\/\/kateteco.com\/de\/wp-json\/wp\/v2\/comments?post=6771"}],"version-history":[{"count":2,"href":"https:\/\/kateteco.com\/de\/wp-json\/wp\/v2\/product\/6771\/revisions"}],"predecessor-version":[{"id":6776,"href":"https:\/\/kateteco.com\/de\/wp-json\/wp\/v2\/product\/6771\/revisions\/6776"}],"wp:featuredmedia":[{"embeddable":true,"href":"https:\/\/kateteco.com\/de\/wp-json\/wp\/v2\/media\/6772"}],"wp:attachment":[{"href":"https:\/\/kateteco.com\/de\/wp-json\/wp\/v2\/media?parent=6771"}],"wp:term":[{"taxonomy":"product_brand","embeddable":true,"href":"https:\/\/kateteco.com\/de\/wp-json\/wp\/v2\/product_brand?post=6771"},{"taxonomy":"product_cat","embeddable":true,"href":"https:\/\/kateteco.com\/de\/wp-json\/wp\/v2\/product_cat?post=6771"},{"taxonomy":"product_tag","embeddable":true,"href":"https:\/\/kateteco.com\/de\/wp-json\/wp\/v2\/product_tag?post=6771"}],"curies":[{"name":"wp","href":"https:\/\/api.w.org\/{rel}","templated":true}]}}