{"id":6777,"date":"2026-04-04T08:46:45","date_gmt":"2026-04-04T08:46:45","guid":{"rendered":"https:\/\/kateteco.com\/?post_type=product&#038;p=6777"},"modified":"2026-04-04T08:47:04","modified_gmt":"2026-04-04T08:47:04","slug":"four-way-ball-valve","status":"publish","type":"product","link":"https:\/\/kateteco.com\/de\/produkt\/four-way-ball-valve\/","title":{"rendered":"Vierwege-Kugelhahn"},"content":{"rendered":"<p>Wir bieten Ihnen eine pr\u00e4zise Produktauswahl, abgestimmt auf Ihre Gegebenheiten vor Ort, und finden die optimale L\u00f6sung f\u00fcr Ihre Bed\u00fcrfnisse. Bei Fragen stehen wir Ihnen gerne per WhatsApp oder E-Mail zur Verf\u00fcgung. Unser Kundenservice ist rund um die Uhr erreichbar.<\/p>","protected":false},"excerpt":{"rendered":"<p>Vierwege-Kugelhahn. Erm\u00f6glicht das Umschalten des Durchflusses zwischen mehreren Anschl\u00fcssen, kompakte Bauweise, dicht schlie\u00dfend. Ideal f\u00fcr Umleitungs- oder Mischanwendungen in Rohrleitungen.<\/p>","protected":false},"featured_media":6778,"comment_status":"open","ping_status":"closed","template":"","meta":[],"product_brand":[],"product_cat":[54,56],"product_tag":[],"class_list":{"0":"post-6777","1":"product","2":"type-product","3":"status-publish","4":"has-post-thumbnail","6":"product_cat-manual-valve","7":"product_cat-ball-valve","9":"first","10":"instock","11":"shipping-taxable","12":"product-type-simple"},"_links":{"self":[{"href":"https:\/\/kateteco.com\/de\/wp-json\/wp\/v2\/product\/6777","targetHints":{"allow":["GET"]}}],"collection":[{"href":"https:\/\/kateteco.com\/de\/wp-json\/wp\/v2\/product"}],"about":[{"href":"https:\/\/kateteco.com\/de\/wp-json\/wp\/v2\/types\/product"}],"replies":[{"embeddable":true,"href":"https:\/\/kateteco.com\/de\/wp-json\/wp\/v2\/comments?post=6777"}],"version-history":[{"count":2,"href":"https:\/\/kateteco.com\/de\/wp-json\/wp\/v2\/product\/6777\/revisions"}],"predecessor-version":[{"id":6780,"href":"https:\/\/kateteco.com\/de\/wp-json\/wp\/v2\/product\/6777\/revisions\/6780"}],"wp:featuredmedia":[{"embeddable":true,"href":"https:\/\/kateteco.com\/de\/wp-json\/wp\/v2\/media\/6778"}],"wp:attachment":[{"href":"https:\/\/kateteco.com\/de\/wp-json\/wp\/v2\/media?parent=6777"}],"wp:term":[{"taxonomy":"product_brand","embeddable":true,"href":"https:\/\/kateteco.com\/de\/wp-json\/wp\/v2\/product_brand?post=6777"},{"taxonomy":"product_cat","embeddable":true,"href":"https:\/\/kateteco.com\/de\/wp-json\/wp\/v2\/product_cat?post=6777"},{"taxonomy":"product_tag","embeddable":true,"href":"https:\/\/kateteco.com\/de\/wp-json\/wp\/v2\/product_tag?post=6777"}],"curies":[{"name":"wp","href":"https:\/\/api.w.org\/{rel}","templated":true}]}}