{"id":6782,"date":"2026-04-04T08:52:21","date_gmt":"2026-04-04T08:52:21","guid":{"rendered":"https:\/\/kateteco.com\/?post_type=product&#038;p=6782"},"modified":"2026-04-04T08:52:22","modified_gmt":"2026-04-04T08:52:22","slug":"lined-fluoroplastic-ball-valve","status":"publish","type":"product","link":"https:\/\/kateteco.com\/de\/produkt\/lined-fluoroplastic-ball-valve\/","title":{"rendered":"Ausgekleidetes Kugelventil aus Fluorkunststoff"},"content":{"rendered":"<p>Wir bieten Ihnen eine pr\u00e4zise Produktauswahl, abgestimmt auf Ihre Gegebenheiten vor Ort, und finden die optimale L\u00f6sung f\u00fcr Ihre Bed\u00fcrfnisse. Bei Fragen stehen wir Ihnen gerne per WhatsApp oder E-Mail zur Verf\u00fcgung. Unser Kundenservice ist rund um die Uhr erreichbar.<\/p>","protected":false},"excerpt":{"rendered":"<p>Kugelhahn aus fluoriertem Kunststoff. Ausgezeichnete Korrosionsbest\u00e4ndigkeit gegen\u00fcber starken S\u00e4uren und Laugen. PFA\/FEP-Auskleidung, ideal f\u00fcr aggressive chemische Medien.<\/p>","protected":false},"featured_media":6783,"comment_status":"open","ping_status":"closed","template":"","meta":[],"product_brand":[],"product_cat":[54,56],"product_tag":[],"class_list":{"0":"post-6782","1":"product","2":"type-product","3":"status-publish","4":"has-post-thumbnail","6":"product_cat-manual-valve","7":"product_cat-ball-valve","9":"first","10":"instock","11":"shipping-taxable","12":"product-type-simple"},"_links":{"self":[{"href":"https:\/\/kateteco.com\/de\/wp-json\/wp\/v2\/product\/6782","targetHints":{"allow":["GET"]}}],"collection":[{"href":"https:\/\/kateteco.com\/de\/wp-json\/wp\/v2\/product"}],"about":[{"href":"https:\/\/kateteco.com\/de\/wp-json\/wp\/v2\/types\/product"}],"replies":[{"embeddable":true,"href":"https:\/\/kateteco.com\/de\/wp-json\/wp\/v2\/comments?post=6782"}],"version-history":[{"count":1,"href":"https:\/\/kateteco.com\/de\/wp-json\/wp\/v2\/product\/6782\/revisions"}],"predecessor-version":[{"id":6785,"href":"https:\/\/kateteco.com\/de\/wp-json\/wp\/v2\/product\/6782\/revisions\/6785"}],"wp:featuredmedia":[{"embeddable":true,"href":"https:\/\/kateteco.com\/de\/wp-json\/wp\/v2\/media\/6783"}],"wp:attachment":[{"href":"https:\/\/kateteco.com\/de\/wp-json\/wp\/v2\/media?parent=6782"}],"wp:term":[{"taxonomy":"product_brand","embeddable":true,"href":"https:\/\/kateteco.com\/de\/wp-json\/wp\/v2\/product_brand?post=6782"},{"taxonomy":"product_cat","embeddable":true,"href":"https:\/\/kateteco.com\/de\/wp-json\/wp\/v2\/product_cat?post=6782"},{"taxonomy":"product_tag","embeddable":true,"href":"https:\/\/kateteco.com\/de\/wp-json\/wp\/v2\/product_tag?post=6782"}],"curies":[{"name":"wp","href":"https:\/\/api.w.org\/{rel}","templated":true}]}}