{"id":6794,"date":"2026-04-04T09:26:33","date_gmt":"2026-04-04T09:26:33","guid":{"rendered":"https:\/\/kateteco.com\/?post_type=product&#038;p=6794"},"modified":"2026-04-04T09:26:34","modified_gmt":"2026-04-04T09:26:34","slug":"hydraulic-control-valve-100x-16","status":"publish","type":"product","link":"https:\/\/kateteco.com\/de\/produkt\/hydraulic-control-valve-100x-16\/","title":{"rendered":"Hydrauliksteuerventil 100X-16"},"content":{"rendered":"<p>Wir bieten Ihnen eine pr\u00e4zise Produktauswahl, abgestimmt auf Ihre Gegebenheiten vor Ort, und finden die optimale L\u00f6sung f\u00fcr Ihre Bed\u00fcrfnisse. Bei Fragen stehen wir Ihnen gerne per WhatsApp oder E-Mail zur Verf\u00fcgung. Unser Kundenservice ist rund um die Uhr erreichbar.<\/p>","protected":false},"excerpt":{"rendered":"<p>Hydraulic control valve 100X-16. Automatically controls water pressure, flow, or level. Reliable and durable, ideal for water supply and fire protection systems.<\/p>","protected":false},"featured_media":6795,"comment_status":"open","ping_status":"closed","template":"","meta":[],"product_brand":[],"product_cat":[74,77],"product_tag":[],"class_list":{"0":"post-6794","1":"product","2":"type-product","3":"status-publish","4":"has-post-thumbnail","6":"product_cat-other-valves","7":"product_cat-filter","9":"first","10":"instock","11":"shipping-taxable","12":"product-type-simple"},"_links":{"self":[{"href":"https:\/\/kateteco.com\/de\/wp-json\/wp\/v2\/product\/6794","targetHints":{"allow":["GET"]}}],"collection":[{"href":"https:\/\/kateteco.com\/de\/wp-json\/wp\/v2\/product"}],"about":[{"href":"https:\/\/kateteco.com\/de\/wp-json\/wp\/v2\/types\/product"}],"replies":[{"embeddable":true,"href":"https:\/\/kateteco.com\/de\/wp-json\/wp\/v2\/comments?post=6794"}],"version-history":[{"count":2,"href":"https:\/\/kateteco.com\/de\/wp-json\/wp\/v2\/product\/6794\/revisions"}],"predecessor-version":[{"id":6798,"href":"https:\/\/kateteco.com\/de\/wp-json\/wp\/v2\/product\/6794\/revisions\/6798"}],"wp:featuredmedia":[{"embeddable":true,"href":"https:\/\/kateteco.com\/de\/wp-json\/wp\/v2\/media\/6795"}],"wp:attachment":[{"href":"https:\/\/kateteco.com\/de\/wp-json\/wp\/v2\/media?parent=6794"}],"wp:term":[{"taxonomy":"product_brand","embeddable":true,"href":"https:\/\/kateteco.com\/de\/wp-json\/wp\/v2\/product_brand?post=6794"},{"taxonomy":"product_cat","embeddable":true,"href":"https:\/\/kateteco.com\/de\/wp-json\/wp\/v2\/product_cat?post=6794"},{"taxonomy":"product_tag","embeddable":true,"href":"https:\/\/kateteco.com\/de\/wp-json\/wp\/v2\/product_tag?post=6794"}],"curies":[{"name":"wp","href":"https:\/\/api.w.org\/{rel}","templated":true}]}}